{"id":69,"date":"2022-06-08T18:24:45","date_gmt":"2022-06-08T16:24:45","guid":{"rendered":"https:\/\/www.pump-products.de\/?page_id=69"},"modified":"2023-07-28T11:44:40","modified_gmt":"2023-07-28T09:44:40","slug":"drehkolbenpumpen","status":"publish","type":"page","link":"https:\/\/www.pump-products.de\/fr\/produkte\/drehkolbenpumpen\/","title":{"rendered":"Pompes rotatives"},"content":{"rendered":"","protected":false},"excerpt":{"rendered":"","protected":false},"author":1,"featured_media":0,"parent":37,"menu_order":21,"comment_status":"closed","ping_status":"closed","template":"elementor_header_footer","meta":{"footnotes":""},"class_list":["post-69","page","type-page","status-publish","hentry"],"yoast_head":"<!-- This site is optimized with the Yoast SEO plugin v27.6 - https:\/\/yoast.com\/product\/yoast-seo-wordpress\/ -->\n<title>Drehkolbenpumpen - www.pump-products.de<\/title>\n<meta name=\"description\" content=\"Die ipp Premiumlobe Drehkolbenpumpe f\u00fcr anspruchsvolle Prozesse \u2013 Hygiene, Verschlei\u00dffreiheit und technisches Know-how vereint.\" \/>\n<meta name=\"robots\" content=\"index, follow, max-snippet:-1, max-image-preview:large, max-video-preview:-1\" \/>\n<link rel=\"canonical\" href=\"https:\/\/www.pump-products.de\/fr\/produkte\/drehkolbenpumpen\/\" \/>\n<meta property=\"og:locale\" content=\"fr_FR\" \/>\n<meta property=\"og:type\" content=\"article\" \/>\n<meta property=\"og:title\" content=\"Drehkolbenpumpen - www.pump-products.de\" \/>\n<meta property=\"og:description\" content=\"Die ipp Premiumlobe Drehkolbenpumpe f\u00fcr anspruchsvolle Prozesse \u2013 Hygiene, Verschlei\u00dffreiheit und technisches Know-how vereint.\" \/>\n<meta property=\"og:url\" content=\"https:\/\/www.pump-products.de\/fr\/produkte\/drehkolbenpumpen\/\" \/>\n<meta property=\"og:site_name\" content=\"www.pump-products.de\" \/>\n<meta property=\"article:modified_time\" content=\"2023-07-28T09:44:40+00:00\" \/>\n<meta name=\"twitter:card\" content=\"summary_large_image\" \/>\n<script type=\"application\/ld+json\" class=\"yoast-schema-graph\">{\"@context\":\"https:\\\/\\\/schema.org\",\"@graph\":[{\"@type\":\"WebPage\",\"@id\":\"https:\\\/\\\/www.pump-products.de\\\/produkte\\\/drehkolbenpumpen\\\/\",\"url\":\"https:\\\/\\\/www.pump-products.de\\\/produkte\\\/drehkolbenpumpen\\\/\",\"name\":\"Drehkolbenpumpen - www.pump-products.de\",\"isPartOf\":{\"@id\":\"https:\\\/\\\/www.pump-products.de\\\/#website\"},\"datePublished\":\"2022-06-08T16:24:45+00:00\",\"dateModified\":\"2023-07-28T09:44:40+00:00\",\"description\":\"Die ipp Premiumlobe Drehkolbenpumpe f\u00fcr anspruchsvolle Prozesse \u2013 Hygiene, Verschlei\u00dffreiheit und technisches Know-how vereint.\",\"breadcrumb\":{\"@id\":\"https:\\\/\\\/www.pump-products.de\\\/produkte\\\/drehkolbenpumpen\\\/#breadcrumb\"},\"inLanguage\":\"fr-FR\",\"potentialAction\":[{\"@type\":\"ReadAction\",\"target\":[\"https:\\\/\\\/www.pump-products.de\\\/produkte\\\/drehkolbenpumpen\\\/\"]}]},{\"@type\":\"BreadcrumbList\",\"@id\":\"https:\\\/\\\/www.pump-products.de\\\/produkte\\\/drehkolbenpumpen\\\/#breadcrumb\",\"itemListElement\":[{\"@type\":\"ListItem\",\"position\":1,\"name\":\"Home\",\"item\":\"https:\\\/\\\/www.pump-products.de\\\/\"},{\"@type\":\"ListItem\",\"position\":2,\"name\":\"Produkte\",\"item\":\"https:\\\/\\\/www.pump-products.de\\\/produkte\\\/\"},{\"@type\":\"ListItem\",\"position\":3,\"name\":\"Drehkolbenpumpen\"}]},{\"@type\":\"WebSite\",\"@id\":\"https:\\\/\\\/www.pump-products.de\\\/#website\",\"url\":\"https:\\\/\\\/www.pump-products.de\\\/\",\"name\":\"www.pump-products.de\",\"description\":\"iPP Pump Products GmbH - Pumpenl\u00f6sungen aus Bersenbr\u00fcck f\u00fcr Lebensmittel-, Kosmetik-, Chemietechnik f\u00fcr Deutschland\",\"publisher\":{\"@id\":\"https:\\\/\\\/www.pump-products.de\\\/#organization\"},\"potentialAction\":[{\"@type\":\"SearchAction\",\"target\":{\"@type\":\"EntryPoint\",\"urlTemplate\":\"https:\\\/\\\/www.pump-products.de\\\/?s={search_term_string}\"},\"query-input\":{\"@type\":\"PropertyValueSpecification\",\"valueRequired\":true,\"valueName\":\"search_term_string\"}}],\"inLanguage\":\"fr-FR\"},{\"@type\":\"Organization\",\"@id\":\"https:\\\/\\\/www.pump-products.de\\\/#organization\",\"name\":\"ipp Pump Products GmbH\",\"url\":\"https:\\\/\\\/www.pump-products.de\\\/\",\"logo\":{\"@type\":\"ImageObject\",\"inLanguage\":\"fr-FR\",\"@id\":\"https:\\\/\\\/www.pump-products.de\\\/#\\\/schema\\\/logo\\\/image\\\/\",\"url\":\"https:\\\/\\\/www.pump-products.de\\\/wp-content\\\/uploads\\\/2022\\\/06\\\/PSGIPP-1.svg\",\"contentUrl\":\"https:\\\/\\\/www.pump-products.de\\\/wp-content\\\/uploads\\\/2022\\\/06\\\/PSGIPP-1.svg\",\"width\":258,\"height\":100,\"caption\":\"ipp Pump Products GmbH\"},\"image\":{\"@id\":\"https:\\\/\\\/www.pump-products.de\\\/#\\\/schema\\\/logo\\\/image\\\/\"}}]}<\/script>\n<!-- \/ Yoast SEO plugin. -->","yoast_head_json":{"title":"Drehkolbenpumpen - www.pump-products.de","description":"Die ipp Premiumlobe Drehkolbenpumpe f\u00fcr anspruchsvolle Prozesse \u2013 Hygiene, Verschlei\u00dffreiheit und technisches Know-how vereint.","robots":{"index":"index","follow":"follow","max-snippet":"max-snippet:-1","max-image-preview":"max-image-preview:large","max-video-preview":"max-video-preview:-1"},"canonical":"https:\/\/www.pump-products.de\/fr\/produkte\/drehkolbenpumpen\/","og_locale":"fr_FR","og_type":"article","og_title":"Drehkolbenpumpen - www.pump-products.de","og_description":"Die ipp Premiumlobe Drehkolbenpumpe f\u00fcr anspruchsvolle Prozesse \u2013 Hygiene, Verschlei\u00dffreiheit und technisches Know-how vereint.","og_url":"https:\/\/www.pump-products.de\/fr\/produkte\/drehkolbenpumpen\/","og_site_name":"www.pump-products.de","article_modified_time":"2023-07-28T09:44:40+00:00","twitter_card":"summary_large_image","schema":{"@context":"https:\/\/schema.org","@graph":[{"@type":"WebPage","@id":"https:\/\/www.pump-products.de\/produkte\/drehkolbenpumpen\/","url":"https:\/\/www.pump-products.de\/produkte\/drehkolbenpumpen\/","name":"Drehkolbenpumpen - www.pump-products.de","isPartOf":{"@id":"https:\/\/www.pump-products.de\/#website"},"datePublished":"2022-06-08T16:24:45+00:00","dateModified":"2023-07-28T09:44:40+00:00","description":"Die ipp Premiumlobe Drehkolbenpumpe f\u00fcr anspruchsvolle Prozesse \u2013 Hygiene, Verschlei\u00dffreiheit und technisches Know-how vereint.","breadcrumb":{"@id":"https:\/\/www.pump-products.de\/produkte\/drehkolbenpumpen\/#breadcrumb"},"inLanguage":"fr-FR","potentialAction":[{"@type":"ReadAction","target":["https:\/\/www.pump-products.de\/produkte\/drehkolbenpumpen\/"]}]},{"@type":"BreadcrumbList","@id":"https:\/\/www.pump-products.de\/produkte\/drehkolbenpumpen\/#breadcrumb","itemListElement":[{"@type":"ListItem","position":1,"name":"Home","item":"https:\/\/www.pump-products.de\/"},{"@type":"ListItem","position":2,"name":"Produkte","item":"https:\/\/www.pump-products.de\/produkte\/"},{"@type":"ListItem","position":3,"name":"Drehkolbenpumpen"}]},{"@type":"WebSite","@id":"https:\/\/www.pump-products.de\/#website","url":"https:\/\/www.pump-products.de\/","name":"www.pump-products.de","description":"iPP Pump Products GmbH - Pumpenl\u00f6sungen aus Bersenbr\u00fcck f\u00fcr Lebensmittel-, Kosmetik-, Chemietechnik f\u00fcr Deutschland","publisher":{"@id":"https:\/\/www.pump-products.de\/#organization"},"potentialAction":[{"@type":"SearchAction","target":{"@type":"EntryPoint","urlTemplate":"https:\/\/www.pump-products.de\/?s={search_term_string}"},"query-input":{"@type":"PropertyValueSpecification","valueRequired":true,"valueName":"search_term_string"}}],"inLanguage":"fr-FR"},{"@type":"Organization","@id":"https:\/\/www.pump-products.de\/#organization","name":"ipp Pump Products GmbH","url":"https:\/\/www.pump-products.de\/","logo":{"@type":"ImageObject","inLanguage":"fr-FR","@id":"https:\/\/www.pump-products.de\/#\/schema\/logo\/image\/","url":"https:\/\/www.pump-products.de\/wp-content\/uploads\/2022\/06\/PSGIPP-1.svg","contentUrl":"https:\/\/www.pump-products.de\/wp-content\/uploads\/2022\/06\/PSGIPP-1.svg","width":258,"height":100,"caption":"ipp Pump Products GmbH"},"image":{"@id":"https:\/\/www.pump-products.de\/#\/schema\/logo\/image\/"}}]}},"_links":{"self":[{"href":"https:\/\/www.pump-products.de\/fr\/wp-json\/wp\/v2\/pages\/69","targetHints":{"allow":["GET"]}}],"collection":[{"href":"https:\/\/www.pump-products.de\/fr\/wp-json\/wp\/v2\/pages"}],"about":[{"href":"https:\/\/www.pump-products.de\/fr\/wp-json\/wp\/v2\/types\/page"}],"author":[{"embeddable":true,"href":"https:\/\/www.pump-products.de\/fr\/wp-json\/wp\/v2\/users\/1"}],"replies":[{"embeddable":true,"href":"https:\/\/www.pump-products.de\/fr\/wp-json\/wp\/v2\/comments?post=69"}],"version-history":[{"count":1,"href":"https:\/\/www.pump-products.de\/fr\/wp-json\/wp\/v2\/pages\/69\/revisions"}],"predecessor-version":[{"id":70,"href":"https:\/\/www.pump-products.de\/fr\/wp-json\/wp\/v2\/pages\/69\/revisions\/70"}],"up":[{"embeddable":true,"href":"https:\/\/www.pump-products.de\/fr\/wp-json\/wp\/v2\/pages\/37"}],"wp:attachment":[{"href":"https:\/\/www.pump-products.de\/fr\/wp-json\/wp\/v2\/media?parent=69"}],"curies":[{"name":"wp","href":"https:\/\/api.w.org\/{rel}","templated":true}]}}