{"id":6159,"date":"2023-06-13T10:31:34","date_gmt":"2023-06-13T08:31:34","guid":{"rendered":"https:\/\/www.pump-products.de\/?page_id=6159"},"modified":"2025-09-18T09:53:46","modified_gmt":"2025-09-18T07:53:46","slug":"werkstudent","status":"publish","type":"page","link":"https:\/\/www.pump-products.de\/fr\/unternehmen\/werkstudent\/","title":{"rendered":"Werkstudent"},"content":{"rendered":"<div data-elementor-type=\"wp-page\" data-elementor-id=\"6159\" class=\"elementor elementor-6159\" data-elementor-post-type=\"page\">\n\t\t\t\t\t\t<section class=\"elementor-section elementor-top-section elementor-element elementor-element-39dfbea6 elementor-section-height-min-height elementor-section-items-bottom elementor-section-boxed elementor-section-height-default\" data-id=\"39dfbea6\" data-element_type=\"section\" data-e-type=\"section\" data-settings=\"{&quot;background_background&quot;:&quot;classic&quot;}\">\n\t\t\t\t\t\t\t<div class=\"elementor-background-overlay\"><\/div>\n\t\t\t\t\t\t\t<div class=\"elementor-container elementor-column-gap-default\">\n\t\t\t\t\t<div class=\"elementor-column elementor-col-100 elementor-top-column elementor-element elementor-element-923f6f\" data-id=\"923f6f\" data-element_type=\"column\" data-e-type=\"column\" data-settings=\"{&quot;background_background&quot;:&quot;classic&quot;}\">\n\t\t\t<div class=\"elementor-widget-wrap elementor-element-populated\">\n\t\t\t\t\t\t<div class=\"elementor-element elementor-element-184df433 elementor-widget elementor-widget-heading\" data-id=\"184df433\" data-element_type=\"widget\" data-e-type=\"widget\" data-widget_type=\"heading.default\">\n\t\t\t\t<div class=\"elementor-widget-container\">\n\t\t\t\t\t<h2 class=\"elementor-heading-title elementor-size-default\">Werkstudent:in<\/br> Dateneinpflege zur Umstellung auf ein neues Warenwirtschaftssystem<\/h2>\t\t\t\t<\/div>\n\t\t\t\t<\/div>\n\t\t\t\t\t<\/div>\n\t\t<\/div>\n\t\t\t\t\t<\/div>\n\t\t<\/section>\n\t\t\t\t<section class=\"elementor-section elementor-top-section elementor-element elementor-element-39d90d76 elementor-section-boxed elementor-section-height-default elementor-section-height-default\" data-id=\"39d90d76\" data-element_type=\"section\" data-e-type=\"section\">\n\t\t\t\t\t\t<div class=\"elementor-container elementor-column-gap-default\">\n\t\t\t\t\t<div class=\"elementor-column elementor-col-100 elementor-top-column elementor-element elementor-element-d4f9aa\" data-id=\"d4f9aa\" data-element_type=\"column\" data-e-type=\"column\">\n\t\t\t<div class=\"elementor-widget-wrap elementor-element-populated\">\n\t\t\t\t\t\t<div class=\"elementor-element elementor-element-3520d1fc elementor-widget elementor-widget-heading\" data-id=\"3520d1fc\" data-element_type=\"widget\" data-e-type=\"widget\" data-widget_type=\"heading.default\">\n\t\t\t\t<div class=\"elementor-widget-container\">\n\t\t\t\t\t<h1 class=\"elementor-heading-title elementor-size-default\">Werkstudent:in (m\/w\/d) <br \/>\nDateneinpflege zur Umstellung auf ein neues Warenwirtschaftssystem<\/h1>\t\t\t\t<\/div>\n\t\t\t\t<\/div>\n\t\t\t\t<div class=\"elementor-element elementor-element-4d291e2c elementor-widget elementor-widget-text-editor\" data-id=\"4d291e2c\" data-element_type=\"widget\" data-e-type=\"widget\" data-widget_type=\"text-editor.default\">\n\t\t\t\t<div class=\"elementor-widget-container\">\n\t\t\t\t\t\t\t\t\t<p>Excel ist kein Problem f\u00fcr dich? Dann bist du bei uns genau richtig!<\/p><p>Wir suchen einen Werkstudenten, der uns bei der Umstellung auf ein neues Warenwirtschaftssystem unterst\u00fctzt. Deine Hauptaufgabe ist das \u00dcbertragen der vorhandenen Daten unseres bestehenden Warenwirtschaftssystems in Excel.<\/p><p>\u00a0<\/p><p><strong>Das erwartet dich:<\/strong><\/p><p>Die eigenst\u00e4ndige Arbeit an einem Projekt, welches enorm wichtig f\u00fcr den Arbeitsalltag unsere B\u00fcro-Teams ist. Hierbei bist du nat\u00fcrlich nicht ganz allein, sondern das gesamte ipp Team steht dir mit Rat und Tat zur Seite.<br \/>Gute (Team-) Arbeit wird bei ipp wertgesch\u00e4tzt \u2013 daher erh\u00e4ltst du nat\u00fcrlich eine angemessene Bezahlung und ein eingeschwei\u00dftes Team an deiner Seite, dass sich darauf freut dich kennenzulernen.<\/p><p>\u00a0<\/p><p><strong>Das \u00fcberzeugt uns:<\/strong><\/p><p>Eine strukturierte und selbstst\u00e4ndige Arbeitsweise ist bei uns nicht nur erw\u00fcnscht, sondern wird von jedem Teammitglied gelebt, daher ein absolutes Must-have!<br \/>Ein sicherer Umgang mit allen MS-Office Programmen \u2013 insbesondere Excel. Motivation \u2013 Organisation \u2013 Engagement<\/p><p>\u00a0<\/p><p><strong>Wissenswertes:<\/strong><\/p><p>Dein voll ausgestatteter Arbeitsplatz wartet bei der Firma ipp Pump Products GmbH,<br \/>Feldm\u00fchlenweg 06-10 in 49593 Bersenbr\u00fcck auf dich.<\/p><p>Wasser, Kaffee oder Tee? Bekommst du bei uns selbstverst\u00e4ndlich kostenlos.<br \/>Hier kommt niemand zu kurz: Auch f\u00fcr dich gibt es jeden Monat eine 50\u20ac EdenRed-Guthabenkarte on top!<\/p><p>\u00a0<\/p><p>Jetzt fehlt nur noch deine kurze Bewerbung \u2013 diese schickst du an Frau Sandra Straub | <a href=\"mailto:SStraub@pump-products.de\">SStraub@pump-products.de<\/a> <br \/>oder rufst einfach an unter 05439 \u2013 80 921 21.<\/p>\t\t\t\t\t\t\t\t<\/div>\n\t\t\t\t<\/div>\n\t\t\t\t\t<\/div>\n\t\t<\/div>\n\t\t\t\t\t<\/div>\n\t\t<\/section>\n\t\t\t\t<section class=\"elementor-section elementor-top-section elementor-element elementor-element-70aa0e03 elementor-section-content-middle elementor-section-boxed elementor-section-height-default elementor-section-height-default\" data-id=\"70aa0e03\" data-element_type=\"section\" data-e-type=\"section\" data-settings=\"{&quot;background_background&quot;:&quot;classic&quot;}\">\n\t\t\t\t\t\t<div class=\"elementor-container elementor-column-gap-no\">\n\t\t\t\t\t<div class=\"elementor-column elementor-col-50 elementor-top-column elementor-element elementor-element-46d30d61\" data-id=\"46d30d61\" data-element_type=\"column\" data-e-type=\"column\">\n\t\t\t<div class=\"elementor-widget-wrap elementor-element-populated\">\n\t\t\t\t\t\t<div class=\"elementor-element elementor-element-3fb6de69 elementor-widget elementor-widget-image\" data-id=\"3fb6de69\" data-element_type=\"widget\" data-e-type=\"widget\" data-widget_type=\"image.default\">\n\t\t\t\t<div class=\"elementor-widget-container\">\n\t\t\t\t\t\t\t\t\t\t\t\t\t\t\t<img fetchpriority=\"high\" decoding=\"async\" width=\"300\" height=\"200\" src=\"https:\/\/www.pump-products.de\/wp-content\/uploads\/2023\/11\/MG_1227.jpg\" class=\"attachment-medium size-medium wp-image-7590\" alt=\"Sandra Straub Assistentin der Gesch\u00e4ftsleitung\" srcset=\"https:\/\/www.pump-products.de\/wp-content\/uploads\/2023\/11\/MG_1227.jpg 300w, https:\/\/www.pump-products.de\/wp-content\/uploads\/2023\/11\/MG_1227-18x12.jpg 18w\" sizes=\"(max-width: 300px) 100vw, 300px\" \/>\t\t\t\t\t\t\t\t\t\t\t\t\t\t\t<\/div>\n\t\t\t\t<\/div>\n\t\t\t\t\t<\/div>\n\t\t<\/div>\n\t\t\t\t<div class=\"elementor-column elementor-col-50 elementor-top-column elementor-element elementor-element-2cdb9103\" data-id=\"2cdb9103\" data-element_type=\"column\" data-e-type=\"column\">\n\t\t\t<div class=\"elementor-widget-wrap elementor-element-populated\">\n\t\t\t\t\t\t<div class=\"elementor-element elementor-element-3036215 elementor-widget elementor-widget-heading\" data-id=\"3036215\" data-element_type=\"widget\" data-e-type=\"widget\" data-widget_type=\"heading.default\">\n\t\t\t\t<div class=\"elementor-widget-container\">\n\t\t\t\t\t<h5 class=\"elementor-heading-title elementor-size-default\">Votre contact<\/h5>\t\t\t\t<\/div>\n\t\t\t\t<\/div>\n\t\t\t\t<div class=\"elementor-element elementor-element-6cf63ab0 elementor-widget elementor-widget-text-editor\" data-id=\"6cf63ab0\" data-element_type=\"widget\" data-e-type=\"widget\" data-widget_type=\"text-editor.default\">\n\t\t\t\t<div class=\"elementor-widget-container\">\n\t\t\t\t\t\t\t\t\t<p><strong>Sandra\u00a0Straub<\/strong><br \/>Assistante de direction<br \/><a href=\"tel:+49 5439 80921-0\"><strong>+49 5439 80921-0<\/strong><\/a><\/p>\t\t\t\t\t\t\t\t<\/div>\n\t\t\t\t<\/div>\n\t\t\t\t\t<\/div>\n\t\t<\/div>\n\t\t\t\t\t<\/div>\n\t\t<\/section>\n\t\t\t\t<section class=\"elementor-section elementor-top-section elementor-element elementor-element-a8a2502 elementor-section-height-min-height elementor-section-content-middle elementor-section-boxed elementor-section-height-default elementor-section-items-middle\" data-id=\"a8a2502\" data-element_type=\"section\" data-e-type=\"section\" data-settings=\"{&quot;background_background&quot;:&quot;classic&quot;,&quot;shape_divider_top&quot;:&quot;arrow&quot;}\">\n\t\t\t\t\t<div class=\"elementor-shape elementor-shape-top\" aria-hidden=\"true\" data-negative=\"false\">\n\t\t\t<svg xmlns=\"http:\/\/www.w3.org\/2000\/svg\" viewbox=\"0 0 700 10\" preserveaspectratio=\"none\">\n\t<path class=\"elementor-shape-fill\" d=\"M350,10L340,0h20L350,10z\"\/>\n<\/svg>\t\t<\/div>\n\t\t\t\t\t<div class=\"elementor-container elementor-column-gap-no\">\n\t\t\t\t\t<div class=\"elementor-column elementor-col-100 elementor-top-column elementor-element elementor-element-5f192f6\" data-id=\"5f192f6\" data-element_type=\"column\" data-e-type=\"column\">\n\t\t\t<div class=\"elementor-widget-wrap elementor-element-populated\">\n\t\t\t\t\t\t<div class=\"elementor-element elementor-element-a5778fc elementor-widget elementor-widget-text-editor\" data-id=\"a5778fc\" data-element_type=\"widget\" data-e-type=\"widget\" data-widget_type=\"text-editor.default\">\n\t\t\t\t<div class=\"elementor-widget-container\">\n\t\t\t\t\t\t\t\t\t<p>Sandra\u00a0Straub<a href=\"tel:+49 5439 80921-0\"> <span style=\"text-decoration: underline;\">appeler directement.<\/span><\/a><\/p>\t\t\t\t\t\t\t\t<\/div>\n\t\t\t\t<\/div>\n\t\t\t\t\t<\/div>\n\t\t<\/div>\n\t\t\t\t\t<\/div>\n\t\t<\/section>\n\t\t\t\t<\/div>","protected":false},"excerpt":{"rendered":"<p>Werkstudent:in Dateneinpflege zur Umstellung auf ein neues Warenwirtschaftssystem Werkstudent:in (m\/w\/d) Dateneinpflege zur Umstellung auf ein neues Warenwirtschaftssystem Excel ist kein Problem f\u00fcr dich? Dann bist du bei uns genau richtig! Wir suchen einen Werkstudenten, der uns bei der Umstellung auf ein neues Warenwirtschaftssystem unterst\u00fctzt. Deine Hauptaufgabe ist das \u00dcbertragen der vorhandenen Daten unseres bestehenden Warenwirtschaftssystems [&hellip;]<\/p>\n","protected":false},"author":1,"featured_media":0,"parent":35,"menu_order":13,"comment_status":"closed","ping_status":"closed","template":"elementor_header_footer","meta":{"footnotes":""},"class_list":["post-6159","page","type-page","status-publish","hentry"],"yoast_head":"<!-- This site is optimized with the Yoast SEO plugin v27.3 - https:\/\/yoast.com\/product\/yoast-seo-wordpress\/ -->\n<title>Werkstudent - www.pump-products.de<\/title>\n<meta name=\"robots\" content=\"index, follow, max-snippet:-1, max-image-preview:large, max-video-preview:-1\" \/>\n<link rel=\"canonical\" href=\"https:\/\/www.pump-products.de\/fr\/unternehmen\/werkstudent\/\" \/>\n<meta property=\"og:locale\" content=\"fr_FR\" \/>\n<meta property=\"og:type\" content=\"article\" \/>\n<meta property=\"og:title\" content=\"Werkstudent - www.pump-products.de\" \/>\n<meta property=\"og:description\" content=\"Werkstudent:in Dateneinpflege zur Umstellung auf ein neues Warenwirtschaftssystem Werkstudent:in (m\/w\/d) Dateneinpflege zur Umstellung auf ein neues Warenwirtschaftssystem Excel ist kein Problem f\u00fcr dich? Dann bist du bei uns genau richtig! Wir suchen einen Werkstudenten, der uns bei der Umstellung auf ein neues Warenwirtschaftssystem unterst\u00fctzt. Deine Hauptaufgabe ist das \u00dcbertragen der vorhandenen Daten unseres bestehenden Warenwirtschaftssystems [&hellip;]\" \/>\n<meta property=\"og:url\" content=\"https:\/\/www.pump-products.de\/fr\/unternehmen\/werkstudent\/\" \/>\n<meta property=\"og:site_name\" content=\"www.pump-products.de\" \/>\n<meta property=\"article:modified_time\" content=\"2025-09-18T07:53:46+00:00\" \/>\n<meta property=\"og:image\" content=\"https:\/\/www.pump-products.de\/wp-content\/uploads\/2023\/11\/MG_1227.jpg\" \/>\n\t<meta property=\"og:image:width\" content=\"300\" \/>\n\t<meta property=\"og:image:height\" content=\"200\" \/>\n\t<meta property=\"og:image:type\" content=\"image\/jpeg\" \/>\n<meta name=\"twitter:card\" content=\"summary_large_image\" \/>\n<meta name=\"twitter:label1\" content=\"Dur\u00e9e de lecture estim\u00e9e\" \/>\n\t<meta name=\"twitter:data1\" content=\"2 minutes\" \/>\n<script type=\"application\/ld+json\" class=\"yoast-schema-graph\">{\"@context\":\"https:\\\/\\\/schema.org\",\"@graph\":[{\"@type\":\"WebPage\",\"@id\":\"https:\\\/\\\/www.pump-products.de\\\/unternehmen\\\/werkstudent\\\/\",\"url\":\"https:\\\/\\\/www.pump-products.de\\\/unternehmen\\\/werkstudent\\\/\",\"name\":\"Werkstudent - www.pump-products.de\",\"isPartOf\":{\"@id\":\"https:\\\/\\\/www.pump-products.de\\\/#website\"},\"primaryImageOfPage\":{\"@id\":\"https:\\\/\\\/www.pump-products.de\\\/unternehmen\\\/werkstudent\\\/#primaryimage\"},\"image\":{\"@id\":\"https:\\\/\\\/www.pump-products.de\\\/unternehmen\\\/werkstudent\\\/#primaryimage\"},\"thumbnailUrl\":\"https:\\\/\\\/www.pump-products.de\\\/wp-content\\\/uploads\\\/2023\\\/11\\\/MG_1227.jpg\",\"datePublished\":\"2023-06-13T08:31:34+00:00\",\"dateModified\":\"2025-09-18T07:53:46+00:00\",\"breadcrumb\":{\"@id\":\"https:\\\/\\\/www.pump-products.de\\\/unternehmen\\\/werkstudent\\\/#breadcrumb\"},\"inLanguage\":\"fr-FR\",\"potentialAction\":[{\"@type\":\"ReadAction\",\"target\":[\"https:\\\/\\\/www.pump-products.de\\\/unternehmen\\\/werkstudent\\\/\"]}]},{\"@type\":\"ImageObject\",\"inLanguage\":\"fr-FR\",\"@id\":\"https:\\\/\\\/www.pump-products.de\\\/unternehmen\\\/werkstudent\\\/#primaryimage\",\"url\":\"https:\\\/\\\/www.pump-products.de\\\/wp-content\\\/uploads\\\/2023\\\/11\\\/MG_1227.jpg\",\"contentUrl\":\"https:\\\/\\\/www.pump-products.de\\\/wp-content\\\/uploads\\\/2023\\\/11\\\/MG_1227.jpg\"},{\"@type\":\"BreadcrumbList\",\"@id\":\"https:\\\/\\\/www.pump-products.de\\\/unternehmen\\\/werkstudent\\\/#breadcrumb\",\"itemListElement\":[{\"@type\":\"ListItem\",\"position\":1,\"name\":\"Home\",\"item\":\"https:\\\/\\\/www.pump-products.de\\\/\"},{\"@type\":\"ListItem\",\"position\":2,\"name\":\"Unternehmen\",\"item\":\"https:\\\/\\\/www.pump-products.de\\\/unternehmen\\\/\"},{\"@type\":\"ListItem\",\"position\":3,\"name\":\"Werkstudent\"}]},{\"@type\":\"WebSite\",\"@id\":\"https:\\\/\\\/www.pump-products.de\\\/#website\",\"url\":\"https:\\\/\\\/www.pump-products.de\\\/\",\"name\":\"www.pump-products.de\",\"description\":\"iPP Pump Products GmbH - Pumpenl\u00f6sungen aus Bersenbr\u00fcck f\u00fcr Lebensmittel-, Kosmetik-, Chemietechnik f\u00fcr Deutschland\",\"publisher\":{\"@id\":\"https:\\\/\\\/www.pump-products.de\\\/#organization\"},\"potentialAction\":[{\"@type\":\"SearchAction\",\"target\":{\"@type\":\"EntryPoint\",\"urlTemplate\":\"https:\\\/\\\/www.pump-products.de\\\/?s={search_term_string}\"},\"query-input\":{\"@type\":\"PropertyValueSpecification\",\"valueRequired\":true,\"valueName\":\"search_term_string\"}}],\"inLanguage\":\"fr-FR\"},{\"@type\":\"Organization\",\"@id\":\"https:\\\/\\\/www.pump-products.de\\\/#organization\",\"name\":\"ipp Pump Products GmbH\",\"url\":\"https:\\\/\\\/www.pump-products.de\\\/\",\"logo\":{\"@type\":\"ImageObject\",\"inLanguage\":\"fr-FR\",\"@id\":\"https:\\\/\\\/www.pump-products.de\\\/#\\\/schema\\\/logo\\\/image\\\/\",\"url\":\"https:\\\/\\\/www.pump-products.de\\\/wp-content\\\/uploads\\\/2022\\\/06\\\/PSGIPP-1.svg\",\"contentUrl\":\"https:\\\/\\\/www.pump-products.de\\\/wp-content\\\/uploads\\\/2022\\\/06\\\/PSGIPP-1.svg\",\"width\":258,\"height\":100,\"caption\":\"ipp Pump Products GmbH\"},\"image\":{\"@id\":\"https:\\\/\\\/www.pump-products.de\\\/#\\\/schema\\\/logo\\\/image\\\/\"}}]}<\/script>\n<!-- \/ Yoast SEO plugin. -->","yoast_head_json":{"title":"Werkstudent - www.pump-products.de","robots":{"index":"index","follow":"follow","max-snippet":"max-snippet:-1","max-image-preview":"max-image-preview:large","max-video-preview":"max-video-preview:-1"},"canonical":"https:\/\/www.pump-products.de\/fr\/unternehmen\/werkstudent\/","og_locale":"fr_FR","og_type":"article","og_title":"Werkstudent - www.pump-products.de","og_description":"Werkstudent:in Dateneinpflege zur Umstellung auf ein neues Warenwirtschaftssystem Werkstudent:in (m\/w\/d) Dateneinpflege zur Umstellung auf ein neues Warenwirtschaftssystem Excel ist kein Problem f\u00fcr dich? Dann bist du bei uns genau richtig! Wir suchen einen Werkstudenten, der uns bei der Umstellung auf ein neues Warenwirtschaftssystem unterst\u00fctzt. Deine Hauptaufgabe ist das \u00dcbertragen der vorhandenen Daten unseres bestehenden Warenwirtschaftssystems [&hellip;]","og_url":"https:\/\/www.pump-products.de\/fr\/unternehmen\/werkstudent\/","og_site_name":"www.pump-products.de","article_modified_time":"2025-09-18T07:53:46+00:00","og_image":[{"width":300,"height":200,"url":"https:\/\/www.pump-products.de\/wp-content\/uploads\/2023\/11\/MG_1227.jpg","type":"image\/jpeg"}],"twitter_card":"summary_large_image","twitter_misc":{"Dur\u00e9e de lecture estim\u00e9e":"2 minutes"},"schema":{"@context":"https:\/\/schema.org","@graph":[{"@type":"WebPage","@id":"https:\/\/www.pump-products.de\/unternehmen\/werkstudent\/","url":"https:\/\/www.pump-products.de\/unternehmen\/werkstudent\/","name":"Werkstudent - www.pump-products.de","isPartOf":{"@id":"https:\/\/www.pump-products.de\/#website"},"primaryImageOfPage":{"@id":"https:\/\/www.pump-products.de\/unternehmen\/werkstudent\/#primaryimage"},"image":{"@id":"https:\/\/www.pump-products.de\/unternehmen\/werkstudent\/#primaryimage"},"thumbnailUrl":"https:\/\/www.pump-products.de\/wp-content\/uploads\/2023\/11\/MG_1227.jpg","datePublished":"2023-06-13T08:31:34+00:00","dateModified":"2025-09-18T07:53:46+00:00","breadcrumb":{"@id":"https:\/\/www.pump-products.de\/unternehmen\/werkstudent\/#breadcrumb"},"inLanguage":"fr-FR","potentialAction":[{"@type":"ReadAction","target":["https:\/\/www.pump-products.de\/unternehmen\/werkstudent\/"]}]},{"@type":"ImageObject","inLanguage":"fr-FR","@id":"https:\/\/www.pump-products.de\/unternehmen\/werkstudent\/#primaryimage","url":"https:\/\/www.pump-products.de\/wp-content\/uploads\/2023\/11\/MG_1227.jpg","contentUrl":"https:\/\/www.pump-products.de\/wp-content\/uploads\/2023\/11\/MG_1227.jpg"},{"@type":"BreadcrumbList","@id":"https:\/\/www.pump-products.de\/unternehmen\/werkstudent\/#breadcrumb","itemListElement":[{"@type":"ListItem","position":1,"name":"Home","item":"https:\/\/www.pump-products.de\/"},{"@type":"ListItem","position":2,"name":"Unternehmen","item":"https:\/\/www.pump-products.de\/unternehmen\/"},{"@type":"ListItem","position":3,"name":"Werkstudent"}]},{"@type":"WebSite","@id":"https:\/\/www.pump-products.de\/#website","url":"https:\/\/www.pump-products.de\/","name":"www.pump-products.de","description":"iPP Pump Products GmbH - Pumpenl\u00f6sungen aus Bersenbr\u00fcck f\u00fcr Lebensmittel-, Kosmetik-, Chemietechnik f\u00fcr Deutschland","publisher":{"@id":"https:\/\/www.pump-products.de\/#organization"},"potentialAction":[{"@type":"SearchAction","target":{"@type":"EntryPoint","urlTemplate":"https:\/\/www.pump-products.de\/?s={search_term_string}"},"query-input":{"@type":"PropertyValueSpecification","valueRequired":true,"valueName":"search_term_string"}}],"inLanguage":"fr-FR"},{"@type":"Organization","@id":"https:\/\/www.pump-products.de\/#organization","name":"ipp Pump Products GmbH","url":"https:\/\/www.pump-products.de\/","logo":{"@type":"ImageObject","inLanguage":"fr-FR","@id":"https:\/\/www.pump-products.de\/#\/schema\/logo\/image\/","url":"https:\/\/www.pump-products.de\/wp-content\/uploads\/2022\/06\/PSGIPP-1.svg","contentUrl":"https:\/\/www.pump-products.de\/wp-content\/uploads\/2022\/06\/PSGIPP-1.svg","width":258,"height":100,"caption":"ipp Pump Products GmbH"},"image":{"@id":"https:\/\/www.pump-products.de\/#\/schema\/logo\/image\/"}}]}},"_links":{"self":[{"href":"https:\/\/www.pump-products.de\/fr\/wp-json\/wp\/v2\/pages\/6159","targetHints":{"allow":["GET"]}}],"collection":[{"href":"https:\/\/www.pump-products.de\/fr\/wp-json\/wp\/v2\/pages"}],"about":[{"href":"https:\/\/www.pump-products.de\/fr\/wp-json\/wp\/v2\/types\/page"}],"author":[{"embeddable":true,"href":"https:\/\/www.pump-products.de\/fr\/wp-json\/wp\/v2\/users\/1"}],"replies":[{"embeddable":true,"href":"https:\/\/www.pump-products.de\/fr\/wp-json\/wp\/v2\/comments?post=6159"}],"version-history":[{"count":10,"href":"https:\/\/www.pump-products.de\/fr\/wp-json\/wp\/v2\/pages\/6159\/revisions"}],"predecessor-version":[{"id":16509,"href":"https:\/\/www.pump-products.de\/fr\/wp-json\/wp\/v2\/pages\/6159\/revisions\/16509"}],"up":[{"embeddable":true,"href":"https:\/\/www.pump-products.de\/fr\/wp-json\/wp\/v2\/pages\/35"}],"wp:attachment":[{"href":"https:\/\/www.pump-products.de\/fr\/wp-json\/wp\/v2\/media?parent=6159"}],"curies":[{"name":"wp","href":"https:\/\/api.w.org\/{rel}","templated":true}]}}