{"id":6089,"date":"2023-05-31T15:57:19","date_gmt":"2023-05-31T13:57:19","guid":{"rendered":"https:\/\/www.pump-products.de\/?page_id=6089"},"modified":"2026-01-15T10:19:55","modified_gmt":"2026-01-15T09:19:55","slug":"monteur-in-bersenbrueck","status":"publish","type":"page","link":"https:\/\/www.pump-products.de\/fr\/unternehmen\/monteur-in-bersenbrueck\/","title":{"rendered":"Monteur:in in Bersenbr\u00fcck"},"content":{"rendered":"<div data-elementor-type=\"wp-page\" data-elementor-id=\"6089\" class=\"elementor elementor-6089\" data-elementor-post-type=\"page\">\n\t\t\t\t\t\t<section class=\"elementor-section elementor-top-section elementor-element elementor-element-39dfbea6 elementor-section-height-min-height elementor-section-items-bottom elementor-section-boxed elementor-section-height-default\" data-id=\"39dfbea6\" data-element_type=\"section\" data-e-type=\"section\" data-settings=\"{&quot;background_background&quot;:&quot;classic&quot;}\">\n\t\t\t\t\t\t\t<div class=\"elementor-background-overlay\"><\/div>\n\t\t\t\t\t\t\t<div class=\"elementor-container elementor-column-gap-default\">\n\t\t\t\t\t<div class=\"elementor-column elementor-col-100 elementor-top-column elementor-element elementor-element-923f6f\" data-id=\"923f6f\" data-element_type=\"column\" data-e-type=\"column\" data-settings=\"{&quot;background_background&quot;:&quot;classic&quot;}\">\n\t\t\t<div class=\"elementor-widget-wrap elementor-element-populated\">\n\t\t\t\t\t\t<div class=\"elementor-element elementor-element-184df433 elementor-widget elementor-widget-heading\" data-id=\"184df433\" data-element_type=\"widget\" data-e-type=\"widget\" data-widget_type=\"heading.default\">\n\t\t\t\t<div class=\"elementor-widget-container\">\n\t\t\t\t\t<h2 class=\"elementor-heading-title elementor-size-default\">Job als Monteur:in<\/br>Schwerpunkt Maschinenbau in Bersenbr\u00fcck<\/h2>\t\t\t\t<\/div>\n\t\t\t\t<\/div>\n\t\t\t\t\t<\/div>\n\t\t<\/div>\n\t\t\t\t\t<\/div>\n\t\t<\/section>\n\t\t\t\t<section class=\"elementor-section elementor-top-section elementor-element elementor-element-39d90d76 elementor-section-boxed elementor-section-height-default elementor-section-height-default\" data-id=\"39d90d76\" data-element_type=\"section\" data-e-type=\"section\">\n\t\t\t\t\t\t<div class=\"elementor-container elementor-column-gap-default\">\n\t\t\t\t\t<div class=\"elementor-column elementor-col-100 elementor-top-column elementor-element elementor-element-d4f9aa\" data-id=\"d4f9aa\" data-element_type=\"column\" data-e-type=\"column\">\n\t\t\t<div class=\"elementor-widget-wrap elementor-element-populated\">\n\t\t\t\t\t\t<div class=\"elementor-element elementor-element-3520d1fc elementor-widget elementor-widget-heading\" data-id=\"3520d1fc\" data-element_type=\"widget\" data-e-type=\"widget\" data-widget_type=\"heading.default\">\n\t\t\t\t<div class=\"elementor-widget-container\">\n\t\t\t\t\t<h1 class=\"elementor-heading-title elementor-size-default\">Monteur:in (m\/w\/d)<\/h1>\t\t\t\t<\/div>\n\t\t\t\t<\/div>\n\t\t\t\t<div class=\"elementor-element elementor-element-4d291e2c elementor-widget elementor-widget-text-editor\" data-id=\"4d291e2c\" data-element_type=\"widget\" data-e-type=\"widget\" data-widget_type=\"text-editor.default\">\n\t\t\t\t<div class=\"elementor-widget-container\">\n\t\t\t\t\t\t\t\t\t<p>Wir sind der technologisch f\u00fchrende Hersteller von Drehkolbenpumpen. Unsere Premium-Produkte sind weltweit im Einsatz. Wir verschaffen unseren Kunden den entscheidenden Vorsprung zum Erfolg \u2013 und auch f\u00fcr unser Team ist uns wichtig, Potentiale zu sehen und zu f\u00f6rdern.<\/p><p>Nous te cherchons en tant que<br \/><strong>Monteur:in (m\/w\/d)<\/strong><\/p><p>Lieu de travail :<br \/>Bersenbr\u00fcck<\/p><p>Temps de travail :<br \/>Temps plein (40 heures\/semaine)<\/p><p>Date d'entr\u00e9e :<br \/>\u00e0 partir de maintenant<\/p><p><strong>Tes t\u00e2ches :<\/strong><\/p><ul><li>Selbstst\u00e4ndige Montage von Edelstahlpumpen nach Konstruktionsvorgabe (Mechanik, Pneumatik, Hydraulik)<\/li><li>Eigenverantwortliche Pr\u00fcfung und Inbetriebnahme<\/li><li>Fehleranalyse und Instandsetzung (Reparatur)<\/li><li>Kommissionierung von Auftr\u00e4gen<\/li><li>Durchf\u00fchrung von Abstimmungs- und Optimierungsarbeiten<\/li><li>Teilnahme an Projekt- und Konstruktionsdurchsprachen<\/li><li>Einhaltung der Qualit\u00e4ts-, Kosten- und Terminvorgaben<\/li><\/ul><p><strong><br \/>Ton profil :<\/strong><\/p><ul><li><div>Abgeschlossene technische Ausbildung<\/div><\/li><li><div>Idealerweise Erfahrung in der metallverarbeitenden Industrie<\/div><\/li><li><div>Selbstst\u00e4ndige Arbeitsweise und hohe Teamorientierung<\/div><\/li><li><div>Hohes Engagement und eigenverantwortliches Handeln\u00a0<\/div><\/li><li><div>Ausgepr\u00e4gtes Qualit\u00e4tsbewusstsein<\/div><\/li><li><div>Kommunikationssicher in Deutsch\u00a0<\/div><\/li><\/ul><p><strong><br \/>Ce que nous offrons :<\/strong>\u00a0<\/p><ul><li>Des t\u00e2ches vari\u00e9es\u00a0<\/li><li>Un salaire au top<\/li><li>Une hi\u00e9rarchie plate<\/li><li>Un feedback r\u00e9gulier<\/li><li>Une \u00e9quipe soud\u00e9e<\/li><li>Des boissons gratuites sur le lieu de travail<\/li><li>Des \u00e9v\u00e9nements d'entreprise r\u00e9guliers\u00a0<\/li><\/ul><p><strong><br \/>Les avantages dont nous b\u00e9n\u00e9ficions :<\/strong><\/p><ul><li><div>HanseFit\u00a0<\/div><\/li><li><div>EdenRed - carte de cr\u00e9dit\u00a0<\/div><\/li><li><div>JobV\u00e9lo\u00a0<\/div><\/li><li><div><p>Betriebliche Altersvorsorge\u00a0<\/p><\/div><\/li><\/ul><p><strong><br \/>Prendre contact :<\/strong><br \/>\u00c7a va, \u00e7a bouge et \u00e7a respire ? Nous en sommes ravis !<br \/>Le mieux est de poser ta candidature directement par e-mail \u00e0 sstraub@pump-products.de. <a href=\"mailto:sandra.straub@psgdover.com\"> sandra.straub@psgdover.com<\/a>.<\/p><p>Si tu as encore des questions, nous sommes l\u00e0 pour toi !<\/p><p>Personne de contact : Sandra Straub<br \/>T\u00e9l\u00e9phone : <a href=\"tel:+49 5439 80 921-0\">+49 5439 80 921-0<\/a><br \/>Mail: <a href=\"mailto:sandra.straub@psgdover.com\"> sandra.straub@psgdover.com<\/a><\/p><p>ipp Pump Products GmbH<br \/>Feldm\u00fchlenweg 6-10<br \/>D-49593 Bersenbr\u00fcck<\/p>\t\t\t\t\t\t\t\t<\/div>\n\t\t\t\t<\/div>\n\t\t\t\t\t<\/div>\n\t\t<\/div>\n\t\t\t\t\t<\/div>\n\t\t<\/section>\n\t\t\t\t<section class=\"elementor-section elementor-top-section elementor-element elementor-element-70aa0e03 elementor-section-content-middle elementor-section-boxed elementor-section-height-default elementor-section-height-default\" data-id=\"70aa0e03\" data-element_type=\"section\" data-e-type=\"section\" data-settings=\"{&quot;background_background&quot;:&quot;classic&quot;}\">\n\t\t\t\t\t\t<div class=\"elementor-container elementor-column-gap-no\">\n\t\t\t\t\t<div class=\"elementor-column elementor-col-50 elementor-top-column elementor-element elementor-element-46d30d61\" data-id=\"46d30d61\" data-element_type=\"column\" data-e-type=\"column\">\n\t\t\t<div class=\"elementor-widget-wrap elementor-element-populated\">\n\t\t\t\t\t\t<div class=\"elementor-element elementor-element-3fb6de69 elementor-widget elementor-widget-image\" data-id=\"3fb6de69\" data-element_type=\"widget\" data-e-type=\"widget\" data-widget_type=\"image.default\">\n\t\t\t\t<div class=\"elementor-widget-container\">\n\t\t\t\t\t\t\t\t\t\t\t\t\t\t\t<img fetchpriority=\"high\" decoding=\"async\" width=\"300\" height=\"200\" src=\"https:\/\/www.pump-products.de\/wp-content\/uploads\/2023\/11\/MG_1227.jpg\" class=\"attachment-medium size-medium wp-image-7590\" alt=\"Sandra Straub Assistentin der Gesch\u00e4ftsleitung\" srcset=\"https:\/\/www.pump-products.de\/wp-content\/uploads\/2023\/11\/MG_1227.jpg 300w, https:\/\/www.pump-products.de\/wp-content\/uploads\/2023\/11\/MG_1227-18x12.jpg 18w\" sizes=\"(max-width: 300px) 100vw, 300px\" \/>\t\t\t\t\t\t\t\t\t\t\t\t\t\t\t<\/div>\n\t\t\t\t<\/div>\n\t\t\t\t\t<\/div>\n\t\t<\/div>\n\t\t\t\t<div class=\"elementor-column elementor-col-50 elementor-top-column elementor-element elementor-element-2cdb9103\" data-id=\"2cdb9103\" data-element_type=\"column\" data-e-type=\"column\">\n\t\t\t<div class=\"elementor-widget-wrap elementor-element-populated\">\n\t\t\t\t\t\t<div class=\"elementor-element elementor-element-3036215 elementor-widget elementor-widget-heading\" data-id=\"3036215\" data-element_type=\"widget\" data-e-type=\"widget\" data-widget_type=\"heading.default\">\n\t\t\t\t<div class=\"elementor-widget-container\">\n\t\t\t\t\t<h5 class=\"elementor-heading-title elementor-size-default\">Votre contact<\/h5>\t\t\t\t<\/div>\n\t\t\t\t<\/div>\n\t\t\t\t<div class=\"elementor-element elementor-element-6cf63ab0 elementor-widget elementor-widget-text-editor\" data-id=\"6cf63ab0\" data-element_type=\"widget\" data-e-type=\"widget\" data-widget_type=\"text-editor.default\">\n\t\t\t\t<div class=\"elementor-widget-container\">\n\t\t\t\t\t\t\t\t\t<p><strong>Sandra\u00a0Straub<\/strong><br \/>Assistante de direction<br \/><a href=\"tel:+49 5439 80921-0\"><strong>+49 5439 80921-0<\/strong><\/a><\/p>\t\t\t\t\t\t\t\t<\/div>\n\t\t\t\t<\/div>\n\t\t\t\t\t<\/div>\n\t\t<\/div>\n\t\t\t\t\t<\/div>\n\t\t<\/section>\n\t\t\t\t<section class=\"elementor-section elementor-top-section elementor-element elementor-element-a8a2502 elementor-section-height-min-height elementor-section-content-middle elementor-section-boxed elementor-section-height-default elementor-section-items-middle\" data-id=\"a8a2502\" data-element_type=\"section\" data-e-type=\"section\" data-settings=\"{&quot;background_background&quot;:&quot;classic&quot;,&quot;shape_divider_top&quot;:&quot;arrow&quot;}\">\n\t\t\t\t\t<div class=\"elementor-shape elementor-shape-top\" aria-hidden=\"true\" data-negative=\"false\">\n\t\t\t<svg xmlns=\"http:\/\/www.w3.org\/2000\/svg\" viewbox=\"0 0 700 10\" preserveaspectratio=\"none\">\n\t<path class=\"elementor-shape-fill\" d=\"M350,10L340,0h20L350,10z\"\/>\n<\/svg>\t\t<\/div>\n\t\t\t\t\t<div class=\"elementor-container elementor-column-gap-no\">\n\t\t\t\t\t<div class=\"elementor-column elementor-col-100 elementor-top-column elementor-element elementor-element-5f192f6\" data-id=\"5f192f6\" data-element_type=\"column\" data-e-type=\"column\">\n\t\t\t<div class=\"elementor-widget-wrap elementor-element-populated\">\n\t\t\t\t\t\t<div class=\"elementor-element elementor-element-a5778fc elementor-widget elementor-widget-text-editor\" data-id=\"a5778fc\" data-element_type=\"widget\" data-e-type=\"widget\" data-widget_type=\"text-editor.default\">\n\t\t\t\t<div class=\"elementor-widget-container\">\n\t\t\t\t\t\t\t\t\t<p>Sandra\u00a0Straub<a href=\"tel:+49 5439 80921-0\"> <span style=\"text-decoration: underline;\">appeler directement.<\/span><\/a><\/p>\t\t\t\t\t\t\t\t<\/div>\n\t\t\t\t<\/div>\n\t\t\t\t\t<\/div>\n\t\t<\/div>\n\t\t\t\t\t<\/div>\n\t\t<\/section>\n\t\t\t\t<\/div>","protected":false},"excerpt":{"rendered":"<p>Job als Monteur:inSchwerpunkt Maschinenbau in Bersenbr\u00fcck Monteur:in (m\/w\/d) Wir sind der technologisch f\u00fchrende Hersteller von Drehkolbenpumpen. Unsere Premium-Produkte sind weltweit im Einsatz. Wir verschaffen unseren Kunden den entscheidenden Vorsprung zum Erfolg \u2013 und auch f\u00fcr unser Team ist uns wichtig, Potentiale zu sehen und zu f\u00f6rdern. Wir suchen dich alsMonteur:in (m\/w\/d) Arbeitsort:Bersenbr\u00fcck Arbeitszeit:Vollzeit (40 Std.\/Woche) [&hellip;]<\/p>\n","protected":false},"author":1,"featured_media":0,"parent":35,"menu_order":13,"comment_status":"closed","ping_status":"closed","template":"elementor_header_footer","meta":{"footnotes":""},"class_list":["post-6089","page","type-page","status-publish","hentry"],"yoast_head":"<!-- This site is optimized with the Yoast SEO plugin v27.6 - https:\/\/yoast.com\/product\/yoast-seo-wordpress\/ -->\n<title>Monteur:in in Bersenbr\u00fcck - www.pump-products.de<\/title>\n<meta name=\"robots\" content=\"index, follow, max-snippet:-1, max-image-preview:large, max-video-preview:-1\" \/>\n<link rel=\"canonical\" href=\"https:\/\/www.pump-products.de\/fr\/unternehmen\/monteur-in-bersenbrueck\/\" \/>\n<meta property=\"og:locale\" content=\"fr_FR\" \/>\n<meta property=\"og:type\" content=\"article\" \/>\n<meta property=\"og:title\" content=\"Monteur:in in Bersenbr\u00fcck - www.pump-products.de\" \/>\n<meta property=\"og:description\" content=\"Job als Monteur:inSchwerpunkt Maschinenbau in Bersenbr\u00fcck Monteur:in (m\/w\/d) Wir sind der technologisch f\u00fchrende Hersteller von Drehkolbenpumpen. Unsere Premium-Produkte sind weltweit im Einsatz. Wir verschaffen unseren Kunden den entscheidenden Vorsprung zum Erfolg \u2013 und auch f\u00fcr unser Team ist uns wichtig, Potentiale zu sehen und zu f\u00f6rdern. Wir suchen dich alsMonteur:in (m\/w\/d) Arbeitsort:Bersenbr\u00fcck Arbeitszeit:Vollzeit (40 Std.\/Woche) [&hellip;]\" \/>\n<meta property=\"og:url\" content=\"https:\/\/www.pump-products.de\/fr\/unternehmen\/monteur-in-bersenbrueck\/\" \/>\n<meta property=\"og:site_name\" content=\"www.pump-products.de\" \/>\n<meta property=\"article:modified_time\" content=\"2026-01-15T09:19:55+00:00\" \/>\n<meta property=\"og:image\" content=\"https:\/\/www.pump-products.de\/wp-content\/uploads\/2023\/11\/MG_1227.jpg\" \/>\n\t<meta property=\"og:image:width\" content=\"300\" \/>\n\t<meta property=\"og:image:height\" content=\"200\" \/>\n\t<meta property=\"og:image:type\" content=\"image\/jpeg\" \/>\n<meta name=\"twitter:card\" content=\"summary_large_image\" \/>\n<meta name=\"twitter:label1\" content=\"Dur\u00e9e de lecture estim\u00e9e\" \/>\n\t<meta name=\"twitter:data1\" content=\"2 minutes\" \/>\n<script type=\"application\/ld+json\" class=\"yoast-schema-graph\">{\"@context\":\"https:\\\/\\\/schema.org\",\"@graph\":[{\"@type\":\"WebPage\",\"@id\":\"https:\\\/\\\/www.pump-products.de\\\/unternehmen\\\/monteur-in-bersenbrueck\\\/\",\"url\":\"https:\\\/\\\/www.pump-products.de\\\/unternehmen\\\/monteur-in-bersenbrueck\\\/\",\"name\":\"Monteur:in in Bersenbr\u00fcck - www.pump-products.de\",\"isPartOf\":{\"@id\":\"https:\\\/\\\/www.pump-products.de\\\/#website\"},\"primaryImageOfPage\":{\"@id\":\"https:\\\/\\\/www.pump-products.de\\\/unternehmen\\\/monteur-in-bersenbrueck\\\/#primaryimage\"},\"image\":{\"@id\":\"https:\\\/\\\/www.pump-products.de\\\/unternehmen\\\/monteur-in-bersenbrueck\\\/#primaryimage\"},\"thumbnailUrl\":\"https:\\\/\\\/www.pump-products.de\\\/wp-content\\\/uploads\\\/2023\\\/11\\\/MG_1227.jpg\",\"datePublished\":\"2023-05-31T13:57:19+00:00\",\"dateModified\":\"2026-01-15T09:19:55+00:00\",\"breadcrumb\":{\"@id\":\"https:\\\/\\\/www.pump-products.de\\\/unternehmen\\\/monteur-in-bersenbrueck\\\/#breadcrumb\"},\"inLanguage\":\"fr-FR\",\"potentialAction\":[{\"@type\":\"ReadAction\",\"target\":[\"https:\\\/\\\/www.pump-products.de\\\/unternehmen\\\/monteur-in-bersenbrueck\\\/\"]}]},{\"@type\":\"ImageObject\",\"inLanguage\":\"fr-FR\",\"@id\":\"https:\\\/\\\/www.pump-products.de\\\/unternehmen\\\/monteur-in-bersenbrueck\\\/#primaryimage\",\"url\":\"https:\\\/\\\/www.pump-products.de\\\/wp-content\\\/uploads\\\/2023\\\/11\\\/MG_1227.jpg\",\"contentUrl\":\"https:\\\/\\\/www.pump-products.de\\\/wp-content\\\/uploads\\\/2023\\\/11\\\/MG_1227.jpg\"},{\"@type\":\"BreadcrumbList\",\"@id\":\"https:\\\/\\\/www.pump-products.de\\\/unternehmen\\\/monteur-in-bersenbrueck\\\/#breadcrumb\",\"itemListElement\":[{\"@type\":\"ListItem\",\"position\":1,\"name\":\"Home\",\"item\":\"https:\\\/\\\/www.pump-products.de\\\/\"},{\"@type\":\"ListItem\",\"position\":2,\"name\":\"Unternehmen\",\"item\":\"https:\\\/\\\/www.pump-products.de\\\/unternehmen\\\/\"},{\"@type\":\"ListItem\",\"position\":3,\"name\":\"Monteur:in in Bersenbr\u00fcck\"}]},{\"@type\":\"WebSite\",\"@id\":\"https:\\\/\\\/www.pump-products.de\\\/#website\",\"url\":\"https:\\\/\\\/www.pump-products.de\\\/\",\"name\":\"www.pump-products.de\",\"description\":\"iPP Pump Products GmbH - Pumpenl\u00f6sungen aus Bersenbr\u00fcck f\u00fcr Lebensmittel-, Kosmetik-, Chemietechnik f\u00fcr Deutschland\",\"publisher\":{\"@id\":\"https:\\\/\\\/www.pump-products.de\\\/#organization\"},\"potentialAction\":[{\"@type\":\"SearchAction\",\"target\":{\"@type\":\"EntryPoint\",\"urlTemplate\":\"https:\\\/\\\/www.pump-products.de\\\/?s={search_term_string}\"},\"query-input\":{\"@type\":\"PropertyValueSpecification\",\"valueRequired\":true,\"valueName\":\"search_term_string\"}}],\"inLanguage\":\"fr-FR\"},{\"@type\":\"Organization\",\"@id\":\"https:\\\/\\\/www.pump-products.de\\\/#organization\",\"name\":\"ipp Pump Products GmbH\",\"url\":\"https:\\\/\\\/www.pump-products.de\\\/\",\"logo\":{\"@type\":\"ImageObject\",\"inLanguage\":\"fr-FR\",\"@id\":\"https:\\\/\\\/www.pump-products.de\\\/#\\\/schema\\\/logo\\\/image\\\/\",\"url\":\"https:\\\/\\\/www.pump-products.de\\\/wp-content\\\/uploads\\\/2022\\\/06\\\/PSGIPP-1.svg\",\"contentUrl\":\"https:\\\/\\\/www.pump-products.de\\\/wp-content\\\/uploads\\\/2022\\\/06\\\/PSGIPP-1.svg\",\"width\":258,\"height\":100,\"caption\":\"ipp Pump Products GmbH\"},\"image\":{\"@id\":\"https:\\\/\\\/www.pump-products.de\\\/#\\\/schema\\\/logo\\\/image\\\/\"}}]}<\/script>\n<!-- \/ Yoast SEO plugin. -->","yoast_head_json":{"title":"Monteur:in in Bersenbr\u00fcck - www.pump-products.de","robots":{"index":"index","follow":"follow","max-snippet":"max-snippet:-1","max-image-preview":"max-image-preview:large","max-video-preview":"max-video-preview:-1"},"canonical":"https:\/\/www.pump-products.de\/fr\/unternehmen\/monteur-in-bersenbrueck\/","og_locale":"fr_FR","og_type":"article","og_title":"Monteur:in in Bersenbr\u00fcck - www.pump-products.de","og_description":"Job als Monteur:inSchwerpunkt Maschinenbau in Bersenbr\u00fcck Monteur:in (m\/w\/d) Wir sind der technologisch f\u00fchrende Hersteller von Drehkolbenpumpen. Unsere Premium-Produkte sind weltweit im Einsatz. Wir verschaffen unseren Kunden den entscheidenden Vorsprung zum Erfolg \u2013 und auch f\u00fcr unser Team ist uns wichtig, Potentiale zu sehen und zu f\u00f6rdern. Wir suchen dich alsMonteur:in (m\/w\/d) Arbeitsort:Bersenbr\u00fcck Arbeitszeit:Vollzeit (40 Std.\/Woche) [&hellip;]","og_url":"https:\/\/www.pump-products.de\/fr\/unternehmen\/monteur-in-bersenbrueck\/","og_site_name":"www.pump-products.de","article_modified_time":"2026-01-15T09:19:55+00:00","og_image":[{"width":300,"height":200,"url":"https:\/\/www.pump-products.de\/wp-content\/uploads\/2023\/11\/MG_1227.jpg","type":"image\/jpeg"}],"twitter_card":"summary_large_image","twitter_misc":{"Dur\u00e9e de lecture estim\u00e9e":"2 minutes"},"schema":{"@context":"https:\/\/schema.org","@graph":[{"@type":"WebPage","@id":"https:\/\/www.pump-products.de\/unternehmen\/monteur-in-bersenbrueck\/","url":"https:\/\/www.pump-products.de\/unternehmen\/monteur-in-bersenbrueck\/","name":"Monteur:in in Bersenbr\u00fcck - www.pump-products.de","isPartOf":{"@id":"https:\/\/www.pump-products.de\/#website"},"primaryImageOfPage":{"@id":"https:\/\/www.pump-products.de\/unternehmen\/monteur-in-bersenbrueck\/#primaryimage"},"image":{"@id":"https:\/\/www.pump-products.de\/unternehmen\/monteur-in-bersenbrueck\/#primaryimage"},"thumbnailUrl":"https:\/\/www.pump-products.de\/wp-content\/uploads\/2023\/11\/MG_1227.jpg","datePublished":"2023-05-31T13:57:19+00:00","dateModified":"2026-01-15T09:19:55+00:00","breadcrumb":{"@id":"https:\/\/www.pump-products.de\/unternehmen\/monteur-in-bersenbrueck\/#breadcrumb"},"inLanguage":"fr-FR","potentialAction":[{"@type":"ReadAction","target":["https:\/\/www.pump-products.de\/unternehmen\/monteur-in-bersenbrueck\/"]}]},{"@type":"ImageObject","inLanguage":"fr-FR","@id":"https:\/\/www.pump-products.de\/unternehmen\/monteur-in-bersenbrueck\/#primaryimage","url":"https:\/\/www.pump-products.de\/wp-content\/uploads\/2023\/11\/MG_1227.jpg","contentUrl":"https:\/\/www.pump-products.de\/wp-content\/uploads\/2023\/11\/MG_1227.jpg"},{"@type":"BreadcrumbList","@id":"https:\/\/www.pump-products.de\/unternehmen\/monteur-in-bersenbrueck\/#breadcrumb","itemListElement":[{"@type":"ListItem","position":1,"name":"Home","item":"https:\/\/www.pump-products.de\/"},{"@type":"ListItem","position":2,"name":"Unternehmen","item":"https:\/\/www.pump-products.de\/unternehmen\/"},{"@type":"ListItem","position":3,"name":"Monteur:in in Bersenbr\u00fcck"}]},{"@type":"WebSite","@id":"https:\/\/www.pump-products.de\/#website","url":"https:\/\/www.pump-products.de\/","name":"www.pump-products.de","description":"iPP Pump Products GmbH - Pumpenl\u00f6sungen aus Bersenbr\u00fcck f\u00fcr Lebensmittel-, Kosmetik-, Chemietechnik f\u00fcr Deutschland","publisher":{"@id":"https:\/\/www.pump-products.de\/#organization"},"potentialAction":[{"@type":"SearchAction","target":{"@type":"EntryPoint","urlTemplate":"https:\/\/www.pump-products.de\/?s={search_term_string}"},"query-input":{"@type":"PropertyValueSpecification","valueRequired":true,"valueName":"search_term_string"}}],"inLanguage":"fr-FR"},{"@type":"Organization","@id":"https:\/\/www.pump-products.de\/#organization","name":"ipp Pump Products GmbH","url":"https:\/\/www.pump-products.de\/","logo":{"@type":"ImageObject","inLanguage":"fr-FR","@id":"https:\/\/www.pump-products.de\/#\/schema\/logo\/image\/","url":"https:\/\/www.pump-products.de\/wp-content\/uploads\/2022\/06\/PSGIPP-1.svg","contentUrl":"https:\/\/www.pump-products.de\/wp-content\/uploads\/2022\/06\/PSGIPP-1.svg","width":258,"height":100,"caption":"ipp Pump Products GmbH"},"image":{"@id":"https:\/\/www.pump-products.de\/#\/schema\/logo\/image\/"}}]}},"_links":{"self":[{"href":"https:\/\/www.pump-products.de\/fr\/wp-json\/wp\/v2\/pages\/6089","targetHints":{"allow":["GET"]}}],"collection":[{"href":"https:\/\/www.pump-products.de\/fr\/wp-json\/wp\/v2\/pages"}],"about":[{"href":"https:\/\/www.pump-products.de\/fr\/wp-json\/wp\/v2\/types\/page"}],"author":[{"embeddable":true,"href":"https:\/\/www.pump-products.de\/fr\/wp-json\/wp\/v2\/users\/1"}],"replies":[{"embeddable":true,"href":"https:\/\/www.pump-products.de\/fr\/wp-json\/wp\/v2\/comments?post=6089"}],"version-history":[{"count":31,"href":"https:\/\/www.pump-products.de\/fr\/wp-json\/wp\/v2\/pages\/6089\/revisions"}],"predecessor-version":[{"id":16726,"href":"https:\/\/www.pump-products.de\/fr\/wp-json\/wp\/v2\/pages\/6089\/revisions\/16726"}],"up":[{"embeddable":true,"href":"https:\/\/www.pump-products.de\/fr\/wp-json\/wp\/v2\/pages\/35"}],"wp:attachment":[{"href":"https:\/\/www.pump-products.de\/fr\/wp-json\/wp\/v2\/media?parent=6089"}],"curies":[{"name":"wp","href":"https:\/\/api.w.org\/{rel}","templated":true}]}}