{"id":6081,"date":"2023-05-31T15:42:16","date_gmt":"2023-05-31T13:42:16","guid":{"rendered":"https:\/\/www.pump-products.de\/?page_id=6081"},"modified":"2023-05-31T16:16:55","modified_gmt":"2023-05-31T14:16:55","slug":"industriekaufmann-frau-in-bersenbrueck","status":"publish","type":"page","link":"https:\/\/www.pump-products.de\/fr\/unternehmen\/industriekaufmann-frau-in-bersenbrueck\/","title":{"rendered":"Industriekaufmann:frau in Bersenbr\u00fcck"},"content":{"rendered":"<div data-elementor-type=\"wp-page\" data-elementor-id=\"6081\" class=\"elementor elementor-6081\" data-elementor-post-type=\"page\">\n\t\t\t\t\t\t<section class=\"elementor-section elementor-top-section elementor-element elementor-element-39dfbea6 elementor-section-height-min-height elementor-section-items-bottom elementor-section-boxed elementor-section-height-default\" data-id=\"39dfbea6\" data-element_type=\"section\" data-e-type=\"section\" data-settings=\"{&quot;background_background&quot;:&quot;classic&quot;}\">\n\t\t\t\t\t\t\t<div class=\"elementor-background-overlay\"><\/div>\n\t\t\t\t\t\t\t<div class=\"elementor-container elementor-column-gap-default\">\n\t\t\t\t\t<div class=\"elementor-column elementor-col-100 elementor-top-column elementor-element elementor-element-923f6f\" data-id=\"923f6f\" data-element_type=\"column\" data-e-type=\"column\" data-settings=\"{&quot;background_background&quot;:&quot;classic&quot;}\">\n\t\t\t<div class=\"elementor-widget-wrap elementor-element-populated\">\n\t\t\t\t\t\t<div class=\"elementor-element elementor-element-184df433 elementor-widget elementor-widget-heading\" data-id=\"184df433\" data-element_type=\"widget\" data-e-type=\"widget\" data-widget_type=\"heading.default\">\n\t\t\t\t<div class=\"elementor-widget-container\">\n\t\t\t\t\t<h2 class=\"elementor-heading-title elementor-size-default\">Job als Industriekaufmann:frau <\/br>\u00e0 Bersenbr\u00fcck<\/h2>\t\t\t\t<\/div>\n\t\t\t\t<\/div>\n\t\t\t\t\t<\/div>\n\t\t<\/div>\n\t\t\t\t\t<\/div>\n\t\t<\/section>\n\t\t\t\t<section class=\"elementor-section elementor-top-section elementor-element elementor-element-39d90d76 elementor-section-boxed elementor-section-height-default elementor-section-height-default\" data-id=\"39d90d76\" data-element_type=\"section\" data-e-type=\"section\">\n\t\t\t\t\t\t<div class=\"elementor-container elementor-column-gap-default\">\n\t\t\t\t\t<div class=\"elementor-column elementor-col-100 elementor-top-column elementor-element elementor-element-d4f9aa\" data-id=\"d4f9aa\" data-element_type=\"column\" data-e-type=\"column\">\n\t\t\t<div class=\"elementor-widget-wrap elementor-element-populated\">\n\t\t\t\t\t\t<div class=\"elementor-element elementor-element-3520d1fc elementor-widget elementor-widget-heading\" data-id=\"3520d1fc\" data-element_type=\"widget\" data-e-type=\"widget\" data-widget_type=\"heading.default\">\n\t\t\t\t<div class=\"elementor-widget-container\">\n\t\t\t\t\t<h1 class=\"elementor-heading-title elementor-size-default\">Industriekaufmann:frau (m\/w\/d)<\/h1>\t\t\t\t<\/div>\n\t\t\t\t<\/div>\n\t\t\t\t<div class=\"elementor-element elementor-element-4d291e2c elementor-widget elementor-widget-text-editor\" data-id=\"4d291e2c\" data-element_type=\"widget\" data-e-type=\"widget\" data-widget_type=\"text-editor.default\">\n\t\t\t\t<div class=\"elementor-widget-container\">\n\t\t\t\t\t\t\t\t\t<p style=\"font-weight: 400;\">Wir sind der technologisch f\u00fchrende Hersteller von Drehkolbenpumpen. Unsere Premium-Produkte sind weltweit im Einsatz. Wir verschaffen unseren Kunden den entscheidenden Vorsprung zum Erfolg \u2013 und auch f\u00fcr unser Team ist uns wichtig, Potentiale zu sehen und zu f\u00f6rdern.<\/p><p>Nous te cherchons en tant que<br \/><strong>Industriekaufmann:frau (m\/w\/d)<\/strong><\/p><p>Lieu de travail :<br \/>Bersenbr\u00fcck<\/p><p>Temps de travail :<br \/>Temps plein (40 heures\/semaine)<\/p><p>Date d'entr\u00e9e :<br \/>\u00e0 partir de maintenant<\/p><p><strong>Tes t\u00e2ches :<\/strong><\/p><ul><li>allgemeines B\u00fcromanagement<\/li><li>Dokumentation<\/li><li>Versand national und international<\/li><li>Commande en cours de traitement<\/li><li>Fakturierung von Rechnungen<\/li><li>Einkauf\/Materialwirtschaft<\/li><li>Aktualisierung von Datenbanken<\/li><li>Erstellen von Statistiken (Marktanteile, Produktsplit etc.)<\/li><li>Erstellen von kundenbezogenen Dokumentationen (Zertifikate, Bedienungsanleitungen)<\/li><li>Zollabwicklung<\/li><\/ul><p>\u00a0<\/p><p><strong>Ton profil :<\/strong><\/p><ul><li><div>abgeschlossene kaufm\u00e4nnische Ausbildung<\/div><\/li><li><div>idealerweise erste Berufserfahrung\u00a0<\/div><\/li><li><div>sicherer Umgang mit MS-Office\u00a0<\/div><\/li><li><div>gute Englisch-Kenntnisse\u00a0<\/div><\/li><li><div>w\u00fcnschenswert: Spanisch -Kenntnisse\u00a0<\/div><\/li><li><div>Interesse an Weiterbildung<\/div><\/li><\/ul><p>\u00a0<\/p><p><strong>Ce que nous offrons :<\/strong><\/p><ul><li><div>Un emploi \u00e0 dur\u00e9e ind\u00e9termin\u00e9e<\/div><\/li><li><div>Des t\u00e2ches vari\u00e9es<\/div><\/li><li><div>Un salaire au top<\/div><\/li><li><div>Une hi\u00e9rarchie plate<\/div><\/li><li><div>Un feedback r\u00e9gulier<\/div><\/li><li><div>Une \u00e9quipe soud\u00e9e<\/div><\/li><li><div>Des boissons gratuites sur le lieu de travail<\/div><\/li><li><div>Des \u00e9v\u00e9nements d'entreprise r\u00e9guliers<\/div><\/li><\/ul><p>\u00a0<\/p><p><strong>Les avantages dont nous b\u00e9n\u00e9ficions :<\/strong><\/p><ul><li><div>HanseFit\u00a0<\/div><\/li><li><div>EdenRed - carte de cr\u00e9dit\u00a0<\/div><\/li><li><div>JobV\u00e9lo\u00a0<\/div><\/li><li><div>Pr\u00e9voyance vieillesse d'entreprise (apr\u00e8s la p\u00e9riode d'essai)<\/div><\/li><\/ul><p>\u00a0<\/p><p><strong>Prendre contact :<\/strong><\/p><p>\u00c7a va, \u00e7a bouge et \u00e7a respire ? Nous en sommes ravis !<br \/>Bewirb dich am besten direkt \u00fcber unser <a href=\"https:\/\/www.pump-products.de\/fr\/unternehmen\/karriere-2\/#formular\">Contact form<\/a> oder per E-Mail an <a href=\"mailto:sstraub@pump-products.de\">sstraub@pump-products.de<\/a>.<\/p><p>Si tu as encore des questions, nous sommes l\u00e0 pour toi !<\/p><p>Personne de contact : Sandra Straub<br \/>T\u00e9l\u00e9phone : <a href=\"tel:+49 5439 80 921-0\">+49 5439 80 921-0<\/a><br \/>Mail: <a href=\"mailto:sstraub@pump-products.de\">sstraub@pump-products.de<\/a><\/p><p>ipp Pump Products GmbH<br \/>Feldm\u00fchlenweg 6-10<br \/>D-49593 Bersenbr\u00fcck<\/p>\t\t\t\t\t\t\t\t<\/div>\n\t\t\t\t<\/div>\n\t\t\t\t\t<\/div>\n\t\t<\/div>\n\t\t\t\t\t<\/div>\n\t\t<\/section>\n\t\t\t\t<section class=\"elementor-section elementor-top-section elementor-element elementor-element-70aa0e03 elementor-section-content-middle elementor-section-boxed elementor-section-height-default elementor-section-height-default\" data-id=\"70aa0e03\" data-element_type=\"section\" data-e-type=\"section\" data-settings=\"{&quot;background_background&quot;:&quot;classic&quot;}\">\n\t\t\t\t\t\t<div class=\"elementor-container elementor-column-gap-no\">\n\t\t\t\t\t<div class=\"elementor-column elementor-col-50 elementor-top-column elementor-element elementor-element-46d30d61\" data-id=\"46d30d61\" data-element_type=\"column\" data-e-type=\"column\">\n\t\t\t<div class=\"elementor-widget-wrap elementor-element-populated\">\n\t\t\t\t\t\t<div class=\"elementor-element elementor-element-3fb6de69 elementor-widget elementor-widget-image\" data-id=\"3fb6de69\" data-element_type=\"widget\" data-e-type=\"widget\" data-widget_type=\"image.default\">\n\t\t\t\t<div class=\"elementor-widget-container\">\n\t\t\t\t\t\t\t\t\t\t\t\t\t\t\t<img fetchpriority=\"high\" decoding=\"async\" width=\"300\" height=\"200\" src=\"https:\/\/www.pump-products.de\/wp-content\/uploads\/2022\/07\/straub_sandra.jpg\" class=\"attachment-medium size-medium wp-image-1723\" alt=\"Sandra Straub\" srcset=\"https:\/\/www.pump-products.de\/wp-content\/uploads\/2022\/07\/straub_sandra.jpg 300w, https:\/\/www.pump-products.de\/wp-content\/uploads\/2022\/07\/straub_sandra-18x12.jpg 18w\" sizes=\"(max-width: 300px) 100vw, 300px\" \/>\t\t\t\t\t\t\t\t\t\t\t\t\t\t\t<\/div>\n\t\t\t\t<\/div>\n\t\t\t\t\t<\/div>\n\t\t<\/div>\n\t\t\t\t<div class=\"elementor-column elementor-col-50 elementor-top-column elementor-element elementor-element-2cdb9103\" data-id=\"2cdb9103\" data-element_type=\"column\" data-e-type=\"column\">\n\t\t\t<div class=\"elementor-widget-wrap elementor-element-populated\">\n\t\t\t\t\t\t<div class=\"elementor-element elementor-element-3036215 elementor-widget elementor-widget-heading\" data-id=\"3036215\" data-element_type=\"widget\" data-e-type=\"widget\" data-widget_type=\"heading.default\">\n\t\t\t\t<div class=\"elementor-widget-container\">\n\t\t\t\t\t<h5 class=\"elementor-heading-title elementor-size-default\">Votre contact<\/h5>\t\t\t\t<\/div>\n\t\t\t\t<\/div>\n\t\t\t\t<div class=\"elementor-element elementor-element-6cf63ab0 elementor-widget elementor-widget-text-editor\" data-id=\"6cf63ab0\" data-element_type=\"widget\" data-e-type=\"widget\" data-widget_type=\"text-editor.default\">\n\t\t\t\t<div class=\"elementor-widget-container\">\n\t\t\t\t\t\t\t\t\t<p><strong>Sandra\u00a0Straub<\/strong><br \/>Assistante de direction<br \/><a href=\"tel:+49 5439 80921-0\"><strong>+49 5439 80921-0<\/strong><\/a><\/p>\t\t\t\t\t\t\t\t<\/div>\n\t\t\t\t<\/div>\n\t\t\t\t\t<\/div>\n\t\t<\/div>\n\t\t\t\t\t<\/div>\n\t\t<\/section>\n\t\t\t\t<section class=\"elementor-section elementor-top-section elementor-element elementor-element-a8a2502 elementor-section-height-min-height elementor-section-content-middle elementor-section-boxed elementor-section-height-default elementor-section-items-middle\" data-id=\"a8a2502\" data-element_type=\"section\" data-e-type=\"section\" data-settings=\"{&quot;background_background&quot;:&quot;classic&quot;,&quot;shape_divider_top&quot;:&quot;arrow&quot;}\">\n\t\t\t\t\t<div class=\"elementor-shape elementor-shape-top\" aria-hidden=\"true\" data-negative=\"false\">\n\t\t\t<svg xmlns=\"http:\/\/www.w3.org\/2000\/svg\" viewbox=\"0 0 700 10\" preserveaspectratio=\"none\">\n\t<path class=\"elementor-shape-fill\" d=\"M350,10L340,0h20L350,10z\"\/>\n<\/svg>\t\t<\/div>\n\t\t\t\t\t<div class=\"elementor-container elementor-column-gap-no\">\n\t\t\t\t\t<div class=\"elementor-column elementor-col-100 elementor-top-column elementor-element elementor-element-5f192f6\" data-id=\"5f192f6\" data-element_type=\"column\" data-e-type=\"column\">\n\t\t\t<div class=\"elementor-widget-wrap elementor-element-populated\">\n\t\t\t\t\t\t<div class=\"elementor-element elementor-element-a5778fc elementor-widget elementor-widget-text-editor\" data-id=\"a5778fc\" data-element_type=\"widget\" data-e-type=\"widget\" data-widget_type=\"text-editor.default\">\n\t\t\t\t<div class=\"elementor-widget-container\">\n\t\t\t\t\t\t\t\t\t<p>Sandra\u00a0Straub<a href=\"tel:+49 5439 80921-0\"> <span style=\"text-decoration: underline;\">appeler directement.<\/span><\/a><\/p>\t\t\t\t\t\t\t\t<\/div>\n\t\t\t\t<\/div>\n\t\t\t\t\t<\/div>\n\t\t<\/div>\n\t\t\t\t\t<\/div>\n\t\t<\/section>\n\t\t\t\t<\/div>","protected":false},"excerpt":{"rendered":"<p>Job als Industriekaufmann:frau in Bersenbr\u00fcck Industriekaufmann:frau (m\/w\/d) Wir sind der technologisch f\u00fchrende Hersteller von Drehkolbenpumpen. Unsere Premium-Produkte sind weltweit im Einsatz. Wir verschaffen unseren Kunden den entscheidenden Vorsprung zum Erfolg \u2013 und auch f\u00fcr unser Team ist uns wichtig, Potentiale zu sehen und zu f\u00f6rdern. Wir suchen dich alsIndustriekaufmann:frau (m\/w\/d) Arbeitsort:Bersenbr\u00fcck Arbeitszeit:Vollzeit (40 Std.\/Woche) Eintrittsdatum:ab [&hellip;]<\/p>\n","protected":false},"author":1,"featured_media":0,"parent":35,"menu_order":13,"comment_status":"closed","ping_status":"closed","template":"elementor_header_footer","meta":{"footnotes":""},"class_list":["post-6081","page","type-page","status-publish","hentry"],"yoast_head":"<!-- This site is optimized with the Yoast SEO plugin v27.6 - https:\/\/yoast.com\/product\/yoast-seo-wordpress\/ -->\n<title>Industriekaufmann:frau in Bersenbr\u00fcck - www.pump-products.de<\/title>\n<meta name=\"robots\" content=\"index, follow, max-snippet:-1, max-image-preview:large, max-video-preview:-1\" \/>\n<link rel=\"canonical\" href=\"https:\/\/www.pump-products.de\/fr\/unternehmen\/industriekaufmann-frau-in-bersenbrueck\/\" \/>\n<meta property=\"og:locale\" content=\"fr_FR\" \/>\n<meta property=\"og:type\" content=\"article\" \/>\n<meta property=\"og:title\" content=\"Industriekaufmann:frau in Bersenbr\u00fcck - www.pump-products.de\" \/>\n<meta property=\"og:description\" content=\"Job als Industriekaufmann:frau in Bersenbr\u00fcck Industriekaufmann:frau (m\/w\/d) Wir sind der technologisch f\u00fchrende Hersteller von Drehkolbenpumpen. Unsere Premium-Produkte sind weltweit im Einsatz. Wir verschaffen unseren Kunden den entscheidenden Vorsprung zum Erfolg \u2013 und auch f\u00fcr unser Team ist uns wichtig, Potentiale zu sehen und zu f\u00f6rdern. Wir suchen dich alsIndustriekaufmann:frau (m\/w\/d) Arbeitsort:Bersenbr\u00fcck Arbeitszeit:Vollzeit (40 Std.\/Woche) Eintrittsdatum:ab [&hellip;]\" \/>\n<meta property=\"og:url\" content=\"https:\/\/www.pump-products.de\/fr\/unternehmen\/industriekaufmann-frau-in-bersenbrueck\/\" \/>\n<meta property=\"og:site_name\" content=\"www.pump-products.de\" \/>\n<meta property=\"article:modified_time\" content=\"2023-05-31T14:16:55+00:00\" \/>\n<meta property=\"og:image\" content=\"https:\/\/www.pump-products.de\/wp-content\/uploads\/2022\/07\/straub_sandra-300x200.jpg\" \/>\n<meta name=\"twitter:card\" content=\"summary_large_image\" \/>\n<meta name=\"twitter:label1\" content=\"Dur\u00e9e de lecture estim\u00e9e\" \/>\n\t<meta name=\"twitter:data1\" content=\"2 minutes\" \/>\n<script type=\"application\/ld+json\" class=\"yoast-schema-graph\">{\"@context\":\"https:\\\/\\\/schema.org\",\"@graph\":[{\"@type\":\"WebPage\",\"@id\":\"https:\\\/\\\/www.pump-products.de\\\/unternehmen\\\/industriekaufmann-frau-in-bersenbrueck\\\/\",\"url\":\"https:\\\/\\\/www.pump-products.de\\\/unternehmen\\\/industriekaufmann-frau-in-bersenbrueck\\\/\",\"name\":\"Industriekaufmann:frau in Bersenbr\u00fcck - www.pump-products.de\",\"isPartOf\":{\"@id\":\"https:\\\/\\\/www.pump-products.de\\\/#website\"},\"primaryImageOfPage\":{\"@id\":\"https:\\\/\\\/www.pump-products.de\\\/unternehmen\\\/industriekaufmann-frau-in-bersenbrueck\\\/#primaryimage\"},\"image\":{\"@id\":\"https:\\\/\\\/www.pump-products.de\\\/unternehmen\\\/industriekaufmann-frau-in-bersenbrueck\\\/#primaryimage\"},\"thumbnailUrl\":\"https:\\\/\\\/www.pump-products.de\\\/wp-content\\\/uploads\\\/2022\\\/07\\\/straub_sandra.jpg\",\"datePublished\":\"2023-05-31T13:42:16+00:00\",\"dateModified\":\"2023-05-31T14:16:55+00:00\",\"breadcrumb\":{\"@id\":\"https:\\\/\\\/www.pump-products.de\\\/unternehmen\\\/industriekaufmann-frau-in-bersenbrueck\\\/#breadcrumb\"},\"inLanguage\":\"fr-FR\",\"potentialAction\":[{\"@type\":\"ReadAction\",\"target\":[\"https:\\\/\\\/www.pump-products.de\\\/unternehmen\\\/industriekaufmann-frau-in-bersenbrueck\\\/\"]}]},{\"@type\":\"ImageObject\",\"inLanguage\":\"fr-FR\",\"@id\":\"https:\\\/\\\/www.pump-products.de\\\/unternehmen\\\/industriekaufmann-frau-in-bersenbrueck\\\/#primaryimage\",\"url\":\"https:\\\/\\\/www.pump-products.de\\\/wp-content\\\/uploads\\\/2022\\\/07\\\/straub_sandra.jpg\",\"contentUrl\":\"https:\\\/\\\/www.pump-products.de\\\/wp-content\\\/uploads\\\/2022\\\/07\\\/straub_sandra.jpg\"},{\"@type\":\"BreadcrumbList\",\"@id\":\"https:\\\/\\\/www.pump-products.de\\\/unternehmen\\\/industriekaufmann-frau-in-bersenbrueck\\\/#breadcrumb\",\"itemListElement\":[{\"@type\":\"ListItem\",\"position\":1,\"name\":\"Home\",\"item\":\"https:\\\/\\\/www.pump-products.de\\\/\"},{\"@type\":\"ListItem\",\"position\":2,\"name\":\"Unternehmen\",\"item\":\"https:\\\/\\\/www.pump-products.de\\\/unternehmen\\\/\"},{\"@type\":\"ListItem\",\"position\":3,\"name\":\"Industriekaufmann:frau in Bersenbr\u00fcck\"}]},{\"@type\":\"WebSite\",\"@id\":\"https:\\\/\\\/www.pump-products.de\\\/#website\",\"url\":\"https:\\\/\\\/www.pump-products.de\\\/\",\"name\":\"www.pump-products.de\",\"description\":\"iPP Pump Products GmbH - Pumpenl\u00f6sungen aus Bersenbr\u00fcck f\u00fcr Lebensmittel-, Kosmetik-, Chemietechnik f\u00fcr Deutschland\",\"publisher\":{\"@id\":\"https:\\\/\\\/www.pump-products.de\\\/#organization\"},\"potentialAction\":[{\"@type\":\"SearchAction\",\"target\":{\"@type\":\"EntryPoint\",\"urlTemplate\":\"https:\\\/\\\/www.pump-products.de\\\/?s={search_term_string}\"},\"query-input\":{\"@type\":\"PropertyValueSpecification\",\"valueRequired\":true,\"valueName\":\"search_term_string\"}}],\"inLanguage\":\"fr-FR\"},{\"@type\":\"Organization\",\"@id\":\"https:\\\/\\\/www.pump-products.de\\\/#organization\",\"name\":\"ipp Pump Products GmbH\",\"url\":\"https:\\\/\\\/www.pump-products.de\\\/\",\"logo\":{\"@type\":\"ImageObject\",\"inLanguage\":\"fr-FR\",\"@id\":\"https:\\\/\\\/www.pump-products.de\\\/#\\\/schema\\\/logo\\\/image\\\/\",\"url\":\"https:\\\/\\\/www.pump-products.de\\\/wp-content\\\/uploads\\\/2022\\\/06\\\/PSGIPP-1.svg\",\"contentUrl\":\"https:\\\/\\\/www.pump-products.de\\\/wp-content\\\/uploads\\\/2022\\\/06\\\/PSGIPP-1.svg\",\"width\":258,\"height\":100,\"caption\":\"ipp Pump Products GmbH\"},\"image\":{\"@id\":\"https:\\\/\\\/www.pump-products.de\\\/#\\\/schema\\\/logo\\\/image\\\/\"}}]}<\/script>\n<!-- \/ Yoast SEO plugin. -->","yoast_head_json":{"title":"Industriekaufmann:frau in Bersenbr\u00fcck - www.pump-products.de","robots":{"index":"index","follow":"follow","max-snippet":"max-snippet:-1","max-image-preview":"max-image-preview:large","max-video-preview":"max-video-preview:-1"},"canonical":"https:\/\/www.pump-products.de\/fr\/unternehmen\/industriekaufmann-frau-in-bersenbrueck\/","og_locale":"fr_FR","og_type":"article","og_title":"Industriekaufmann:frau in Bersenbr\u00fcck - www.pump-products.de","og_description":"Job als Industriekaufmann:frau in Bersenbr\u00fcck Industriekaufmann:frau (m\/w\/d) Wir sind der technologisch f\u00fchrende Hersteller von Drehkolbenpumpen. Unsere Premium-Produkte sind weltweit im Einsatz. Wir verschaffen unseren Kunden den entscheidenden Vorsprung zum Erfolg \u2013 und auch f\u00fcr unser Team ist uns wichtig, Potentiale zu sehen und zu f\u00f6rdern. Wir suchen dich alsIndustriekaufmann:frau (m\/w\/d) Arbeitsort:Bersenbr\u00fcck Arbeitszeit:Vollzeit (40 Std.\/Woche) Eintrittsdatum:ab [&hellip;]","og_url":"https:\/\/www.pump-products.de\/fr\/unternehmen\/industriekaufmann-frau-in-bersenbrueck\/","og_site_name":"www.pump-products.de","article_modified_time":"2023-05-31T14:16:55+00:00","og_image":[{"url":"https:\/\/www.pump-products.de\/wp-content\/uploads\/2022\/07\/straub_sandra-300x200.jpg","type":"","width":"","height":""}],"twitter_card":"summary_large_image","twitter_misc":{"Dur\u00e9e de lecture estim\u00e9e":"2 minutes"},"schema":{"@context":"https:\/\/schema.org","@graph":[{"@type":"WebPage","@id":"https:\/\/www.pump-products.de\/unternehmen\/industriekaufmann-frau-in-bersenbrueck\/","url":"https:\/\/www.pump-products.de\/unternehmen\/industriekaufmann-frau-in-bersenbrueck\/","name":"Industriekaufmann:frau in Bersenbr\u00fcck - www.pump-products.de","isPartOf":{"@id":"https:\/\/www.pump-products.de\/#website"},"primaryImageOfPage":{"@id":"https:\/\/www.pump-products.de\/unternehmen\/industriekaufmann-frau-in-bersenbrueck\/#primaryimage"},"image":{"@id":"https:\/\/www.pump-products.de\/unternehmen\/industriekaufmann-frau-in-bersenbrueck\/#primaryimage"},"thumbnailUrl":"https:\/\/www.pump-products.de\/wp-content\/uploads\/2022\/07\/straub_sandra.jpg","datePublished":"2023-05-31T13:42:16+00:00","dateModified":"2023-05-31T14:16:55+00:00","breadcrumb":{"@id":"https:\/\/www.pump-products.de\/unternehmen\/industriekaufmann-frau-in-bersenbrueck\/#breadcrumb"},"inLanguage":"fr-FR","potentialAction":[{"@type":"ReadAction","target":["https:\/\/www.pump-products.de\/unternehmen\/industriekaufmann-frau-in-bersenbrueck\/"]}]},{"@type":"ImageObject","inLanguage":"fr-FR","@id":"https:\/\/www.pump-products.de\/unternehmen\/industriekaufmann-frau-in-bersenbrueck\/#primaryimage","url":"https:\/\/www.pump-products.de\/wp-content\/uploads\/2022\/07\/straub_sandra.jpg","contentUrl":"https:\/\/www.pump-products.de\/wp-content\/uploads\/2022\/07\/straub_sandra.jpg"},{"@type":"BreadcrumbList","@id":"https:\/\/www.pump-products.de\/unternehmen\/industriekaufmann-frau-in-bersenbrueck\/#breadcrumb","itemListElement":[{"@type":"ListItem","position":1,"name":"Home","item":"https:\/\/www.pump-products.de\/"},{"@type":"ListItem","position":2,"name":"Unternehmen","item":"https:\/\/www.pump-products.de\/unternehmen\/"},{"@type":"ListItem","position":3,"name":"Industriekaufmann:frau in Bersenbr\u00fcck"}]},{"@type":"WebSite","@id":"https:\/\/www.pump-products.de\/#website","url":"https:\/\/www.pump-products.de\/","name":"www.pump-products.de","description":"iPP Pump Products GmbH - Pumpenl\u00f6sungen aus Bersenbr\u00fcck f\u00fcr Lebensmittel-, Kosmetik-, Chemietechnik f\u00fcr Deutschland","publisher":{"@id":"https:\/\/www.pump-products.de\/#organization"},"potentialAction":[{"@type":"SearchAction","target":{"@type":"EntryPoint","urlTemplate":"https:\/\/www.pump-products.de\/?s={search_term_string}"},"query-input":{"@type":"PropertyValueSpecification","valueRequired":true,"valueName":"search_term_string"}}],"inLanguage":"fr-FR"},{"@type":"Organization","@id":"https:\/\/www.pump-products.de\/#organization","name":"ipp Pump Products GmbH","url":"https:\/\/www.pump-products.de\/","logo":{"@type":"ImageObject","inLanguage":"fr-FR","@id":"https:\/\/www.pump-products.de\/#\/schema\/logo\/image\/","url":"https:\/\/www.pump-products.de\/wp-content\/uploads\/2022\/06\/PSGIPP-1.svg","contentUrl":"https:\/\/www.pump-products.de\/wp-content\/uploads\/2022\/06\/PSGIPP-1.svg","width":258,"height":100,"caption":"ipp Pump Products GmbH"},"image":{"@id":"https:\/\/www.pump-products.de\/#\/schema\/logo\/image\/"}}]}},"_links":{"self":[{"href":"https:\/\/www.pump-products.de\/fr\/wp-json\/wp\/v2\/pages\/6081","targetHints":{"allow":["GET"]}}],"collection":[{"href":"https:\/\/www.pump-products.de\/fr\/wp-json\/wp\/v2\/pages"}],"about":[{"href":"https:\/\/www.pump-products.de\/fr\/wp-json\/wp\/v2\/types\/page"}],"author":[{"embeddable":true,"href":"https:\/\/www.pump-products.de\/fr\/wp-json\/wp\/v2\/users\/1"}],"replies":[{"embeddable":true,"href":"https:\/\/www.pump-products.de\/fr\/wp-json\/wp\/v2\/comments?post=6081"}],"version-history":[{"count":11,"href":"https:\/\/www.pump-products.de\/fr\/wp-json\/wp\/v2\/pages\/6081\/revisions"}],"predecessor-version":[{"id":6106,"href":"https:\/\/www.pump-products.de\/fr\/wp-json\/wp\/v2\/pages\/6081\/revisions\/6106"}],"up":[{"embeddable":true,"href":"https:\/\/www.pump-products.de\/fr\/wp-json\/wp\/v2\/pages\/35"}],"wp:attachment":[{"href":"https:\/\/www.pump-products.de\/fr\/wp-json\/wp\/v2\/media?parent=6081"}],"curies":[{"name":"wp","href":"https:\/\/api.w.org\/{rel}","templated":true}]}}