{"id":2418,"date":"2022-08-03T12:42:43","date_gmt":"2022-08-03T10:42:43","guid":{"rendered":"https:\/\/www.pump-products.de\/?page_id=2418"},"modified":"2026-03-04T13:43:17","modified_gmt":"2026-03-04T12:43:17","slug":"impressum","status":"publish","type":"page","link":"https:\/\/www.pump-products.de\/fr\/impressum\/","title":{"rendered":"Imprint"},"content":{"rendered":"<div data-elementor-type=\"wp-page\" data-elementor-id=\"2418\" class=\"elementor elementor-2418\" data-elementor-post-type=\"page\">\n\t\t\t\t\t\t<section class=\"elementor-section elementor-top-section elementor-element elementor-element-16e643f elementor-section-height-min-height elementor-section-items-bottom elementor-section-boxed elementor-section-height-default\" data-id=\"16e643f\" data-element_type=\"section\" data-e-type=\"section\" data-settings=\"{&quot;background_background&quot;:&quot;classic&quot;}\">\n\t\t\t\t\t\t\t<div class=\"elementor-background-overlay\"><\/div>\n\t\t\t\t\t\t\t<div class=\"elementor-container elementor-column-gap-default\">\n\t\t\t\t\t<div class=\"elementor-column elementor-col-100 elementor-top-column elementor-element elementor-element-502ef4e5\" data-id=\"502ef4e5\" data-element_type=\"column\" data-e-type=\"column\" data-settings=\"{&quot;background_background&quot;:&quot;classic&quot;}\">\n\t\t\t<div class=\"elementor-widget-wrap elementor-element-populated\">\n\t\t\t\t\t\t<div class=\"elementor-element elementor-element-c411478 elementor-widget elementor-widget-heading\" data-id=\"c411478\" data-element_type=\"widget\" data-e-type=\"widget\" data-widget_type=\"heading.default\">\n\t\t\t\t<div class=\"elementor-widget-container\">\n\t\t\t\t\t<h1 class=\"elementor-heading-title elementor-size-default\">Imprint<\/h1>\t\t\t\t<\/div>\n\t\t\t\t<\/div>\n\t\t\t\t\t<\/div>\n\t\t<\/div>\n\t\t\t\t\t<\/div>\n\t\t<\/section>\n\t\t\t\t<section class=\"elementor-section elementor-top-section elementor-element elementor-element-ba64c33 elementor-section-boxed elementor-section-height-default elementor-section-height-default\" data-id=\"ba64c33\" data-element_type=\"section\" data-e-type=\"section\">\n\t\t\t\t\t\t<div class=\"elementor-container elementor-column-gap-default\">\n\t\t\t\t\t<div class=\"elementor-column elementor-col-100 elementor-top-column elementor-element elementor-element-3bec8542\" data-id=\"3bec8542\" data-element_type=\"column\" data-e-type=\"column\">\n\t\t\t<div class=\"elementor-widget-wrap elementor-element-populated\">\n\t\t\t\t\t\t<section class=\"elementor-section elementor-inner-section elementor-element elementor-element-7948914c elementor-section-boxed elementor-section-height-default elementor-section-height-default\" data-id=\"7948914c\" data-element_type=\"section\" data-e-type=\"section\">\n\t\t\t\t\t\t<div class=\"elementor-container elementor-column-gap-no\">\n\t\t\t\t\t<div class=\"elementor-column elementor-col-100 elementor-inner-column elementor-element elementor-element-54f638b5\" data-id=\"54f638b5\" data-element_type=\"column\" data-e-type=\"column\">\n\t\t\t<div class=\"elementor-widget-wrap elementor-element-populated\">\n\t\t\t\t\t\t<div class=\"elementor-element elementor-element-b5e3c4d elementor-widget elementor-widget-text-editor\" data-id=\"b5e3c4d\" data-element_type=\"widget\" data-e-type=\"widget\" data-widget_type=\"text-editor.default\">\n\t\t\t\t<div class=\"elementor-widget-container\">\n\t\t\t\t\t\t\t\t\t<p>ipp Pump Products GmbH<br \/>Feldm\u00fchlenweg 6 &#8211; 10<br \/>D-49593 Bersenbr\u00fcck<\/p><p><strong>Vertreten durch:<\/strong><br \/>ipp Pump Products GmbH<br \/>Feldm\u00fchlenweg 6 &#8211; 10<br \/>D-49593 Bersenbr\u00fcck<\/p><p>Diese vertreten durch:<br \/>Fredrik J\u00f6nsson<\/p><p>Handelsregister: HRB 21648<br \/>Registergericht: Amtsgericht Osnabr\u00fcck<\/p><h4>Contact<\/h4><p>Phone: +49 5439 80921-0<br \/>Telefax: +49 5439 80921-20<br \/>E-Mail: ipp-vrt_info@psgdover.com<\/p><h4>Umsatzsteuer-ID<\/h4><p>Umsatzsteuer-Identifikationsnummer gem\u00e4\u00df \u00a7 27 a Umsatzsteuergesetz:<br \/>DE 814246749<\/p><h4>Verbraucher\u00adstreit\u00adbeilegung\/Universal\u00adschlichtungs\u00adstelle<\/h4><p>Wir sind nicht bereit oder verpflichtet, an Streitbeilegungsverfahren vor einer Verbraucherschlichtungsstelle teilzunehmen.<\/p>\t\t\t\t\t\t\t\t<\/div>\n\t\t\t\t<\/div>\n\t\t\t\t\t<\/div>\n\t\t<\/div>\n\t\t\t\t\t<\/div>\n\t\t<\/section>\n\t\t\t\t\t<\/div>\n\t\t<\/div>\n\t\t\t\t\t<\/div>\n\t\t<\/section>\n\t\t\t\t<section class=\"elementor-section elementor-top-section elementor-element elementor-element-7d69ed34 elementor-section-content-middle elementor-section-boxed elementor-section-height-default elementor-section-height-default\" data-id=\"7d69ed34\" data-element_type=\"section\" data-e-type=\"section\" data-settings=\"{&quot;background_background&quot;:&quot;classic&quot;}\">\n\t\t\t\t\t\t<div class=\"elementor-container elementor-column-gap-no\">\n\t\t\t\t\t<div class=\"elementor-column elementor-col-50 elementor-top-column elementor-element elementor-element-35428287\" data-id=\"35428287\" data-element_type=\"column\" data-e-type=\"column\">\n\t\t\t<div class=\"elementor-widget-wrap elementor-element-populated\">\n\t\t\t\t\t\t<div class=\"elementor-element elementor-element-668b7f29 elementor-widget elementor-widget-heading\" data-id=\"668b7f29\" data-element_type=\"widget\" data-e-type=\"widget\" data-widget_type=\"heading.default\">\n\t\t\t\t<div class=\"elementor-widget-container\">\n\t\t\t\t\t<h4 class=\"elementor-heading-title elementor-size-default\">Que pouvons-nous faire pour vous ?<\/h4>\t\t\t\t<\/div>\n\t\t\t\t<\/div>\n\t\t\t\t\t<\/div>\n\t\t<\/div>\n\t\t\t\t<div class=\"elementor-column elementor-col-50 elementor-top-column elementor-element elementor-element-1aa2afc4\" data-id=\"1aa2afc4\" data-element_type=\"column\" data-e-type=\"column\">\n\t\t\t<div class=\"elementor-widget-wrap elementor-element-populated\">\n\t\t\t\t\t\t<div class=\"elementor-element elementor-element-102c185a elementor-align-right elementor-widget__width-auto elementor-widget elementor-widget-button\" data-id=\"102c185a\" data-element_type=\"widget\" data-e-type=\"widget\" data-widget_type=\"button.default\">\n\t\t\t\t<div class=\"elementor-widget-container\">\n\t\t\t\t\t\t\t\t\t<div class=\"elementor-button-wrapper\">\n\t\t\t\t\t<a class=\"elementor-button elementor-button-link elementor-size-sm\" href=\"tel:495439809210\">\n\t\t\t\t\t\t<span class=\"elementor-button-content-wrapper\">\n\t\t\t\t\t\t\t\t\t<span class=\"elementor-button-text\">Appel direct<\/span>\n\t\t\t\t\t<\/span>\n\t\t\t\t\t<\/a>\n\t\t\t\t<\/div>\n\t\t\t\t\t\t\t\t<\/div>\n\t\t\t\t<\/div>\n\t\t\t\t<div class=\"elementor-element elementor-element-d39bdd4 elementor-align-right elementor-widget__width-auto elementor-widget elementor-widget-button\" data-id=\"d39bdd4\" data-element_type=\"widget\" data-e-type=\"widget\" data-widget_type=\"button.default\">\n\t\t\t\t<div class=\"elementor-widget-container\">\n\t\t\t\t\t\t\t\t\t<div class=\"elementor-button-wrapper\">\n\t\t\t\t\t<a class=\"elementor-button elementor-button-link elementor-size-sm\" href=\"\/fr\/kontakt\/\">\n\t\t\t\t\t\t<span class=\"elementor-button-content-wrapper\">\n\t\t\t\t\t\t\t\t\t<span class=\"elementor-button-text\">Contact<\/span>\n\t\t\t\t\t<\/span>\n\t\t\t\t\t<\/a>\n\t\t\t\t<\/div>\n\t\t\t\t\t\t\t\t<\/div>\n\t\t\t\t<\/div>\n\t\t\t\t\t<\/div>\n\t\t<\/div>\n\t\t\t\t\t<\/div>\n\t\t<\/section>\n\t\t\t\t<section class=\"elementor-section elementor-top-section elementor-element elementor-element-7e45f6f9 elementor-section-height-min-height elementor-section-content-middle elementor-section-boxed elementor-section-height-default elementor-section-items-middle\" data-id=\"7e45f6f9\" data-element_type=\"section\" data-e-type=\"section\" data-settings=\"{&quot;background_background&quot;:&quot;classic&quot;,&quot;shape_divider_top&quot;:&quot;arrow&quot;}\">\n\t\t\t\t\t<div class=\"elementor-shape elementor-shape-top\" aria-hidden=\"true\" data-negative=\"false\">\n\t\t\t<svg xmlns=\"http:\/\/www.w3.org\/2000\/svg\" viewbox=\"0 0 700 10\" preserveaspectratio=\"none\">\n\t<path class=\"elementor-shape-fill\" d=\"M350,10L340,0h20L350,10z\"\/>\n<\/svg>\t\t<\/div>\n\t\t\t\t\t<div class=\"elementor-container elementor-column-gap-no\">\n\t\t\t\t\t<div class=\"elementor-column elementor-col-100 elementor-top-column elementor-element elementor-element-6b941263\" data-id=\"6b941263\" data-element_type=\"column\" data-e-type=\"column\">\n\t\t\t<div class=\"elementor-widget-wrap elementor-element-populated\">\n\t\t\t\t\t\t<div class=\"elementor-element elementor-element-7eb202b0 elementor-widget elementor-widget-text-editor\" data-id=\"7eb202b0\" data-element_type=\"widget\" data-e-type=\"widget\" data-widget_type=\"text-editor.default\">\n\t\t\t\t<div class=\"elementor-widget-container\">\n\t\t\t\t\t\t\t\t\t<p><a href=\"\/fr\/produktanfrage\/\">Vous savez ce que vous voulez ? Alors commencez <span style=\"text-decoration: underline;\">ici une demande d\u00e9taill\u00e9e de produits<\/span>.<\/a><\/p>\t\t\t\t\t\t\t\t<\/div>\n\t\t\t\t<\/div>\n\t\t\t\t\t<\/div>\n\t\t<\/div>\n\t\t\t\t\t<\/div>\n\t\t<\/section>\n\t\t\t\t<\/div>","protected":false},"excerpt":{"rendered":"<p>Impressum ipp Pump Products GmbHFeldm\u00fchlenweg 6 &#8211; 10D-49593 Bersenbr\u00fcck Vertreten durch:ipp Pump Products GmbHFeldm\u00fchlenweg 6 &#8211; 10D-49593 Bersenbr\u00fcck Diese vertreten durch:Fredrik J\u00f6nsson Handelsregister: HRB 21648Registergericht: Amtsgericht Osnabr\u00fcck Kontakt Telefon: +49 5439 80921-0Telefax: +49 5439 80921-20E-Mail: ipp-vrt_info@psgdover.com Umsatzsteuer-ID Umsatzsteuer-Identifikationsnummer gem\u00e4\u00df \u00a7 27 a Umsatzsteuergesetz:DE 814246749 Verbraucher\u00adstreit\u00adbeilegung\/Universal\u00adschlichtungs\u00adstelle Wir sind nicht bereit oder verpflichtet, an Streitbeilegungsverfahren vor einer [&hellip;]<\/p>\n","protected":false},"author":1,"featured_media":0,"parent":0,"menu_order":98,"comment_status":"closed","ping_status":"closed","template":"elementor_header_footer","meta":{"footnotes":""},"class_list":["post-2418","page","type-page","status-publish","hentry"],"yoast_head":"<!-- This site is optimized with the Yoast SEO plugin v27.5 - https:\/\/yoast.com\/product\/yoast-seo-wordpress\/ -->\n<title>Impressum - www.pump-products.de<\/title>\n<meta name=\"description\" content=\"Die ideale L\u00f6sung f\u00fcr hygienische Anwendungen: Die Drehkolbenpumpe von Pump Products - schonendste Produktbehandlung, ber\u00fchrungsfreien Lauf\" \/>\n<meta name=\"robots\" content=\"index, follow, max-snippet:-1, max-image-preview:large, max-video-preview:-1\" \/>\n<link rel=\"canonical\" href=\"https:\/\/www.pump-products.de\/fr\/impressum\/\" \/>\n<meta property=\"og:locale\" content=\"fr_FR\" \/>\n<meta property=\"og:type\" content=\"article\" \/>\n<meta property=\"og:title\" content=\"Impressum - www.pump-products.de\" \/>\n<meta property=\"og:description\" content=\"Die ideale L\u00f6sung f\u00fcr hygienische Anwendungen: Die Drehkolbenpumpe von Pump Products - schonendste Produktbehandlung, ber\u00fchrungsfreien Lauf\" \/>\n<meta property=\"og:url\" content=\"https:\/\/www.pump-products.de\/fr\/impressum\/\" \/>\n<meta property=\"og:site_name\" content=\"www.pump-products.de\" \/>\n<meta property=\"article:modified_time\" content=\"2026-03-04T12:43:17+00:00\" \/>\n<meta name=\"twitter:card\" content=\"summary_large_image\" \/>\n<meta name=\"twitter:label1\" content=\"Dur\u00e9e de lecture estim\u00e9e\" \/>\n\t<meta name=\"twitter:data1\" content=\"1 minute\" \/>\n<script type=\"application\/ld+json\" class=\"yoast-schema-graph\">{\"@context\":\"https:\\\/\\\/schema.org\",\"@graph\":[{\"@type\":\"WebPage\",\"@id\":\"https:\\\/\\\/www.pump-products.de\\\/impressum\\\/\",\"url\":\"https:\\\/\\\/www.pump-products.de\\\/impressum\\\/\",\"name\":\"Impressum - www.pump-products.de\",\"isPartOf\":{\"@id\":\"https:\\\/\\\/www.pump-products.de\\\/#website\"},\"datePublished\":\"2022-08-03T10:42:43+00:00\",\"dateModified\":\"2026-03-04T12:43:17+00:00\",\"description\":\"Die ideale L\u00f6sung f\u00fcr hygienische Anwendungen: Die Drehkolbenpumpe von Pump Products - schonendste Produktbehandlung, ber\u00fchrungsfreien Lauf\",\"breadcrumb\":{\"@id\":\"https:\\\/\\\/www.pump-products.de\\\/impressum\\\/#breadcrumb\"},\"inLanguage\":\"fr-FR\",\"potentialAction\":[{\"@type\":\"ReadAction\",\"target\":[\"https:\\\/\\\/www.pump-products.de\\\/impressum\\\/\"]}]},{\"@type\":\"BreadcrumbList\",\"@id\":\"https:\\\/\\\/www.pump-products.de\\\/impressum\\\/#breadcrumb\",\"itemListElement\":[{\"@type\":\"ListItem\",\"position\":1,\"name\":\"Home\",\"item\":\"https:\\\/\\\/www.pump-products.de\\\/\"},{\"@type\":\"ListItem\",\"position\":2,\"name\":\"Impressum\"}]},{\"@type\":\"WebSite\",\"@id\":\"https:\\\/\\\/www.pump-products.de\\\/#website\",\"url\":\"https:\\\/\\\/www.pump-products.de\\\/\",\"name\":\"www.pump-products.de\",\"description\":\"iPP Pump Products GmbH - Pumpenl\u00f6sungen aus Bersenbr\u00fcck f\u00fcr Lebensmittel-, Kosmetik-, Chemietechnik f\u00fcr Deutschland\",\"publisher\":{\"@id\":\"https:\\\/\\\/www.pump-products.de\\\/#organization\"},\"potentialAction\":[{\"@type\":\"SearchAction\",\"target\":{\"@type\":\"EntryPoint\",\"urlTemplate\":\"https:\\\/\\\/www.pump-products.de\\\/?s={search_term_string}\"},\"query-input\":{\"@type\":\"PropertyValueSpecification\",\"valueRequired\":true,\"valueName\":\"search_term_string\"}}],\"inLanguage\":\"fr-FR\"},{\"@type\":\"Organization\",\"@id\":\"https:\\\/\\\/www.pump-products.de\\\/#organization\",\"name\":\"ipp Pump Products GmbH\",\"url\":\"https:\\\/\\\/www.pump-products.de\\\/\",\"logo\":{\"@type\":\"ImageObject\",\"inLanguage\":\"fr-FR\",\"@id\":\"https:\\\/\\\/www.pump-products.de\\\/#\\\/schema\\\/logo\\\/image\\\/\",\"url\":\"https:\\\/\\\/www.pump-products.de\\\/wp-content\\\/uploads\\\/2022\\\/06\\\/PSGIPP-1.svg\",\"contentUrl\":\"https:\\\/\\\/www.pump-products.de\\\/wp-content\\\/uploads\\\/2022\\\/06\\\/PSGIPP-1.svg\",\"width\":258,\"height\":100,\"caption\":\"ipp Pump Products GmbH\"},\"image\":{\"@id\":\"https:\\\/\\\/www.pump-products.de\\\/#\\\/schema\\\/logo\\\/image\\\/\"}}]}<\/script>\n<!-- \/ Yoast SEO plugin. -->","yoast_head_json":{"title":"Impressum - www.pump-products.de","description":"Die ideale L\u00f6sung f\u00fcr hygienische Anwendungen: Die Drehkolbenpumpe von Pump Products - schonendste Produktbehandlung, ber\u00fchrungsfreien Lauf","robots":{"index":"index","follow":"follow","max-snippet":"max-snippet:-1","max-image-preview":"max-image-preview:large","max-video-preview":"max-video-preview:-1"},"canonical":"https:\/\/www.pump-products.de\/fr\/impressum\/","og_locale":"fr_FR","og_type":"article","og_title":"Impressum - www.pump-products.de","og_description":"Die ideale L\u00f6sung f\u00fcr hygienische Anwendungen: Die Drehkolbenpumpe von Pump Products - schonendste Produktbehandlung, ber\u00fchrungsfreien Lauf","og_url":"https:\/\/www.pump-products.de\/fr\/impressum\/","og_site_name":"www.pump-products.de","article_modified_time":"2026-03-04T12:43:17+00:00","twitter_card":"summary_large_image","twitter_misc":{"Dur\u00e9e de lecture estim\u00e9e":"1 minute"},"schema":{"@context":"https:\/\/schema.org","@graph":[{"@type":"WebPage","@id":"https:\/\/www.pump-products.de\/impressum\/","url":"https:\/\/www.pump-products.de\/impressum\/","name":"Impressum - www.pump-products.de","isPartOf":{"@id":"https:\/\/www.pump-products.de\/#website"},"datePublished":"2022-08-03T10:42:43+00:00","dateModified":"2026-03-04T12:43:17+00:00","description":"Die ideale L\u00f6sung f\u00fcr hygienische Anwendungen: Die Drehkolbenpumpe von Pump Products - schonendste Produktbehandlung, ber\u00fchrungsfreien Lauf","breadcrumb":{"@id":"https:\/\/www.pump-products.de\/impressum\/#breadcrumb"},"inLanguage":"fr-FR","potentialAction":[{"@type":"ReadAction","target":["https:\/\/www.pump-products.de\/impressum\/"]}]},{"@type":"BreadcrumbList","@id":"https:\/\/www.pump-products.de\/impressum\/#breadcrumb","itemListElement":[{"@type":"ListItem","position":1,"name":"Home","item":"https:\/\/www.pump-products.de\/"},{"@type":"ListItem","position":2,"name":"Impressum"}]},{"@type":"WebSite","@id":"https:\/\/www.pump-products.de\/#website","url":"https:\/\/www.pump-products.de\/","name":"www.pump-products.de","description":"iPP Pump Products GmbH - Pumpenl\u00f6sungen aus Bersenbr\u00fcck f\u00fcr Lebensmittel-, Kosmetik-, Chemietechnik f\u00fcr Deutschland","publisher":{"@id":"https:\/\/www.pump-products.de\/#organization"},"potentialAction":[{"@type":"SearchAction","target":{"@type":"EntryPoint","urlTemplate":"https:\/\/www.pump-products.de\/?s={search_term_string}"},"query-input":{"@type":"PropertyValueSpecification","valueRequired":true,"valueName":"search_term_string"}}],"inLanguage":"fr-FR"},{"@type":"Organization","@id":"https:\/\/www.pump-products.de\/#organization","name":"ipp Pump Products GmbH","url":"https:\/\/www.pump-products.de\/","logo":{"@type":"ImageObject","inLanguage":"fr-FR","@id":"https:\/\/www.pump-products.de\/#\/schema\/logo\/image\/","url":"https:\/\/www.pump-products.de\/wp-content\/uploads\/2022\/06\/PSGIPP-1.svg","contentUrl":"https:\/\/www.pump-products.de\/wp-content\/uploads\/2022\/06\/PSGIPP-1.svg","width":258,"height":100,"caption":"ipp Pump Products GmbH"},"image":{"@id":"https:\/\/www.pump-products.de\/#\/schema\/logo\/image\/"}}]}},"_links":{"self":[{"href":"https:\/\/www.pump-products.de\/fr\/wp-json\/wp\/v2\/pages\/2418","targetHints":{"allow":["GET"]}}],"collection":[{"href":"https:\/\/www.pump-products.de\/fr\/wp-json\/wp\/v2\/pages"}],"about":[{"href":"https:\/\/www.pump-products.de\/fr\/wp-json\/wp\/v2\/types\/page"}],"author":[{"embeddable":true,"href":"https:\/\/www.pump-products.de\/fr\/wp-json\/wp\/v2\/users\/1"}],"replies":[{"embeddable":true,"href":"https:\/\/www.pump-products.de\/fr\/wp-json\/wp\/v2\/comments?post=2418"}],"version-history":[{"count":17,"href":"https:\/\/www.pump-products.de\/fr\/wp-json\/wp\/v2\/pages\/2418\/revisions"}],"predecessor-version":[{"id":16755,"href":"https:\/\/www.pump-products.de\/fr\/wp-json\/wp\/v2\/pages\/2418\/revisions\/16755"}],"wp:attachment":[{"href":"https:\/\/www.pump-products.de\/fr\/wp-json\/wp\/v2\/media?parent=2418"}],"curies":[{"name":"wp","href":"https:\/\/api.w.org\/{rel}","templated":true}]}}