{"id":6089,"date":"2023-05-31T15:57:19","date_gmt":"2023-05-31T13:57:19","guid":{"rendered":"https:\/\/www.pump-products.de\/?page_id=6089"},"modified":"2026-01-15T10:19:55","modified_gmt":"2026-01-15T09:19:55","slug":"monteur-in-bersenbrueck","status":"publish","type":"page","link":"https:\/\/www.pump-products.de\/en\/unternehmen\/monteur-in-bersenbrueck\/","title":{"rendered":"Monteur:in in Bersenbr\u00fcck"},"content":{"rendered":"<div data-elementor-type=\"wp-page\" data-elementor-id=\"6089\" class=\"elementor elementor-6089\" data-elementor-post-type=\"page\">\n\t\t\t\t\t\t<section class=\"elementor-section elementor-top-section elementor-element elementor-element-39dfbea6 elementor-section-height-min-height elementor-section-items-bottom elementor-section-boxed elementor-section-height-default\" data-id=\"39dfbea6\" data-element_type=\"section\" data-e-type=\"section\" data-settings=\"{&quot;background_background&quot;:&quot;classic&quot;}\">\n\t\t\t\t\t\t\t<div class=\"elementor-background-overlay\"><\/div>\n\t\t\t\t\t\t\t<div class=\"elementor-container elementor-column-gap-default\">\n\t\t\t\t\t<div class=\"elementor-column elementor-col-100 elementor-top-column elementor-element elementor-element-923f6f\" data-id=\"923f6f\" data-element_type=\"column\" data-e-type=\"column\" data-settings=\"{&quot;background_background&quot;:&quot;classic&quot;}\">\n\t\t\t<div class=\"elementor-widget-wrap elementor-element-populated\">\n\t\t\t\t\t\t<div class=\"elementor-element elementor-element-184df433 elementor-widget elementor-widget-heading\" data-id=\"184df433\" data-element_type=\"widget\" data-e-type=\"widget\" data-widget_type=\"heading.default\">\n\t\t\t\t<div class=\"elementor-widget-container\">\n\t\t\t\t\t<h2 class=\"elementor-heading-title elementor-size-default\">Job as a technician<\/br>Focus on mechanical engineering in Bersenbr\u00fcck<\/h2>\t\t\t\t<\/div>\n\t\t\t\t<\/div>\n\t\t\t\t\t<\/div>\n\t\t<\/div>\n\t\t\t\t\t<\/div>\n\t\t<\/section>\n\t\t\t\t<section class=\"elementor-section elementor-top-section elementor-element elementor-element-39d90d76 elementor-section-boxed elementor-section-height-default elementor-section-height-default\" data-id=\"39d90d76\" data-element_type=\"section\" data-e-type=\"section\">\n\t\t\t\t\t\t<div class=\"elementor-container elementor-column-gap-default\">\n\t\t\t\t\t<div class=\"elementor-column elementor-col-100 elementor-top-column elementor-element elementor-element-d4f9aa\" data-id=\"d4f9aa\" data-element_type=\"column\" data-e-type=\"column\">\n\t\t\t<div class=\"elementor-widget-wrap elementor-element-populated\">\n\t\t\t\t\t\t<div class=\"elementor-element elementor-element-3520d1fc elementor-widget elementor-widget-heading\" data-id=\"3520d1fc\" data-element_type=\"widget\" data-e-type=\"widget\" data-widget_type=\"heading.default\">\n\t\t\t\t<div class=\"elementor-widget-container\">\n\t\t\t\t\t<h1 class=\"elementor-heading-title elementor-size-default\">Technician (m\/f\/d)<\/h1>\t\t\t\t<\/div>\n\t\t\t\t<\/div>\n\t\t\t\t<div class=\"elementor-element elementor-element-4d291e2c elementor-widget elementor-widget-text-editor\" data-id=\"4d291e2c\" data-element_type=\"widget\" data-e-type=\"widget\" data-widget_type=\"text-editor.default\">\n\t\t\t\t<div class=\"elementor-widget-container\">\n\t\t\t\t\t\t\t\t\t<p>We are the leading manufacturer of rotary lobe pumps in terms of technology. Our premium products are used worldwide. We give our customers the decisive edge they need to succeed\u2014and we also believe it is important for our team to recognize and promote potential.<\/p><p>We are looking for you as<br \/><strong>Technician (m\/f\/d)<\/strong><\/p><p>Place of work:<br \/>Bersenbr\u00fcck<\/p><p>Working hours:<br \/>Full-time (40 hours\/week)<\/p><p>Entry date:<br \/>as of now<\/p><p><strong>Your tasks:<\/strong><\/p><ul><li>Independent assembly of stainless steel pumps according to design specifications (mechanical, pneumatic, hydraulic)<\/li><li>Independent testing and commissioning<\/li><li>Fault analysis and repair<\/li><li>Order picking<\/li><li>Carrying out coordination and optimization work<\/li><li>Participation in project and design discussions<\/li><li>Compliance with quality, cost, and deadline specifications<\/li><\/ul><p><strong><br \/>Your profile:<\/strong><\/p><ul><li><div>Completed technical training<\/div><\/li><li><div>Ideally, experience in the metalworking industry<\/div><\/li><li><div>Ability to work independently and strong team orientation<\/div><\/li><li><div>High level of commitment and ability to work independently\u00a0<\/div><\/li><li><div>Strong quality awareness<\/div><\/li><li><div>Confident communication skills in German\u00a0<\/div><\/li><\/ul><p><strong><br \/>What we offer:<\/strong>\u00a0<\/p><ul><li>Varied tasks\u00a0<\/li><li>Top salary<\/li><li>Flat hierarchies<\/li><li>Regular feedback<\/li><li>A close-knit team<\/li><li>Free drinks at work<\/li><li>Regular company events\u00a0<\/li><\/ul><p><strong><br \/>Our benefits:<\/strong><\/p><ul><li><div>HanseFit\u00a0<\/div><\/li><li><div>EdenRed - credit card\u00a0<\/div><\/li><li><div>JobBike\u00a0<\/div><\/li><li><div><p>Betriebliche Altersvorsorge\u00a0<\/p><\/div><\/li><\/ul><p><strong><br \/>Contact:<\/strong><br \/>Fits, wobbles and has air? That makes us happy!<br \/>Apply directly by e-mail to sstraub@pump-products.de. <a href=\"mailto:sandra.straub@psgdover.com\"> sandra.straub@psgdover.com<\/a>.<\/p><p>If you have any questions, we are here for you!<\/p><p>Contact: Sandra Straub<br \/>Phone: <a href=\"tel:+49 5439 80 921-0\">+49 5439 80 921-0<\/a><br \/>Mail: <a href=\"mailto:sandra.straub@psgdover.com\"> sandra.straub@psgdover.com<\/a><\/p><p>ipp Pump Products GmbH<br \/>Feldm\u00fchlenweg 6-10<br \/>D-49593 Bersenbr\u00fcck<\/p>\t\t\t\t\t\t\t\t<\/div>\n\t\t\t\t<\/div>\n\t\t\t\t\t<\/div>\n\t\t<\/div>\n\t\t\t\t\t<\/div>\n\t\t<\/section>\n\t\t\t\t<section class=\"elementor-section elementor-top-section elementor-element elementor-element-70aa0e03 elementor-section-content-middle elementor-section-boxed elementor-section-height-default elementor-section-height-default\" data-id=\"70aa0e03\" data-element_type=\"section\" data-e-type=\"section\" data-settings=\"{&quot;background_background&quot;:&quot;classic&quot;}\">\n\t\t\t\t\t\t<div class=\"elementor-container elementor-column-gap-no\">\n\t\t\t\t\t<div class=\"elementor-column elementor-col-50 elementor-top-column elementor-element elementor-element-46d30d61\" data-id=\"46d30d61\" data-element_type=\"column\" data-e-type=\"column\">\n\t\t\t<div class=\"elementor-widget-wrap elementor-element-populated\">\n\t\t\t\t\t\t<div class=\"elementor-element elementor-element-3fb6de69 elementor-widget elementor-widget-image\" data-id=\"3fb6de69\" data-element_type=\"widget\" data-e-type=\"widget\" data-widget_type=\"image.default\">\n\t\t\t\t<div class=\"elementor-widget-container\">\n\t\t\t\t\t\t\t\t\t\t\t\t\t\t\t<img fetchpriority=\"high\" decoding=\"async\" width=\"300\" height=\"200\" src=\"https:\/\/www.pump-products.de\/wp-content\/uploads\/2023\/11\/MG_1227.jpg\" class=\"attachment-medium size-medium wp-image-7590\" alt=\"Sandra Straub Assistentin der Gesch\u00e4ftsleitung\" srcset=\"https:\/\/www.pump-products.de\/wp-content\/uploads\/2023\/11\/MG_1227.jpg 300w, https:\/\/www.pump-products.de\/wp-content\/uploads\/2023\/11\/MG_1227-18x12.jpg 18w\" sizes=\"(max-width: 300px) 100vw, 300px\" \/>\t\t\t\t\t\t\t\t\t\t\t\t\t\t\t<\/div>\n\t\t\t\t<\/div>\n\t\t\t\t\t<\/div>\n\t\t<\/div>\n\t\t\t\t<div class=\"elementor-column elementor-col-50 elementor-top-column elementor-element elementor-element-2cdb9103\" data-id=\"2cdb9103\" data-element_type=\"column\" data-e-type=\"column\">\n\t\t\t<div class=\"elementor-widget-wrap elementor-element-populated\">\n\t\t\t\t\t\t<div class=\"elementor-element elementor-element-3036215 elementor-widget elementor-widget-heading\" data-id=\"3036215\" data-element_type=\"widget\" data-e-type=\"widget\" data-widget_type=\"heading.default\">\n\t\t\t\t<div class=\"elementor-widget-container\">\n\t\t\t\t\t<h5 class=\"elementor-heading-title elementor-size-default\">Contact person<\/h5>\t\t\t\t<\/div>\n\t\t\t\t<\/div>\n\t\t\t\t<div class=\"elementor-element elementor-element-6cf63ab0 elementor-widget elementor-widget-text-editor\" data-id=\"6cf63ab0\" data-element_type=\"widget\" data-e-type=\"widget\" data-widget_type=\"text-editor.default\">\n\t\t\t\t<div class=\"elementor-widget-container\">\n\t\t\t\t\t\t\t\t\t<p><strong>Sandra\u00a0Straub<\/strong><br \/>Executive Assistant<br \/><a href=\"tel:+49 5439 80921-0\"><strong>+49 5439 80921-0<\/strong><\/a><\/p>\t\t\t\t\t\t\t\t<\/div>\n\t\t\t\t<\/div>\n\t\t\t\t\t<\/div>\n\t\t<\/div>\n\t\t\t\t\t<\/div>\n\t\t<\/section>\n\t\t\t\t<section class=\"elementor-section elementor-top-section elementor-element elementor-element-a8a2502 elementor-section-height-min-height elementor-section-content-middle elementor-section-boxed elementor-section-height-default elementor-section-items-middle\" data-id=\"a8a2502\" data-element_type=\"section\" data-e-type=\"section\" data-settings=\"{&quot;background_background&quot;:&quot;classic&quot;,&quot;shape_divider_top&quot;:&quot;arrow&quot;}\">\n\t\t\t\t\t<div class=\"elementor-shape elementor-shape-top\" aria-hidden=\"true\" data-negative=\"false\">\n\t\t\t<svg xmlns=\"http:\/\/www.w3.org\/2000\/svg\" viewbox=\"0 0 700 10\" preserveaspectratio=\"none\">\n\t<path class=\"elementor-shape-fill\" d=\"M350,10L340,0h20L350,10z\"\/>\n<\/svg>\t\t<\/div>\n\t\t\t\t\t<div class=\"elementor-container elementor-column-gap-no\">\n\t\t\t\t\t<div class=\"elementor-column elementor-col-100 elementor-top-column elementor-element elementor-element-5f192f6\" data-id=\"5f192f6\" data-element_type=\"column\" data-e-type=\"column\">\n\t\t\t<div class=\"elementor-widget-wrap elementor-element-populated\">\n\t\t\t\t\t\t<div class=\"elementor-element elementor-element-a5778fc elementor-widget elementor-widget-text-editor\" data-id=\"a5778fc\" data-element_type=\"widget\" data-e-type=\"widget\" data-widget_type=\"text-editor.default\">\n\t\t\t\t<div class=\"elementor-widget-container\">\n\t\t\t\t\t\t\t\t\t<p>Sandra\u00a0Straub<a href=\"tel:+49 5439 80921-0\"> <span style=\"text-decoration: underline;\">call directly.<\/span><\/a><\/p>\t\t\t\t\t\t\t\t<\/div>\n\t\t\t\t<\/div>\n\t\t\t\t\t<\/div>\n\t\t<\/div>\n\t\t\t\t\t<\/div>\n\t\t<\/section>\n\t\t\t\t<\/div>","protected":false},"excerpt":{"rendered":"<p>Job als Monteur:inSchwerpunkt Maschinenbau in Bersenbr\u00fcck Monteur:in (m\/w\/d) Wir sind der technologisch f\u00fchrende Hersteller von Drehkolbenpumpen. Unsere Premium-Produkte sind weltweit im Einsatz. Wir verschaffen unseren Kunden den entscheidenden Vorsprung zum Erfolg \u2013 und auch f\u00fcr unser Team ist uns wichtig, Potentiale zu sehen und zu f\u00f6rdern. Wir suchen dich alsMonteur:in (m\/w\/d) Arbeitsort:Bersenbr\u00fcck Arbeitszeit:Vollzeit (40 Std.\/Woche) [&hellip;]<\/p>\n","protected":false},"author":1,"featured_media":0,"parent":35,"menu_order":13,"comment_status":"closed","ping_status":"closed","template":"elementor_header_footer","meta":{"footnotes":""},"class_list":["post-6089","page","type-page","status-publish","hentry"],"yoast_head":"<!-- This site is optimized with the Yoast SEO plugin v27.6 - https:\/\/yoast.com\/product\/yoast-seo-wordpress\/ -->\n<title>Monteur:in in Bersenbr\u00fcck - www.pump-products.de<\/title>\n<meta name=\"robots\" content=\"index, follow, max-snippet:-1, max-image-preview:large, max-video-preview:-1\" \/>\n<link rel=\"canonical\" href=\"https:\/\/www.pump-products.de\/en\/unternehmen\/monteur-in-bersenbrueck\/\" \/>\n<meta property=\"og:locale\" content=\"en_GB\" \/>\n<meta property=\"og:type\" content=\"article\" \/>\n<meta property=\"og:title\" content=\"Monteur:in in Bersenbr\u00fcck - www.pump-products.de\" \/>\n<meta property=\"og:description\" content=\"Job als Monteur:inSchwerpunkt Maschinenbau in Bersenbr\u00fcck Monteur:in (m\/w\/d) Wir sind der technologisch f\u00fchrende Hersteller von Drehkolbenpumpen. Unsere Premium-Produkte sind weltweit im Einsatz. Wir verschaffen unseren Kunden den entscheidenden Vorsprung zum Erfolg \u2013 und auch f\u00fcr unser Team ist uns wichtig, Potentiale zu sehen und zu f\u00f6rdern. Wir suchen dich alsMonteur:in (m\/w\/d) Arbeitsort:Bersenbr\u00fcck Arbeitszeit:Vollzeit (40 Std.\/Woche) [&hellip;]\" \/>\n<meta property=\"og:url\" content=\"https:\/\/www.pump-products.de\/en\/unternehmen\/monteur-in-bersenbrueck\/\" \/>\n<meta property=\"og:site_name\" content=\"www.pump-products.de\" \/>\n<meta property=\"article:modified_time\" content=\"2026-01-15T09:19:55+00:00\" \/>\n<meta property=\"og:image\" content=\"https:\/\/www.pump-products.de\/wp-content\/uploads\/2023\/11\/MG_1227.jpg\" \/>\n\t<meta property=\"og:image:width\" content=\"300\" \/>\n\t<meta property=\"og:image:height\" content=\"200\" \/>\n\t<meta property=\"og:image:type\" content=\"image\/jpeg\" \/>\n<meta name=\"twitter:card\" content=\"summary_large_image\" \/>\n<meta name=\"twitter:label1\" content=\"Estimated reading time\" \/>\n\t<meta name=\"twitter:data1\" content=\"2 minutes\" \/>\n<script type=\"application\/ld+json\" class=\"yoast-schema-graph\">{\"@context\":\"https:\\\/\\\/schema.org\",\"@graph\":[{\"@type\":\"WebPage\",\"@id\":\"https:\\\/\\\/www.pump-products.de\\\/unternehmen\\\/monteur-in-bersenbrueck\\\/\",\"url\":\"https:\\\/\\\/www.pump-products.de\\\/unternehmen\\\/monteur-in-bersenbrueck\\\/\",\"name\":\"Monteur:in in Bersenbr\u00fcck - www.pump-products.de\",\"isPartOf\":{\"@id\":\"https:\\\/\\\/www.pump-products.de\\\/#website\"},\"primaryImageOfPage\":{\"@id\":\"https:\\\/\\\/www.pump-products.de\\\/unternehmen\\\/monteur-in-bersenbrueck\\\/#primaryimage\"},\"image\":{\"@id\":\"https:\\\/\\\/www.pump-products.de\\\/unternehmen\\\/monteur-in-bersenbrueck\\\/#primaryimage\"},\"thumbnailUrl\":\"https:\\\/\\\/www.pump-products.de\\\/wp-content\\\/uploads\\\/2023\\\/11\\\/MG_1227.jpg\",\"datePublished\":\"2023-05-31T13:57:19+00:00\",\"dateModified\":\"2026-01-15T09:19:55+00:00\",\"breadcrumb\":{\"@id\":\"https:\\\/\\\/www.pump-products.de\\\/unternehmen\\\/monteur-in-bersenbrueck\\\/#breadcrumb\"},\"inLanguage\":\"en-GB\",\"potentialAction\":[{\"@type\":\"ReadAction\",\"target\":[\"https:\\\/\\\/www.pump-products.de\\\/unternehmen\\\/monteur-in-bersenbrueck\\\/\"]}]},{\"@type\":\"ImageObject\",\"inLanguage\":\"en-GB\",\"@id\":\"https:\\\/\\\/www.pump-products.de\\\/unternehmen\\\/monteur-in-bersenbrueck\\\/#primaryimage\",\"url\":\"https:\\\/\\\/www.pump-products.de\\\/wp-content\\\/uploads\\\/2023\\\/11\\\/MG_1227.jpg\",\"contentUrl\":\"https:\\\/\\\/www.pump-products.de\\\/wp-content\\\/uploads\\\/2023\\\/11\\\/MG_1227.jpg\"},{\"@type\":\"BreadcrumbList\",\"@id\":\"https:\\\/\\\/www.pump-products.de\\\/unternehmen\\\/monteur-in-bersenbrueck\\\/#breadcrumb\",\"itemListElement\":[{\"@type\":\"ListItem\",\"position\":1,\"name\":\"Home\",\"item\":\"https:\\\/\\\/www.pump-products.de\\\/\"},{\"@type\":\"ListItem\",\"position\":2,\"name\":\"Unternehmen\",\"item\":\"https:\\\/\\\/www.pump-products.de\\\/unternehmen\\\/\"},{\"@type\":\"ListItem\",\"position\":3,\"name\":\"Monteur:in in Bersenbr\u00fcck\"}]},{\"@type\":\"WebSite\",\"@id\":\"https:\\\/\\\/www.pump-products.de\\\/#website\",\"url\":\"https:\\\/\\\/www.pump-products.de\\\/\",\"name\":\"www.pump-products.de\",\"description\":\"iPP Pump Products GmbH - Pumpenl\u00f6sungen aus Bersenbr\u00fcck f\u00fcr Lebensmittel-, Kosmetik-, Chemietechnik f\u00fcr Deutschland\",\"publisher\":{\"@id\":\"https:\\\/\\\/www.pump-products.de\\\/#organization\"},\"potentialAction\":[{\"@type\":\"SearchAction\",\"target\":{\"@type\":\"EntryPoint\",\"urlTemplate\":\"https:\\\/\\\/www.pump-products.de\\\/?s={search_term_string}\"},\"query-input\":{\"@type\":\"PropertyValueSpecification\",\"valueRequired\":true,\"valueName\":\"search_term_string\"}}],\"inLanguage\":\"en-GB\"},{\"@type\":\"Organization\",\"@id\":\"https:\\\/\\\/www.pump-products.de\\\/#organization\",\"name\":\"ipp Pump Products GmbH\",\"url\":\"https:\\\/\\\/www.pump-products.de\\\/\",\"logo\":{\"@type\":\"ImageObject\",\"inLanguage\":\"en-GB\",\"@id\":\"https:\\\/\\\/www.pump-products.de\\\/#\\\/schema\\\/logo\\\/image\\\/\",\"url\":\"https:\\\/\\\/www.pump-products.de\\\/wp-content\\\/uploads\\\/2022\\\/06\\\/PSGIPP-1.svg\",\"contentUrl\":\"https:\\\/\\\/www.pump-products.de\\\/wp-content\\\/uploads\\\/2022\\\/06\\\/PSGIPP-1.svg\",\"width\":258,\"height\":100,\"caption\":\"ipp Pump Products GmbH\"},\"image\":{\"@id\":\"https:\\\/\\\/www.pump-products.de\\\/#\\\/schema\\\/logo\\\/image\\\/\"}}]}<\/script>\n<!-- \/ Yoast SEO plugin. -->","yoast_head_json":{"title":"Monteur:in in Bersenbr\u00fcck - www.pump-products.de","robots":{"index":"index","follow":"follow","max-snippet":"max-snippet:-1","max-image-preview":"max-image-preview:large","max-video-preview":"max-video-preview:-1"},"canonical":"https:\/\/www.pump-products.de\/en\/unternehmen\/monteur-in-bersenbrueck\/","og_locale":"en_GB","og_type":"article","og_title":"Monteur:in in Bersenbr\u00fcck - www.pump-products.de","og_description":"Job als Monteur:inSchwerpunkt Maschinenbau in Bersenbr\u00fcck Monteur:in (m\/w\/d) Wir sind der technologisch f\u00fchrende Hersteller von Drehkolbenpumpen. Unsere Premium-Produkte sind weltweit im Einsatz. Wir verschaffen unseren Kunden den entscheidenden Vorsprung zum Erfolg \u2013 und auch f\u00fcr unser Team ist uns wichtig, Potentiale zu sehen und zu f\u00f6rdern. Wir suchen dich alsMonteur:in (m\/w\/d) Arbeitsort:Bersenbr\u00fcck Arbeitszeit:Vollzeit (40 Std.\/Woche) [&hellip;]","og_url":"https:\/\/www.pump-products.de\/en\/unternehmen\/monteur-in-bersenbrueck\/","og_site_name":"www.pump-products.de","article_modified_time":"2026-01-15T09:19:55+00:00","og_image":[{"width":300,"height":200,"url":"https:\/\/www.pump-products.de\/wp-content\/uploads\/2023\/11\/MG_1227.jpg","type":"image\/jpeg"}],"twitter_card":"summary_large_image","twitter_misc":{"Estimated reading time":"2 minutes"},"schema":{"@context":"https:\/\/schema.org","@graph":[{"@type":"WebPage","@id":"https:\/\/www.pump-products.de\/unternehmen\/monteur-in-bersenbrueck\/","url":"https:\/\/www.pump-products.de\/unternehmen\/monteur-in-bersenbrueck\/","name":"Monteur:in in Bersenbr\u00fcck - www.pump-products.de","isPartOf":{"@id":"https:\/\/www.pump-products.de\/#website"},"primaryImageOfPage":{"@id":"https:\/\/www.pump-products.de\/unternehmen\/monteur-in-bersenbrueck\/#primaryimage"},"image":{"@id":"https:\/\/www.pump-products.de\/unternehmen\/monteur-in-bersenbrueck\/#primaryimage"},"thumbnailUrl":"https:\/\/www.pump-products.de\/wp-content\/uploads\/2023\/11\/MG_1227.jpg","datePublished":"2023-05-31T13:57:19+00:00","dateModified":"2026-01-15T09:19:55+00:00","breadcrumb":{"@id":"https:\/\/www.pump-products.de\/unternehmen\/monteur-in-bersenbrueck\/#breadcrumb"},"inLanguage":"en-GB","potentialAction":[{"@type":"ReadAction","target":["https:\/\/www.pump-products.de\/unternehmen\/monteur-in-bersenbrueck\/"]}]},{"@type":"ImageObject","inLanguage":"en-GB","@id":"https:\/\/www.pump-products.de\/unternehmen\/monteur-in-bersenbrueck\/#primaryimage","url":"https:\/\/www.pump-products.de\/wp-content\/uploads\/2023\/11\/MG_1227.jpg","contentUrl":"https:\/\/www.pump-products.de\/wp-content\/uploads\/2023\/11\/MG_1227.jpg"},{"@type":"BreadcrumbList","@id":"https:\/\/www.pump-products.de\/unternehmen\/monteur-in-bersenbrueck\/#breadcrumb","itemListElement":[{"@type":"ListItem","position":1,"name":"Home","item":"https:\/\/www.pump-products.de\/"},{"@type":"ListItem","position":2,"name":"Unternehmen","item":"https:\/\/www.pump-products.de\/unternehmen\/"},{"@type":"ListItem","position":3,"name":"Monteur:in in Bersenbr\u00fcck"}]},{"@type":"WebSite","@id":"https:\/\/www.pump-products.de\/#website","url":"https:\/\/www.pump-products.de\/","name":"www.pump-products.de","description":"iPP Pump Products GmbH - Pumpenl\u00f6sungen aus Bersenbr\u00fcck f\u00fcr Lebensmittel-, Kosmetik-, Chemietechnik f\u00fcr Deutschland","publisher":{"@id":"https:\/\/www.pump-products.de\/#organization"},"potentialAction":[{"@type":"SearchAction","target":{"@type":"EntryPoint","urlTemplate":"https:\/\/www.pump-products.de\/?s={search_term_string}"},"query-input":{"@type":"PropertyValueSpecification","valueRequired":true,"valueName":"search_term_string"}}],"inLanguage":"en-GB"},{"@type":"Organization","@id":"https:\/\/www.pump-products.de\/#organization","name":"ipp Pump Products GmbH","url":"https:\/\/www.pump-products.de\/","logo":{"@type":"ImageObject","inLanguage":"en-GB","@id":"https:\/\/www.pump-products.de\/#\/schema\/logo\/image\/","url":"https:\/\/www.pump-products.de\/wp-content\/uploads\/2022\/06\/PSGIPP-1.svg","contentUrl":"https:\/\/www.pump-products.de\/wp-content\/uploads\/2022\/06\/PSGIPP-1.svg","width":258,"height":100,"caption":"ipp Pump Products GmbH"},"image":{"@id":"https:\/\/www.pump-products.de\/#\/schema\/logo\/image\/"}}]}},"_links":{"self":[{"href":"https:\/\/www.pump-products.de\/en\/wp-json\/wp\/v2\/pages\/6089","targetHints":{"allow":["GET"]}}],"collection":[{"href":"https:\/\/www.pump-products.de\/en\/wp-json\/wp\/v2\/pages"}],"about":[{"href":"https:\/\/www.pump-products.de\/en\/wp-json\/wp\/v2\/types\/page"}],"author":[{"embeddable":true,"href":"https:\/\/www.pump-products.de\/en\/wp-json\/wp\/v2\/users\/1"}],"replies":[{"embeddable":true,"href":"https:\/\/www.pump-products.de\/en\/wp-json\/wp\/v2\/comments?post=6089"}],"version-history":[{"count":31,"href":"https:\/\/www.pump-products.de\/en\/wp-json\/wp\/v2\/pages\/6089\/revisions"}],"predecessor-version":[{"id":16726,"href":"https:\/\/www.pump-products.de\/en\/wp-json\/wp\/v2\/pages\/6089\/revisions\/16726"}],"up":[{"embeddable":true,"href":"https:\/\/www.pump-products.de\/en\/wp-json\/wp\/v2\/pages\/35"}],"wp:attachment":[{"href":"https:\/\/www.pump-products.de\/en\/wp-json\/wp\/v2\/media?parent=6089"}],"curies":[{"name":"wp","href":"https:\/\/api.w.org\/{rel}","templated":true}]}}