{"id":6081,"date":"2023-05-31T15:42:16","date_gmt":"2023-05-31T13:42:16","guid":{"rendered":"https:\/\/www.pump-products.de\/?page_id=6081"},"modified":"2023-05-31T16:16:55","modified_gmt":"2023-05-31T14:16:55","slug":"industriekaufmann-frau-in-bersenbrueck","status":"publish","type":"page","link":"https:\/\/www.pump-products.de\/en\/unternehmen\/industriekaufmann-frau-in-bersenbrueck\/","title":{"rendered":"Industriekaufmann:frau in Bersenbr\u00fcck"},"content":{"rendered":"<div data-elementor-type=\"wp-page\" data-elementor-id=\"6081\" class=\"elementor elementor-6081\" data-elementor-post-type=\"page\">\n\t\t\t\t\t\t<section class=\"elementor-section elementor-top-section elementor-element elementor-element-39dfbea6 elementor-section-height-min-height elementor-section-items-bottom elementor-section-boxed elementor-section-height-default\" data-id=\"39dfbea6\" data-element_type=\"section\" data-e-type=\"section\" data-settings=\"{&quot;background_background&quot;:&quot;classic&quot;}\">\n\t\t\t\t\t\t\t<div class=\"elementor-background-overlay\"><\/div>\n\t\t\t\t\t\t\t<div class=\"elementor-container elementor-column-gap-default\">\n\t\t\t\t\t<div class=\"elementor-column elementor-col-100 elementor-top-column elementor-element elementor-element-923f6f\" data-id=\"923f6f\" data-element_type=\"column\" data-e-type=\"column\" data-settings=\"{&quot;background_background&quot;:&quot;classic&quot;}\">\n\t\t\t<div class=\"elementor-widget-wrap elementor-element-populated\">\n\t\t\t\t\t\t<div class=\"elementor-element elementor-element-184df433 elementor-widget elementor-widget-heading\" data-id=\"184df433\" data-element_type=\"widget\" data-e-type=\"widget\" data-widget_type=\"heading.default\">\n\t\t\t\t<div class=\"elementor-widget-container\">\n\t\t\t\t\t<h2 class=\"elementor-heading-title elementor-size-default\">Job als Industriekaufmann:frau <\/br>in Bersenbr\u00fcck<\/h2>\t\t\t\t<\/div>\n\t\t\t\t<\/div>\n\t\t\t\t\t<\/div>\n\t\t<\/div>\n\t\t\t\t\t<\/div>\n\t\t<\/section>\n\t\t\t\t<section class=\"elementor-section elementor-top-section elementor-element elementor-element-39d90d76 elementor-section-boxed elementor-section-height-default elementor-section-height-default\" data-id=\"39d90d76\" data-element_type=\"section\" data-e-type=\"section\">\n\t\t\t\t\t\t<div class=\"elementor-container elementor-column-gap-default\">\n\t\t\t\t\t<div class=\"elementor-column elementor-col-100 elementor-top-column elementor-element elementor-element-d4f9aa\" data-id=\"d4f9aa\" data-element_type=\"column\" data-e-type=\"column\">\n\t\t\t<div class=\"elementor-widget-wrap elementor-element-populated\">\n\t\t\t\t\t\t<div class=\"elementor-element elementor-element-3520d1fc elementor-widget elementor-widget-heading\" data-id=\"3520d1fc\" data-element_type=\"widget\" data-e-type=\"widget\" data-widget_type=\"heading.default\">\n\t\t\t\t<div class=\"elementor-widget-container\">\n\t\t\t\t\t<h1 class=\"elementor-heading-title elementor-size-default\">Industriekaufmann:frau (m\/w\/d)<\/h1>\t\t\t\t<\/div>\n\t\t\t\t<\/div>\n\t\t\t\t<div class=\"elementor-element elementor-element-4d291e2c elementor-widget elementor-widget-text-editor\" data-id=\"4d291e2c\" data-element_type=\"widget\" data-e-type=\"widget\" data-widget_type=\"text-editor.default\">\n\t\t\t\t<div class=\"elementor-widget-container\">\n\t\t\t\t\t\t\t\t\t<p style=\"font-weight: 400;\">We are the leading manufacturer of rotary lobe pumps in terms of technology. Our premium products are used worldwide. We give our customers the decisive edge they need to succeed\u2014and we also believe it is important for our team to recognize and promote potential.<\/p><p>We are looking for you as<br \/><strong>Industriekaufmann:frau (m\/w\/d)<\/strong><\/p><p>Place of work:<br \/>Bersenbr\u00fcck<\/p><p>Working hours:<br \/>Full-time (40 hours\/week)<\/p><p>Entry date:<br \/>as of now<\/p><p><strong>Your tasks:<\/strong><\/p><ul><li>General office management<\/li><li>Documentation<\/li><li>National and international shipping<\/li><li>Order processing<\/li><li>Invoice billing<\/li><li>Purchasing\/materials management<\/li><li>Database updates<\/li><li>Compilation of statistics (market shares, product splits, etc.)<\/li><li>Creation of customer-specific documentation (certificates, operating instructions)<\/li><li>Customs clearance<\/li><\/ul><p>\u00a0<\/p><p><strong>Your profile:<\/strong><\/p><ul><li><div>Completed commercial training<\/div><\/li><li><div>Ideally, initial professional experience\u00a0<\/div><\/li><li><div>Confident use of MS Office\u00a0<\/div><\/li><li><div>Good English skills\u00a0<\/div><\/li><li><div>Desirable: Spanish skills\u00a0<\/div><\/li><li><div>Interest in further training<\/div><\/li><\/ul><p>\u00a0<\/p><p><strong>What we offer:<\/strong><\/p><ul><li><div>A permanent job<\/div><\/li><li><div>Varied tasks<\/div><\/li><li><div>Top salary<\/div><\/li><li><div>Flat hierarchies<\/div><\/li><li><div>Regular feedback<\/div><\/li><li><div>A close-knit team<\/div><\/li><li><div>Free drinks at work<\/div><\/li><li><div>Regular company events<\/div><\/li><\/ul><p>\u00a0<\/p><p><strong>Our benefits:<\/strong><\/p><ul><li><div>HanseFit\u00a0<\/div><\/li><li><div>EdenRed - credit card\u00a0<\/div><\/li><li><div>JobBike\u00a0<\/div><\/li><li><div>Company pension scheme (after probationary period)<\/div><\/li><\/ul><p>\u00a0<\/p><p><strong>Contact:<\/strong><\/p><p>Fits, wobbles and has air? That makes us happy!<br \/>Apply directly via our <a href=\"https:\/\/www.pump-products.de\/en\/unternehmen\/karriere-2\/#formular\">Contact form<\/a> or by email to <a href=\"mailto:sstraub@pump-products.de\">sstraub@pump-products.de<\/a>.<\/p><p>If you have any questions, we are here for you!<\/p><p>Contact: Sandra Straub<br \/>Phone: <a href=\"tel:+49 5439 80 921-0\">+49 5439 80 921-0<\/a><br \/>Mail: <a href=\"mailto:sstraub@pump-products.de\">sstraub@pump-products.de<\/a><\/p><p>ipp Pump Products GmbH<br \/>Feldm\u00fchlenweg 6-10<br \/>D-49593 Bersenbr\u00fcck<\/p>\t\t\t\t\t\t\t\t<\/div>\n\t\t\t\t<\/div>\n\t\t\t\t\t<\/div>\n\t\t<\/div>\n\t\t\t\t\t<\/div>\n\t\t<\/section>\n\t\t\t\t<section class=\"elementor-section elementor-top-section elementor-element elementor-element-70aa0e03 elementor-section-content-middle elementor-section-boxed elementor-section-height-default elementor-section-height-default\" data-id=\"70aa0e03\" data-element_type=\"section\" data-e-type=\"section\" data-settings=\"{&quot;background_background&quot;:&quot;classic&quot;}\">\n\t\t\t\t\t\t<div class=\"elementor-container elementor-column-gap-no\">\n\t\t\t\t\t<div class=\"elementor-column elementor-col-50 elementor-top-column elementor-element elementor-element-46d30d61\" data-id=\"46d30d61\" data-element_type=\"column\" data-e-type=\"column\">\n\t\t\t<div class=\"elementor-widget-wrap elementor-element-populated\">\n\t\t\t\t\t\t<div class=\"elementor-element elementor-element-3fb6de69 elementor-widget elementor-widget-image\" data-id=\"3fb6de69\" data-element_type=\"widget\" data-e-type=\"widget\" data-widget_type=\"image.default\">\n\t\t\t\t<div class=\"elementor-widget-container\">\n\t\t\t\t\t\t\t\t\t\t\t\t\t\t\t<img fetchpriority=\"high\" decoding=\"async\" width=\"300\" height=\"200\" src=\"https:\/\/www.pump-products.de\/wp-content\/uploads\/2022\/07\/straub_sandra.jpg\" class=\"attachment-medium size-medium wp-image-1723\" alt=\"Sandra Straub\" srcset=\"https:\/\/www.pump-products.de\/wp-content\/uploads\/2022\/07\/straub_sandra.jpg 300w, https:\/\/www.pump-products.de\/wp-content\/uploads\/2022\/07\/straub_sandra-18x12.jpg 18w\" sizes=\"(max-width: 300px) 100vw, 300px\" \/>\t\t\t\t\t\t\t\t\t\t\t\t\t\t\t<\/div>\n\t\t\t\t<\/div>\n\t\t\t\t\t<\/div>\n\t\t<\/div>\n\t\t\t\t<div class=\"elementor-column elementor-col-50 elementor-top-column elementor-element elementor-element-2cdb9103\" data-id=\"2cdb9103\" data-element_type=\"column\" data-e-type=\"column\">\n\t\t\t<div class=\"elementor-widget-wrap elementor-element-populated\">\n\t\t\t\t\t\t<div class=\"elementor-element elementor-element-3036215 elementor-widget elementor-widget-heading\" data-id=\"3036215\" data-element_type=\"widget\" data-e-type=\"widget\" data-widget_type=\"heading.default\">\n\t\t\t\t<div class=\"elementor-widget-container\">\n\t\t\t\t\t<h5 class=\"elementor-heading-title elementor-size-default\">Contact person<\/h5>\t\t\t\t<\/div>\n\t\t\t\t<\/div>\n\t\t\t\t<div class=\"elementor-element elementor-element-6cf63ab0 elementor-widget elementor-widget-text-editor\" data-id=\"6cf63ab0\" data-element_type=\"widget\" data-e-type=\"widget\" data-widget_type=\"text-editor.default\">\n\t\t\t\t<div class=\"elementor-widget-container\">\n\t\t\t\t\t\t\t\t\t<p><strong>Sandra\u00a0Straub<\/strong><br \/>Executive Assistant<br \/><a href=\"tel:+49 5439 80921-0\"><strong>+49 5439 80921-0<\/strong><\/a><\/p>\t\t\t\t\t\t\t\t<\/div>\n\t\t\t\t<\/div>\n\t\t\t\t\t<\/div>\n\t\t<\/div>\n\t\t\t\t\t<\/div>\n\t\t<\/section>\n\t\t\t\t<section class=\"elementor-section elementor-top-section elementor-element elementor-element-a8a2502 elementor-section-height-min-height elementor-section-content-middle elementor-section-boxed elementor-section-height-default elementor-section-items-middle\" data-id=\"a8a2502\" data-element_type=\"section\" data-e-type=\"section\" data-settings=\"{&quot;background_background&quot;:&quot;classic&quot;,&quot;shape_divider_top&quot;:&quot;arrow&quot;}\">\n\t\t\t\t\t<div class=\"elementor-shape elementor-shape-top\" aria-hidden=\"true\" data-negative=\"false\">\n\t\t\t<svg xmlns=\"http:\/\/www.w3.org\/2000\/svg\" viewbox=\"0 0 700 10\" preserveaspectratio=\"none\">\n\t<path class=\"elementor-shape-fill\" d=\"M350,10L340,0h20L350,10z\"\/>\n<\/svg>\t\t<\/div>\n\t\t\t\t\t<div class=\"elementor-container elementor-column-gap-no\">\n\t\t\t\t\t<div class=\"elementor-column elementor-col-100 elementor-top-column elementor-element elementor-element-5f192f6\" data-id=\"5f192f6\" data-element_type=\"column\" data-e-type=\"column\">\n\t\t\t<div class=\"elementor-widget-wrap elementor-element-populated\">\n\t\t\t\t\t\t<div class=\"elementor-element elementor-element-a5778fc elementor-widget elementor-widget-text-editor\" data-id=\"a5778fc\" data-element_type=\"widget\" data-e-type=\"widget\" data-widget_type=\"text-editor.default\">\n\t\t\t\t<div class=\"elementor-widget-container\">\n\t\t\t\t\t\t\t\t\t<p>Sandra\u00a0Straub<a href=\"tel:+49 5439 80921-0\"> <span style=\"text-decoration: underline;\">call directly.<\/span><\/a><\/p>\t\t\t\t\t\t\t\t<\/div>\n\t\t\t\t<\/div>\n\t\t\t\t\t<\/div>\n\t\t<\/div>\n\t\t\t\t\t<\/div>\n\t\t<\/section>\n\t\t\t\t<\/div>","protected":false},"excerpt":{"rendered":"<p>Job als Industriekaufmann:frau in Bersenbr\u00fcck Industriekaufmann:frau (m\/w\/d) Wir sind der technologisch f\u00fchrende Hersteller von Drehkolbenpumpen. Unsere Premium-Produkte sind weltweit im Einsatz. Wir verschaffen unseren Kunden den entscheidenden Vorsprung zum Erfolg \u2013 und auch f\u00fcr unser Team ist uns wichtig, Potentiale zu sehen und zu f\u00f6rdern. Wir suchen dich alsIndustriekaufmann:frau (m\/w\/d) Arbeitsort:Bersenbr\u00fcck Arbeitszeit:Vollzeit (40 Std.\/Woche) Eintrittsdatum:ab [&hellip;]<\/p>\n","protected":false},"author":1,"featured_media":0,"parent":35,"menu_order":13,"comment_status":"closed","ping_status":"closed","template":"elementor_header_footer","meta":{"footnotes":""},"class_list":["post-6081","page","type-page","status-publish","hentry"],"yoast_head":"<!-- This site is optimized with the Yoast SEO plugin v27.6 - https:\/\/yoast.com\/product\/yoast-seo-wordpress\/ -->\n<title>Industriekaufmann:frau in Bersenbr\u00fcck - www.pump-products.de<\/title>\n<meta name=\"robots\" content=\"index, follow, max-snippet:-1, max-image-preview:large, max-video-preview:-1\" \/>\n<link rel=\"canonical\" href=\"https:\/\/www.pump-products.de\/en\/unternehmen\/industriekaufmann-frau-in-bersenbrueck\/\" \/>\n<meta property=\"og:locale\" content=\"en_GB\" \/>\n<meta property=\"og:type\" content=\"article\" \/>\n<meta property=\"og:title\" content=\"Industriekaufmann:frau in Bersenbr\u00fcck - www.pump-products.de\" \/>\n<meta property=\"og:description\" content=\"Job als Industriekaufmann:frau in Bersenbr\u00fcck Industriekaufmann:frau (m\/w\/d) Wir sind der technologisch f\u00fchrende Hersteller von Drehkolbenpumpen. Unsere Premium-Produkte sind weltweit im Einsatz. Wir verschaffen unseren Kunden den entscheidenden Vorsprung zum Erfolg \u2013 und auch f\u00fcr unser Team ist uns wichtig, Potentiale zu sehen und zu f\u00f6rdern. Wir suchen dich alsIndustriekaufmann:frau (m\/w\/d) Arbeitsort:Bersenbr\u00fcck Arbeitszeit:Vollzeit (40 Std.\/Woche) Eintrittsdatum:ab [&hellip;]\" \/>\n<meta property=\"og:url\" content=\"https:\/\/www.pump-products.de\/en\/unternehmen\/industriekaufmann-frau-in-bersenbrueck\/\" \/>\n<meta property=\"og:site_name\" content=\"www.pump-products.de\" \/>\n<meta property=\"article:modified_time\" content=\"2023-05-31T14:16:55+00:00\" \/>\n<meta property=\"og:image\" content=\"https:\/\/www.pump-products.de\/wp-content\/uploads\/2022\/07\/straub_sandra-300x200.jpg\" \/>\n<meta name=\"twitter:card\" content=\"summary_large_image\" \/>\n<meta name=\"twitter:label1\" content=\"Estimated reading time\" \/>\n\t<meta name=\"twitter:data1\" content=\"2 minutes\" \/>\n<script type=\"application\/ld+json\" class=\"yoast-schema-graph\">{\"@context\":\"https:\\\/\\\/schema.org\",\"@graph\":[{\"@type\":\"WebPage\",\"@id\":\"https:\\\/\\\/www.pump-products.de\\\/unternehmen\\\/industriekaufmann-frau-in-bersenbrueck\\\/\",\"url\":\"https:\\\/\\\/www.pump-products.de\\\/unternehmen\\\/industriekaufmann-frau-in-bersenbrueck\\\/\",\"name\":\"Industriekaufmann:frau in Bersenbr\u00fcck - www.pump-products.de\",\"isPartOf\":{\"@id\":\"https:\\\/\\\/www.pump-products.de\\\/#website\"},\"primaryImageOfPage\":{\"@id\":\"https:\\\/\\\/www.pump-products.de\\\/unternehmen\\\/industriekaufmann-frau-in-bersenbrueck\\\/#primaryimage\"},\"image\":{\"@id\":\"https:\\\/\\\/www.pump-products.de\\\/unternehmen\\\/industriekaufmann-frau-in-bersenbrueck\\\/#primaryimage\"},\"thumbnailUrl\":\"https:\\\/\\\/www.pump-products.de\\\/wp-content\\\/uploads\\\/2022\\\/07\\\/straub_sandra.jpg\",\"datePublished\":\"2023-05-31T13:42:16+00:00\",\"dateModified\":\"2023-05-31T14:16:55+00:00\",\"breadcrumb\":{\"@id\":\"https:\\\/\\\/www.pump-products.de\\\/unternehmen\\\/industriekaufmann-frau-in-bersenbrueck\\\/#breadcrumb\"},\"inLanguage\":\"en-GB\",\"potentialAction\":[{\"@type\":\"ReadAction\",\"target\":[\"https:\\\/\\\/www.pump-products.de\\\/unternehmen\\\/industriekaufmann-frau-in-bersenbrueck\\\/\"]}]},{\"@type\":\"ImageObject\",\"inLanguage\":\"en-GB\",\"@id\":\"https:\\\/\\\/www.pump-products.de\\\/unternehmen\\\/industriekaufmann-frau-in-bersenbrueck\\\/#primaryimage\",\"url\":\"https:\\\/\\\/www.pump-products.de\\\/wp-content\\\/uploads\\\/2022\\\/07\\\/straub_sandra.jpg\",\"contentUrl\":\"https:\\\/\\\/www.pump-products.de\\\/wp-content\\\/uploads\\\/2022\\\/07\\\/straub_sandra.jpg\"},{\"@type\":\"BreadcrumbList\",\"@id\":\"https:\\\/\\\/www.pump-products.de\\\/unternehmen\\\/industriekaufmann-frau-in-bersenbrueck\\\/#breadcrumb\",\"itemListElement\":[{\"@type\":\"ListItem\",\"position\":1,\"name\":\"Home\",\"item\":\"https:\\\/\\\/www.pump-products.de\\\/\"},{\"@type\":\"ListItem\",\"position\":2,\"name\":\"Unternehmen\",\"item\":\"https:\\\/\\\/www.pump-products.de\\\/unternehmen\\\/\"},{\"@type\":\"ListItem\",\"position\":3,\"name\":\"Industriekaufmann:frau in Bersenbr\u00fcck\"}]},{\"@type\":\"WebSite\",\"@id\":\"https:\\\/\\\/www.pump-products.de\\\/#website\",\"url\":\"https:\\\/\\\/www.pump-products.de\\\/\",\"name\":\"www.pump-products.de\",\"description\":\"iPP Pump Products GmbH - Pumpenl\u00f6sungen aus Bersenbr\u00fcck f\u00fcr Lebensmittel-, Kosmetik-, Chemietechnik f\u00fcr Deutschland\",\"publisher\":{\"@id\":\"https:\\\/\\\/www.pump-products.de\\\/#organization\"},\"potentialAction\":[{\"@type\":\"SearchAction\",\"target\":{\"@type\":\"EntryPoint\",\"urlTemplate\":\"https:\\\/\\\/www.pump-products.de\\\/?s={search_term_string}\"},\"query-input\":{\"@type\":\"PropertyValueSpecification\",\"valueRequired\":true,\"valueName\":\"search_term_string\"}}],\"inLanguage\":\"en-GB\"},{\"@type\":\"Organization\",\"@id\":\"https:\\\/\\\/www.pump-products.de\\\/#organization\",\"name\":\"ipp Pump Products GmbH\",\"url\":\"https:\\\/\\\/www.pump-products.de\\\/\",\"logo\":{\"@type\":\"ImageObject\",\"inLanguage\":\"en-GB\",\"@id\":\"https:\\\/\\\/www.pump-products.de\\\/#\\\/schema\\\/logo\\\/image\\\/\",\"url\":\"https:\\\/\\\/www.pump-products.de\\\/wp-content\\\/uploads\\\/2022\\\/06\\\/PSGIPP-1.svg\",\"contentUrl\":\"https:\\\/\\\/www.pump-products.de\\\/wp-content\\\/uploads\\\/2022\\\/06\\\/PSGIPP-1.svg\",\"width\":258,\"height\":100,\"caption\":\"ipp Pump Products GmbH\"},\"image\":{\"@id\":\"https:\\\/\\\/www.pump-products.de\\\/#\\\/schema\\\/logo\\\/image\\\/\"}}]}<\/script>\n<!-- \/ Yoast SEO plugin. -->","yoast_head_json":{"title":"Industriekaufmann:frau in Bersenbr\u00fcck - www.pump-products.de","robots":{"index":"index","follow":"follow","max-snippet":"max-snippet:-1","max-image-preview":"max-image-preview:large","max-video-preview":"max-video-preview:-1"},"canonical":"https:\/\/www.pump-products.de\/en\/unternehmen\/industriekaufmann-frau-in-bersenbrueck\/","og_locale":"en_GB","og_type":"article","og_title":"Industriekaufmann:frau in Bersenbr\u00fcck - www.pump-products.de","og_description":"Job als Industriekaufmann:frau in Bersenbr\u00fcck Industriekaufmann:frau (m\/w\/d) Wir sind der technologisch f\u00fchrende Hersteller von Drehkolbenpumpen. Unsere Premium-Produkte sind weltweit im Einsatz. Wir verschaffen unseren Kunden den entscheidenden Vorsprung zum Erfolg \u2013 und auch f\u00fcr unser Team ist uns wichtig, Potentiale zu sehen und zu f\u00f6rdern. Wir suchen dich alsIndustriekaufmann:frau (m\/w\/d) Arbeitsort:Bersenbr\u00fcck Arbeitszeit:Vollzeit (40 Std.\/Woche) Eintrittsdatum:ab [&hellip;]","og_url":"https:\/\/www.pump-products.de\/en\/unternehmen\/industriekaufmann-frau-in-bersenbrueck\/","og_site_name":"www.pump-products.de","article_modified_time":"2023-05-31T14:16:55+00:00","og_image":[{"url":"https:\/\/www.pump-products.de\/wp-content\/uploads\/2022\/07\/straub_sandra-300x200.jpg","type":"","width":"","height":""}],"twitter_card":"summary_large_image","twitter_misc":{"Estimated reading time":"2 minutes"},"schema":{"@context":"https:\/\/schema.org","@graph":[{"@type":"WebPage","@id":"https:\/\/www.pump-products.de\/unternehmen\/industriekaufmann-frau-in-bersenbrueck\/","url":"https:\/\/www.pump-products.de\/unternehmen\/industriekaufmann-frau-in-bersenbrueck\/","name":"Industriekaufmann:frau in Bersenbr\u00fcck - www.pump-products.de","isPartOf":{"@id":"https:\/\/www.pump-products.de\/#website"},"primaryImageOfPage":{"@id":"https:\/\/www.pump-products.de\/unternehmen\/industriekaufmann-frau-in-bersenbrueck\/#primaryimage"},"image":{"@id":"https:\/\/www.pump-products.de\/unternehmen\/industriekaufmann-frau-in-bersenbrueck\/#primaryimage"},"thumbnailUrl":"https:\/\/www.pump-products.de\/wp-content\/uploads\/2022\/07\/straub_sandra.jpg","datePublished":"2023-05-31T13:42:16+00:00","dateModified":"2023-05-31T14:16:55+00:00","breadcrumb":{"@id":"https:\/\/www.pump-products.de\/unternehmen\/industriekaufmann-frau-in-bersenbrueck\/#breadcrumb"},"inLanguage":"en-GB","potentialAction":[{"@type":"ReadAction","target":["https:\/\/www.pump-products.de\/unternehmen\/industriekaufmann-frau-in-bersenbrueck\/"]}]},{"@type":"ImageObject","inLanguage":"en-GB","@id":"https:\/\/www.pump-products.de\/unternehmen\/industriekaufmann-frau-in-bersenbrueck\/#primaryimage","url":"https:\/\/www.pump-products.de\/wp-content\/uploads\/2022\/07\/straub_sandra.jpg","contentUrl":"https:\/\/www.pump-products.de\/wp-content\/uploads\/2022\/07\/straub_sandra.jpg"},{"@type":"BreadcrumbList","@id":"https:\/\/www.pump-products.de\/unternehmen\/industriekaufmann-frau-in-bersenbrueck\/#breadcrumb","itemListElement":[{"@type":"ListItem","position":1,"name":"Home","item":"https:\/\/www.pump-products.de\/"},{"@type":"ListItem","position":2,"name":"Unternehmen","item":"https:\/\/www.pump-products.de\/unternehmen\/"},{"@type":"ListItem","position":3,"name":"Industriekaufmann:frau in Bersenbr\u00fcck"}]},{"@type":"WebSite","@id":"https:\/\/www.pump-products.de\/#website","url":"https:\/\/www.pump-products.de\/","name":"www.pump-products.de","description":"iPP Pump Products GmbH - Pumpenl\u00f6sungen aus Bersenbr\u00fcck f\u00fcr Lebensmittel-, Kosmetik-, Chemietechnik f\u00fcr Deutschland","publisher":{"@id":"https:\/\/www.pump-products.de\/#organization"},"potentialAction":[{"@type":"SearchAction","target":{"@type":"EntryPoint","urlTemplate":"https:\/\/www.pump-products.de\/?s={search_term_string}"},"query-input":{"@type":"PropertyValueSpecification","valueRequired":true,"valueName":"search_term_string"}}],"inLanguage":"en-GB"},{"@type":"Organization","@id":"https:\/\/www.pump-products.de\/#organization","name":"ipp Pump Products GmbH","url":"https:\/\/www.pump-products.de\/","logo":{"@type":"ImageObject","inLanguage":"en-GB","@id":"https:\/\/www.pump-products.de\/#\/schema\/logo\/image\/","url":"https:\/\/www.pump-products.de\/wp-content\/uploads\/2022\/06\/PSGIPP-1.svg","contentUrl":"https:\/\/www.pump-products.de\/wp-content\/uploads\/2022\/06\/PSGIPP-1.svg","width":258,"height":100,"caption":"ipp Pump Products GmbH"},"image":{"@id":"https:\/\/www.pump-products.de\/#\/schema\/logo\/image\/"}}]}},"_links":{"self":[{"href":"https:\/\/www.pump-products.de\/en\/wp-json\/wp\/v2\/pages\/6081","targetHints":{"allow":["GET"]}}],"collection":[{"href":"https:\/\/www.pump-products.de\/en\/wp-json\/wp\/v2\/pages"}],"about":[{"href":"https:\/\/www.pump-products.de\/en\/wp-json\/wp\/v2\/types\/page"}],"author":[{"embeddable":true,"href":"https:\/\/www.pump-products.de\/en\/wp-json\/wp\/v2\/users\/1"}],"replies":[{"embeddable":true,"href":"https:\/\/www.pump-products.de\/en\/wp-json\/wp\/v2\/comments?post=6081"}],"version-history":[{"count":11,"href":"https:\/\/www.pump-products.de\/en\/wp-json\/wp\/v2\/pages\/6081\/revisions"}],"predecessor-version":[{"id":6106,"href":"https:\/\/www.pump-products.de\/en\/wp-json\/wp\/v2\/pages\/6081\/revisions\/6106"}],"up":[{"embeddable":true,"href":"https:\/\/www.pump-products.de\/en\/wp-json\/wp\/v2\/pages\/35"}],"wp:attachment":[{"href":"https:\/\/www.pump-products.de\/en\/wp-json\/wp\/v2\/media?parent=6081"}],"curies":[{"name":"wp","href":"https:\/\/api.w.org\/{rel}","templated":true}]}}