{"id":2532,"date":"2022-08-03T15:03:31","date_gmt":"2022-08-03T13:03:31","guid":{"rendered":"https:\/\/www.pump-products.de\/?page_id=2532"},"modified":"2023-07-28T14:22:43","modified_gmt":"2023-07-28T12:22:43","slug":"sitemap","status":"publish","type":"page","link":"https:\/\/www.pump-products.de\/en\/sitemap\/","title":{"rendered":"Sitemap"},"content":{"rendered":"<div data-elementor-type=\"wp-page\" data-elementor-id=\"2532\" class=\"elementor elementor-2532\" data-elementor-post-type=\"page\">\n\t\t\t\t\t\t<section class=\"elementor-section elementor-top-section elementor-element elementor-element-16e643f elementor-section-height-min-height elementor-section-items-bottom elementor-section-boxed elementor-section-height-default\" data-id=\"16e643f\" data-element_type=\"section\" data-e-type=\"section\" data-settings=\"{&quot;background_background&quot;:&quot;classic&quot;}\">\n\t\t\t\t\t\t\t<div class=\"elementor-background-overlay\"><\/div>\n\t\t\t\t\t\t\t<div class=\"elementor-container elementor-column-gap-default\">\n\t\t\t\t\t<div class=\"elementor-column elementor-col-100 elementor-top-column elementor-element elementor-element-502ef4e5\" data-id=\"502ef4e5\" data-element_type=\"column\" data-e-type=\"column\" data-settings=\"{&quot;background_background&quot;:&quot;classic&quot;}\">\n\t\t\t<div class=\"elementor-widget-wrap elementor-element-populated\">\n\t\t\t\t\t\t<div class=\"elementor-element elementor-element-c411478 elementor-widget elementor-widget-heading\" data-id=\"c411478\" data-element_type=\"widget\" data-e-type=\"widget\" data-widget_type=\"heading.default\">\n\t\t\t\t<div class=\"elementor-widget-container\">\n\t\t\t\t\t<h1 class=\"elementor-heading-title elementor-size-default\">Sitemap<\/h1>\t\t\t\t<\/div>\n\t\t\t\t<\/div>\n\t\t\t\t\t<\/div>\n\t\t<\/div>\n\t\t\t\t\t<\/div>\n\t\t<\/section>\n\t\t\t\t<section class=\"elementor-section elementor-top-section elementor-element elementor-element-e3205cf elementor-section-boxed elementor-section-height-default elementor-section-height-default\" data-id=\"e3205cf\" data-element_type=\"section\" data-e-type=\"section\">\n\t\t\t\t\t\t<div class=\"elementor-container elementor-column-gap-default\">\n\t\t\t\t\t<div class=\"elementor-column elementor-col-100 elementor-top-column elementor-element elementor-element-5484a03\" data-id=\"5484a03\" data-element_type=\"column\" data-e-type=\"column\">\n\t\t\t<div class=\"elementor-widget-wrap elementor-element-populated\">\n\t\t\t\t\t\t<div class=\"elementor-element elementor-element-7243a5e elementor-widget elementor-widget-shortcode\" data-id=\"7243a5e\" data-element_type=\"widget\" data-e-type=\"widget\" data-widget_type=\"shortcode.default\">\n\t\t\t\t<div class=\"elementor-widget-container\">\n\t\t\t\t\t\t\t<div class=\"elementor-shortcode\"><div id=\"simple-sitemap-container-69de205865986\" class=\"simple-sitemap-container simple-sitemap-container-69de205865986 tab-disabled\"><div class=\"simple-sitemap-wrap\"><h3 class=\"post-type\">Pages<\/h3><ul class=\"simple-sitemap-page main\"><li class=\"sitemap-item page_item page-item-10489\"><a href=\"https:\/\/www.pump-products.de\/en\/\">Home<\/a><\/li>\n<li class=\"sitemap-item page_item page-item-16037\"><a href=\"https:\/\/www.pump-products.de\/en\/downloads\/\">Downloads<\/a><\/li>\n<li class=\"sitemap-item page_item page-item-35 page_item_has_children\"><a href=\"https:\/\/www.pump-products.de\/en\/unternehmen\/\">Company<\/a>\n<ul class='children'>\n\t<li class=\"sitemap-item page_item page-item-45\"><a href=\"https:\/\/www.pump-products.de\/en\/unternehmen\/weltweiter-vertrieb\/\">Worldwide distribution<\/a><\/li>\n\t<li class=\"sitemap-item page_item page-item-47\"><a href=\"https:\/\/www.pump-products.de\/en\/unternehmen\/qualitaet-philosophie\/\">Quality<\/a><\/li>\n\t<li class=\"sitemap-item page_item page-item-6159\"><a href=\"https:\/\/www.pump-products.de\/en\/unternehmen\/werkstudent\/\">Werkstudent<\/a><\/li>\n\t<li class=\"sitemap-item page_item page-item-5951\"><a href=\"https:\/\/www.pump-products.de\/en\/unternehmen\/karriere\/\">Career<\/a><\/li>\n\t<li class=\"sitemap-item page_item page-item-6081\"><a href=\"https:\/\/www.pump-products.de\/en\/unternehmen\/industriekaufmann-frau-in-bersenbrueck\/\">Industriekaufmann:frau in Bersenbr\u00fcck<\/a><\/li>\n\t<li class=\"sitemap-item page_item page-item-6089\"><a href=\"https:\/\/www.pump-products.de\/en\/unternehmen\/monteur-in-bersenbrueck\/\">Monteur:in in Bersenbr\u00fcck<\/a><\/li>\n\t<li class=\"sitemap-item page_item page-item-1639\"><a href=\"https:\/\/www.pump-products.de\/en\/unternehmen\/philosophie\/\">Philosophy<\/a><\/li>\n\t<li class=\"sitemap-item page_item page-item-2159\"><a href=\"https:\/\/www.pump-products.de\/en\/unternehmen\/news\/\">News<\/a><\/li>\n<\/ul>\n<\/li>\n<li class=\"sitemap-item page_item page-item-37 page_item_has_children\"><a href=\"https:\/\/www.pump-products.de\/en\/produkte\/\">Products<\/a>\n<ul class='children'>\n\t<li class=\"sitemap-item page_item page-item-69 page_item_has_children\"><a href=\"https:\/\/www.pump-products.de\/en\/produkte\/drehkolbenpumpen\/\">Rotary lobe pumps<\/a>\n\t<ul class='children'>\n\t\t<li class=\"sitemap-item page_item page-item-5442\"><a href=\"https:\/\/www.pump-products.de\/en\/produkte\/drehkolbenpumpen\/ipp-premiumlobe\/\">Premiumlobe<\/a><\/li>\n\t\t<li class=\"sitemap-item page_item page-item-5758\"><a href=\"https:\/\/www.pump-products.de\/en\/produkte\/drehkolbenpumpen\/ipp-premiumlobe-neu\/\">ipp Premiumlobe-neu<\/a><\/li>\n\t\t<li class=\"sitemap-item page_item page-item-4645\"><a href=\"https:\/\/www.pump-products.de\/en\/produkte\/drehkolbenpumpen\/service-premiumllobe\/\">ipp Premiumlobe - Service<\/a><\/li>\n\t\t<li class=\"sitemap-item page_item page-item-73\"><a href=\"https:\/\/www.pump-products.de\/en\/produkte\/drehkolbenpumpen\/ipp-ilobe\/\">iLobe<\/a><\/li>\n\t\t<li class=\"sitemap-item page_item page-item-4599\"><a href=\"https:\/\/www.pump-products.de\/en\/produkte\/drehkolbenpumpen\/service-ilobe\/\">ipp iLobe - Service<\/a><\/li>\n\t<\/ul>\n<\/li>\n\t<li class=\"sitemap-item page_item page-item-75\"><a href=\"https:\/\/www.pump-products.de\/en\/produkte\/exzenterschneckenpumpen\/\">Progressing cavity pumps<\/a><\/li>\n\t<li class=\"sitemap-item page_item page-item-10530\"><a href=\"https:\/\/www.pump-products.de\/en\/produkte\/aqueous-kreiselpumpe\/\">AQUEOUS Kreiselpumpe<\/a><\/li>\n<\/ul>\n<\/li>\n<li class=\"sitemap-item page_item page-item-39 page_item_has_children\"><a href=\"https:\/\/www.pump-products.de\/en\/branchen\/\">Sectors<\/a>\n<ul class='children'>\n\t<li class=\"sitemap-item page_item page-item-51\"><a href=\"https:\/\/www.pump-products.de\/en\/branchen\/suesswaren\/\">Confectionery<\/a><\/li>\n\t<li class=\"sitemap-item page_item page-item-3941\"><a href=\"https:\/\/www.pump-products.de\/en\/branchen\/schokolade-kakaomasse\/\">Schokolade &amp; Kakaomasse:<\/a><\/li>\n\t<li class=\"sitemap-item page_item page-item-67\"><a href=\"https:\/\/www.pump-products.de\/en\/branchen\/backwaren\/\">Bakery products<\/a><\/li>\n\t<li class=\"sitemap-item page_item page-item-63\"><a href=\"https:\/\/www.pump-products.de\/en\/branchen\/molkereierzeugnisse\/\">Dairy products<\/a><\/li>\n\t<li class=\"sitemap-item page_item page-item-3973\"><a href=\"https:\/\/www.pump-products.de\/en\/branchen\/kaeseprodukte\/\">Cheese products<\/a><\/li>\n\t<li class=\"sitemap-item page_item page-item-3976\"><a href=\"https:\/\/www.pump-products.de\/en\/branchen\/feinkost\/\">Delicatessen<\/a><\/li>\n\t<li class=\"sitemap-item page_item page-item-57\"><a href=\"https:\/\/www.pump-products.de\/en\/branchen\/marinaden-panaden-instant-food\/\">Marinades, breadings &amp; instant food<\/a><\/li>\n\t<li class=\"sitemap-item page_item page-item-59\"><a href=\"https:\/\/www.pump-products.de\/en\/branchen\/getraenke\/\">Beverages<\/a><\/li>\n\t<li class=\"sitemap-item page_item page-item-3978\"><a href=\"https:\/\/www.pump-products.de\/en\/branchen\/saefte\/\">Beverages<\/a><\/li>\n\t<li class=\"sitemap-item page_item page-item-3980\"><a href=\"https:\/\/www.pump-products.de\/en\/branchen\/hygiene\/\">Hygiene<\/a><\/li>\n\t<li class=\"sitemap-item page_item page-item-61\"><a href=\"https:\/\/www.pump-products.de\/en\/branchen\/kosmetika\/\">Cosmetics<\/a><\/li>\n\t<li class=\"sitemap-item page_item page-item-65\"><a href=\"https:\/\/www.pump-products.de\/en\/branchen\/pharmazeutika\/\">Pharmaceuticals<\/a><\/li>\n\t<li class=\"sitemap-item page_item page-item-55\"><a href=\"https:\/\/www.pump-products.de\/en\/branchen\/biotechnologie\/\">Biotechnology<\/a><\/li>\n\t<li class=\"sitemap-item page_item page-item-53\"><a href=\"https:\/\/www.pump-products.de\/en\/branchen\/chemie\/\">Chemistry<\/a><\/li>\n\t<li class=\"sitemap-item page_item page-item-3982\"><a href=\"https:\/\/www.pump-products.de\/en\/branchen\/farben-lacke\/\">Paints &amp; varnishes<\/a><\/li>\n\t<li class=\"sitemap-item page_item page-item-14521\"><a href=\"https:\/\/www.pump-products.de\/en\/branchen\/wein\/\">Wine<\/a><\/li>\n\t<li class=\"sitemap-item page_item page-item-14523\"><a href=\"https:\/\/www.pump-products.de\/en\/branchen\/bier\/\">Beer<\/a><\/li>\n\t<li class=\"sitemap-item page_item page-item-14525\"><a href=\"https:\/\/www.pump-products.de\/en\/branchen\/oele\/\">Oils<\/a><\/li>\n<\/ul>\n<\/li>\n<li class=\"sitemap-item page_item page-item-2236 page_item_has_children\"><a href=\"https:\/\/www.pump-products.de\/en\/after-sales\/\">After Sales<\/a>\n<ul class='children'>\n\t<li class=\"sitemap-item page_item page-item-7406\"><a href=\"https:\/\/www.pump-products.de\/en\/after-sales\/ipp-pump-products-auf-fachmessen\/\">Trade fairs<\/a><\/li>\n<\/ul>\n<\/li>\n<li class=\"sitemap-item page_item page-item-2232\"><a href=\"https:\/\/www.pump-products.de\/en\/kontakt\/\">Contact<\/a><\/li>\n<li class=\"sitemap-item page_item page-item-2234\"><a href=\"https:\/\/www.pump-products.de\/en\/produktanfrage\/\">Product request<\/a><\/li>\n<li class=\"sitemap-item page_item page-item-2532\"><a href=\"https:\/\/www.pump-products.de\/en\/sitemap\/\">Sitemap<\/a><\/li>\n<li class=\"sitemap-item page_item page-item-2530\"><a href=\"https:\/\/www.pump-products.de\/en\/agb\/\">TERMS AND CONDITIONS<\/a><\/li>\n<li class=\"sitemap-item page_item page-item-2418\"><a href=\"https:\/\/www.pump-products.de\/en\/impressum\/\">Imprint<\/a><\/li>\n<li class=\"sitemap-item page_item page-item-2420\"><a href=\"https:\/\/www.pump-products.de\/en\/datenschutz\/\">Data protection<\/a><\/li>\n<\/ul><\/div><\/div><br style=\"clear: both;\">\n<\/div>\n\t\t\t\t\t\t<\/div>\n\t\t\t\t<\/div>\n\t\t\t\t\t<\/div>\n\t\t<\/div>\n\t\t\t\t\t<\/div>\n\t\t<\/section>\n\t\t\t\t<section class=\"elementor-section elementor-top-section elementor-element elementor-element-7d69ed34 elementor-section-content-middle elementor-section-boxed elementor-section-height-default elementor-section-height-default\" data-id=\"7d69ed34\" data-element_type=\"section\" data-e-type=\"section\" data-settings=\"{&quot;background_background&quot;:&quot;classic&quot;}\">\n\t\t\t\t\t\t<div class=\"elementor-container elementor-column-gap-no\">\n\t\t\t\t\t<div class=\"elementor-column elementor-col-50 elementor-top-column elementor-element elementor-element-35428287\" data-id=\"35428287\" data-element_type=\"column\" data-e-type=\"column\">\n\t\t\t<div class=\"elementor-widget-wrap elementor-element-populated\">\n\t\t\t\t\t\t<div class=\"elementor-element elementor-element-668b7f29 elementor-widget elementor-widget-heading\" data-id=\"668b7f29\" data-element_type=\"widget\" data-e-type=\"widget\" data-widget_type=\"heading.default\">\n\t\t\t\t<div class=\"elementor-widget-container\">\n\t\t\t\t\t<h4 class=\"elementor-heading-title elementor-size-default\">How can we assist you?<\/h4>\t\t\t\t<\/div>\n\t\t\t\t<\/div>\n\t\t\t\t\t<\/div>\n\t\t<\/div>\n\t\t\t\t<div class=\"elementor-column elementor-col-50 elementor-top-column elementor-element elementor-element-1aa2afc4\" data-id=\"1aa2afc4\" data-element_type=\"column\" data-e-type=\"column\">\n\t\t\t<div class=\"elementor-widget-wrap elementor-element-populated\">\n\t\t\t\t\t\t<div class=\"elementor-element elementor-element-102c185a elementor-align-right elementor-widget__width-auto elementor-widget elementor-widget-button\" data-id=\"102c185a\" data-element_type=\"widget\" data-e-type=\"widget\" data-widget_type=\"button.default\">\n\t\t\t\t<div class=\"elementor-widget-container\">\n\t\t\t\t\t\t\t\t\t<div class=\"elementor-button-wrapper\">\n\t\t\t\t\t<a class=\"elementor-button elementor-button-link elementor-size-sm\" href=\"tel:495439809210\">\n\t\t\t\t\t\t<span class=\"elementor-button-content-wrapper\">\n\t\t\t\t\t\t\t\t\t<span class=\"elementor-button-text\">Direct Call<\/span>\n\t\t\t\t\t<\/span>\n\t\t\t\t\t<\/a>\n\t\t\t\t<\/div>\n\t\t\t\t\t\t\t\t<\/div>\n\t\t\t\t<\/div>\n\t\t\t\t<div class=\"elementor-element elementor-element-d39bdd4 elementor-align-right elementor-widget__width-auto elementor-widget elementor-widget-button\" data-id=\"d39bdd4\" data-element_type=\"widget\" data-e-type=\"widget\" data-widget_type=\"button.default\">\n\t\t\t\t<div class=\"elementor-widget-container\">\n\t\t\t\t\t\t\t\t\t<div class=\"elementor-button-wrapper\">\n\t\t\t\t\t<a class=\"elementor-button elementor-button-link elementor-size-sm\" href=\"\/en\/kontakt\/\">\n\t\t\t\t\t\t<span class=\"elementor-button-content-wrapper\">\n\t\t\t\t\t\t\t\t\t<span class=\"elementor-button-text\">Contact<\/span>\n\t\t\t\t\t<\/span>\n\t\t\t\t\t<\/a>\n\t\t\t\t<\/div>\n\t\t\t\t\t\t\t\t<\/div>\n\t\t\t\t<\/div>\n\t\t\t\t\t<\/div>\n\t\t<\/div>\n\t\t\t\t\t<\/div>\n\t\t<\/section>\n\t\t\t\t<section class=\"elementor-section elementor-top-section elementor-element elementor-element-7e45f6f9 elementor-section-height-min-height elementor-section-content-middle elementor-section-boxed elementor-section-height-default elementor-section-items-middle\" data-id=\"7e45f6f9\" data-element_type=\"section\" data-e-type=\"section\" data-settings=\"{&quot;background_background&quot;:&quot;classic&quot;,&quot;shape_divider_top&quot;:&quot;arrow&quot;}\">\n\t\t\t\t\t<div class=\"elementor-shape elementor-shape-top\" aria-hidden=\"true\" data-negative=\"false\">\n\t\t\t<svg xmlns=\"http:\/\/www.w3.org\/2000\/svg\" viewbox=\"0 0 700 10\" preserveaspectratio=\"none\">\n\t<path class=\"elementor-shape-fill\" d=\"M350,10L340,0h20L350,10z\"\/>\n<\/svg>\t\t<\/div>\n\t\t\t\t\t<div class=\"elementor-container elementor-column-gap-no\">\n\t\t\t\t\t<div class=\"elementor-column elementor-col-100 elementor-top-column elementor-element elementor-element-6b941263\" data-id=\"6b941263\" data-element_type=\"column\" data-e-type=\"column\">\n\t\t\t<div class=\"elementor-widget-wrap elementor-element-populated\">\n\t\t\t\t\t\t<div class=\"elementor-element elementor-element-7eb202b0 elementor-widget elementor-widget-text-editor\" data-id=\"7eb202b0\" data-element_type=\"widget\" data-e-type=\"widget\" data-widget_type=\"text-editor.default\">\n\t\t\t\t<div class=\"elementor-widget-container\">\n\t\t\t\t\t\t\t\t\t<p><a href=\"\/en\/produktanfrage\/\">You know what you want? Then start <span style=\"text-decoration: underline;\">here a detailed product inquiry<\/span>.<\/a><\/p>\t\t\t\t\t\t\t\t<\/div>\n\t\t\t\t<\/div>\n\t\t\t\t\t<\/div>\n\t\t<\/div>\n\t\t\t\t\t<\/div>\n\t\t<\/section>\n\t\t\t\t<\/div>","protected":false},"excerpt":{"rendered":"<p>Sitemap Was k\u00f6nnen wir f\u00fcr Sie tun? Direkt Anrufen Kontakt Sie wissen was Sie wollen? Dann starten Sie hier eine detaillierte Produktanfrage.<\/p>","protected":false},"author":1,"featured_media":0,"parent":0,"menu_order":96,"comment_status":"closed","ping_status":"closed","template":"elementor_header_footer","meta":{"footnotes":""},"class_list":["post-2532","page","type-page","status-publish","hentry"],"yoast_head":"<!-- This site is optimized with the Yoast SEO plugin v27.3 - https:\/\/yoast.com\/product\/yoast-seo-wordpress\/ -->\n<title>Sitemap - www.pump-products.de<\/title>\n<meta name=\"description\" content=\"Die ideale L\u00f6sung f\u00fcr hygienische Anwendungen: Die Drehkolbenpumpe von Pump Products - schonendste Produktbehandlung, ber\u00fchrungsfreien Lauf\" \/>\n<meta name=\"robots\" content=\"index, follow, max-snippet:-1, max-image-preview:large, max-video-preview:-1\" \/>\n<link rel=\"canonical\" href=\"https:\/\/www.pump-products.de\/en\/sitemap\/\" \/>\n<meta property=\"og:locale\" content=\"en_GB\" \/>\n<meta property=\"og:type\" content=\"article\" \/>\n<meta property=\"og:title\" content=\"Sitemap - www.pump-products.de\" \/>\n<meta property=\"og:description\" content=\"Die ideale L\u00f6sung f\u00fcr hygienische Anwendungen: Die Drehkolbenpumpe von Pump Products - schonendste Produktbehandlung, ber\u00fchrungsfreien Lauf\" \/>\n<meta property=\"og:url\" content=\"https:\/\/www.pump-products.de\/en\/sitemap\/\" \/>\n<meta property=\"og:site_name\" content=\"www.pump-products.de\" \/>\n<meta property=\"article:modified_time\" content=\"2023-07-28T12:22:43+00:00\" \/>\n<meta name=\"twitter:card\" content=\"summary_large_image\" \/>\n<meta name=\"twitter:label1\" content=\"Estimated reading time\" \/>\n\t<meta name=\"twitter:data1\" content=\"1 minute\" \/>\n<script type=\"application\/ld+json\" class=\"yoast-schema-graph\">{\"@context\":\"https:\\\/\\\/schema.org\",\"@graph\":[{\"@type\":\"WebPage\",\"@id\":\"https:\\\/\\\/www.pump-products.de\\\/sitemap\\\/\",\"url\":\"https:\\\/\\\/www.pump-products.de\\\/sitemap\\\/\",\"name\":\"Sitemap - www.pump-products.de\",\"isPartOf\":{\"@id\":\"https:\\\/\\\/www.pump-products.de\\\/#website\"},\"datePublished\":\"2022-08-03T13:03:31+00:00\",\"dateModified\":\"2023-07-28T12:22:43+00:00\",\"description\":\"Die ideale L\u00f6sung f\u00fcr hygienische Anwendungen: Die Drehkolbenpumpe von Pump Products - schonendste Produktbehandlung, ber\u00fchrungsfreien Lauf\",\"breadcrumb\":{\"@id\":\"https:\\\/\\\/www.pump-products.de\\\/sitemap\\\/#breadcrumb\"},\"inLanguage\":\"en-GB\",\"potentialAction\":[{\"@type\":\"ReadAction\",\"target\":[\"https:\\\/\\\/www.pump-products.de\\\/sitemap\\\/\"]}]},{\"@type\":\"BreadcrumbList\",\"@id\":\"https:\\\/\\\/www.pump-products.de\\\/sitemap\\\/#breadcrumb\",\"itemListElement\":[{\"@type\":\"ListItem\",\"position\":1,\"name\":\"Home\",\"item\":\"https:\\\/\\\/www.pump-products.de\\\/\"},{\"@type\":\"ListItem\",\"position\":2,\"name\":\"Sitemap\"}]},{\"@type\":\"WebSite\",\"@id\":\"https:\\\/\\\/www.pump-products.de\\\/#website\",\"url\":\"https:\\\/\\\/www.pump-products.de\\\/\",\"name\":\"www.pump-products.de\",\"description\":\"iPP Pump Products GmbH - Pumpenl\u00f6sungen aus Bersenbr\u00fcck f\u00fcr Lebensmittel-, Kosmetik-, Chemietechnik f\u00fcr Deutschland\",\"publisher\":{\"@id\":\"https:\\\/\\\/www.pump-products.de\\\/#organization\"},\"potentialAction\":[{\"@type\":\"SearchAction\",\"target\":{\"@type\":\"EntryPoint\",\"urlTemplate\":\"https:\\\/\\\/www.pump-products.de\\\/?s={search_term_string}\"},\"query-input\":{\"@type\":\"PropertyValueSpecification\",\"valueRequired\":true,\"valueName\":\"search_term_string\"}}],\"inLanguage\":\"en-GB\"},{\"@type\":\"Organization\",\"@id\":\"https:\\\/\\\/www.pump-products.de\\\/#organization\",\"name\":\"ipp Pump Products GmbH\",\"url\":\"https:\\\/\\\/www.pump-products.de\\\/\",\"logo\":{\"@type\":\"ImageObject\",\"inLanguage\":\"en-GB\",\"@id\":\"https:\\\/\\\/www.pump-products.de\\\/#\\\/schema\\\/logo\\\/image\\\/\",\"url\":\"https:\\\/\\\/www.pump-products.de\\\/wp-content\\\/uploads\\\/2022\\\/06\\\/PSGIPP-1.svg\",\"contentUrl\":\"https:\\\/\\\/www.pump-products.de\\\/wp-content\\\/uploads\\\/2022\\\/06\\\/PSGIPP-1.svg\",\"width\":258,\"height\":100,\"caption\":\"ipp Pump Products GmbH\"},\"image\":{\"@id\":\"https:\\\/\\\/www.pump-products.de\\\/#\\\/schema\\\/logo\\\/image\\\/\"}}]}<\/script>\n<!-- \/ Yoast SEO plugin. -->","yoast_head_json":{"title":"Sitemap - www.pump-products.de","description":"Die ideale L\u00f6sung f\u00fcr hygienische Anwendungen: Die Drehkolbenpumpe von Pump Products - schonendste Produktbehandlung, ber\u00fchrungsfreien Lauf","robots":{"index":"index","follow":"follow","max-snippet":"max-snippet:-1","max-image-preview":"max-image-preview:large","max-video-preview":"max-video-preview:-1"},"canonical":"https:\/\/www.pump-products.de\/en\/sitemap\/","og_locale":"en_GB","og_type":"article","og_title":"Sitemap - www.pump-products.de","og_description":"Die ideale L\u00f6sung f\u00fcr hygienische Anwendungen: Die Drehkolbenpumpe von Pump Products - schonendste Produktbehandlung, ber\u00fchrungsfreien Lauf","og_url":"https:\/\/www.pump-products.de\/en\/sitemap\/","og_site_name":"www.pump-products.de","article_modified_time":"2023-07-28T12:22:43+00:00","twitter_card":"summary_large_image","twitter_misc":{"Estimated reading time":"1 minute"},"schema":{"@context":"https:\/\/schema.org","@graph":[{"@type":"WebPage","@id":"https:\/\/www.pump-products.de\/sitemap\/","url":"https:\/\/www.pump-products.de\/sitemap\/","name":"Sitemap - www.pump-products.de","isPartOf":{"@id":"https:\/\/www.pump-products.de\/#website"},"datePublished":"2022-08-03T13:03:31+00:00","dateModified":"2023-07-28T12:22:43+00:00","description":"Die ideale L\u00f6sung f\u00fcr hygienische Anwendungen: Die Drehkolbenpumpe von Pump Products - schonendste Produktbehandlung, ber\u00fchrungsfreien Lauf","breadcrumb":{"@id":"https:\/\/www.pump-products.de\/sitemap\/#breadcrumb"},"inLanguage":"en-GB","potentialAction":[{"@type":"ReadAction","target":["https:\/\/www.pump-products.de\/sitemap\/"]}]},{"@type":"BreadcrumbList","@id":"https:\/\/www.pump-products.de\/sitemap\/#breadcrumb","itemListElement":[{"@type":"ListItem","position":1,"name":"Home","item":"https:\/\/www.pump-products.de\/"},{"@type":"ListItem","position":2,"name":"Sitemap"}]},{"@type":"WebSite","@id":"https:\/\/www.pump-products.de\/#website","url":"https:\/\/www.pump-products.de\/","name":"www.pump-products.de","description":"iPP Pump Products GmbH - Pumpenl\u00f6sungen aus Bersenbr\u00fcck f\u00fcr Lebensmittel-, Kosmetik-, Chemietechnik f\u00fcr Deutschland","publisher":{"@id":"https:\/\/www.pump-products.de\/#organization"},"potentialAction":[{"@type":"SearchAction","target":{"@type":"EntryPoint","urlTemplate":"https:\/\/www.pump-products.de\/?s={search_term_string}"},"query-input":{"@type":"PropertyValueSpecification","valueRequired":true,"valueName":"search_term_string"}}],"inLanguage":"en-GB"},{"@type":"Organization","@id":"https:\/\/www.pump-products.de\/#organization","name":"ipp Pump Products GmbH","url":"https:\/\/www.pump-products.de\/","logo":{"@type":"ImageObject","inLanguage":"en-GB","@id":"https:\/\/www.pump-products.de\/#\/schema\/logo\/image\/","url":"https:\/\/www.pump-products.de\/wp-content\/uploads\/2022\/06\/PSGIPP-1.svg","contentUrl":"https:\/\/www.pump-products.de\/wp-content\/uploads\/2022\/06\/PSGIPP-1.svg","width":258,"height":100,"caption":"ipp Pump Products GmbH"},"image":{"@id":"https:\/\/www.pump-products.de\/#\/schema\/logo\/image\/"}}]}},"_links":{"self":[{"href":"https:\/\/www.pump-products.de\/en\/wp-json\/wp\/v2\/pages\/2532","targetHints":{"allow":["GET"]}}],"collection":[{"href":"https:\/\/www.pump-products.de\/en\/wp-json\/wp\/v2\/pages"}],"about":[{"href":"https:\/\/www.pump-products.de\/en\/wp-json\/wp\/v2\/types\/page"}],"author":[{"embeddable":true,"href":"https:\/\/www.pump-products.de\/en\/wp-json\/wp\/v2\/users\/1"}],"replies":[{"embeddable":true,"href":"https:\/\/www.pump-products.de\/en\/wp-json\/wp\/v2\/comments?post=2532"}],"version-history":[{"count":22,"href":"https:\/\/www.pump-products.de\/en\/wp-json\/wp\/v2\/pages\/2532\/revisions"}],"predecessor-version":[{"id":6331,"href":"https:\/\/www.pump-products.de\/en\/wp-json\/wp\/v2\/pages\/2532\/revisions\/6331"}],"wp:attachment":[{"href":"https:\/\/www.pump-products.de\/en\/wp-json\/wp\/v2\/media?parent=2532"}],"curies":[{"name":"wp","href":"https:\/\/api.w.org\/{rel}","templated":true}]}}