{"id":2234,"date":"2022-08-03T10:39:06","date_gmt":"2022-08-03T08:39:06","guid":{"rendered":"https:\/\/www.pump-products.de\/?page_id=2234"},"modified":"2025-09-18T09:40:14","modified_gmt":"2025-09-18T07:40:14","slug":"produktanfrage","status":"publish","type":"page","link":"https:\/\/www.pump-products.de\/en\/produktanfrage\/","title":{"rendered":"Product request"},"content":{"rendered":"<div data-elementor-type=\"wp-page\" data-elementor-id=\"2234\" class=\"elementor elementor-2234\" data-elementor-post-type=\"page\">\n\t\t\t\t\t\t<section class=\"elementor-section elementor-top-section elementor-element elementor-element-1da4287 elementor-section-height-min-height elementor-section-items-bottom elementor-section-boxed elementor-section-height-default\" data-id=\"1da4287\" data-element_type=\"section\" data-e-type=\"section\" data-settings=\"{&quot;background_background&quot;:&quot;classic&quot;}\">\n\t\t\t\t\t\t\t<div class=\"elementor-background-overlay\"><\/div>\n\t\t\t\t\t\t\t<div class=\"elementor-container elementor-column-gap-default\">\n\t\t\t\t\t<div class=\"elementor-column elementor-col-100 elementor-top-column elementor-element elementor-element-72aaa14\" data-id=\"72aaa14\" data-element_type=\"column\" data-e-type=\"column\" data-settings=\"{&quot;background_background&quot;:&quot;classic&quot;}\">\n\t\t\t<div class=\"elementor-widget-wrap elementor-element-populated\">\n\t\t\t\t\t\t<div class=\"elementor-element elementor-element-57125e97 elementor-widget elementor-widget-heading\" data-id=\"57125e97\" data-element_type=\"widget\" data-e-type=\"widget\" data-widget_type=\"heading.default\">\n\t\t\t\t<div class=\"elementor-widget-container\">\n\t\t\t\t\t<h2 class=\"elementor-heading-title elementor-size-default\">Product enquiry<\/h2>\t\t\t\t<\/div>\n\t\t\t\t<\/div>\n\t\t\t\t\t<\/div>\n\t\t<\/div>\n\t\t\t\t\t<\/div>\n\t\t<\/section>\n\t\t\t\t<section class=\"elementor-section elementor-top-section elementor-element elementor-element-39d90d76 elementor-section-boxed elementor-section-height-default elementor-section-height-default\" data-id=\"39d90d76\" data-element_type=\"section\" data-e-type=\"section\">\n\t\t\t\t\t\t<div class=\"elementor-container elementor-column-gap-default\">\n\t\t\t\t\t<div class=\"elementor-column elementor-col-100 elementor-top-column elementor-element elementor-element-d4f9aa\" data-id=\"d4f9aa\" data-element_type=\"column\" data-e-type=\"column\">\n\t\t\t<div class=\"elementor-widget-wrap elementor-element-populated\">\n\t\t\t\t\t\t<div class=\"elementor-element elementor-element-3520d1fc elementor-widget elementor-widget-heading\" data-id=\"3520d1fc\" data-element_type=\"widget\" data-e-type=\"widget\" data-widget_type=\"heading.default\">\n\t\t\t\t<div class=\"elementor-widget-container\">\n\t\t\t\t\t<h1 class=\"elementor-heading-title elementor-size-default\">How can we assist you?<\/h1>\t\t\t\t<\/div>\n\t\t\t\t<\/div>\n\t\t\t\t<div class=\"elementor-element elementor-element-b65adb5 elementor-widget elementor-widget-heading\" data-id=\"b65adb5\" data-element_type=\"widget\" data-e-type=\"widget\" data-widget_type=\"heading.default\">\n\t\t\t\t<div class=\"elementor-widget-container\">\n\t\t\t\t\t<h4 class=\"elementor-heading-title elementor-size-default\">We look forward to hearing from you.<\/h4>\t\t\t\t<\/div>\n\t\t\t\t<\/div>\n\t\t\t\t<div class=\"elementor-element elementor-element-d4fe7a7 elementor-widget elementor-widget-text-editor\" data-id=\"d4fe7a7\" data-element_type=\"widget\" data-e-type=\"widget\" data-widget_type=\"text-editor.default\">\n\t\t\t\t<div class=\"elementor-widget-container\">\n\t\t\t\t\t\t\t\t\t<p class=\"translation-block\">To enable us to process your enquiry in the best possible way, please send us  <a href=\"mailto:info@pump-products.de\" target=\"_self\">an e-mail<\/a> with your specific requirements. If you already provide us with information about your application, the pumped medium and the relevant operating conditions, we can respond to your needs even more specifically.<\/p><p>Let's find the perfect solution for your requirements together - <a href=\"mailto:info@pump-products.de\">We are looking forward to your message!<\/a><\/p>\t\t\t\t\t\t\t\t<\/div>\n\t\t\t\t<\/div>\n\t\t\t\t\t<\/div>\n\t\t<\/div>\n\t\t\t\t\t<\/div>\n\t\t<\/section>\n\t\t\t\t<section class=\"elementor-section elementor-top-section elementor-element elementor-element-29fc2cc elementor-section-content-middle elementor-section-boxed elementor-section-height-default elementor-section-height-default\" data-id=\"29fc2cc\" data-element_type=\"section\" data-e-type=\"section\" data-settings=\"{&quot;background_background&quot;:&quot;classic&quot;}\">\n\t\t\t\t\t\t<div class=\"elementor-container elementor-column-gap-no\">\n\t\t\t\t\t<div class=\"elementor-column elementor-col-50 elementor-top-column elementor-element elementor-element-1294250\" data-id=\"1294250\" data-element_type=\"column\" data-e-type=\"column\">\n\t\t\t<div class=\"elementor-widget-wrap elementor-element-populated\">\n\t\t\t\t\t\t<div class=\"elementor-element elementor-element-472cd52 elementor-widget elementor-widget-image\" data-id=\"472cd52\" data-element_type=\"widget\" data-e-type=\"widget\" data-widget_type=\"image.default\">\n\t\t\t\t<div class=\"elementor-widget-container\">\n\t\t\t\t\t\t\t\t\t\t\t\t\t\t\t<img fetchpriority=\"high\" decoding=\"async\" width=\"300\" height=\"200\" src=\"https:\/\/www.pump-products.de\/wp-content\/uploads\/2023\/11\/MG_1227.jpg\" class=\"attachment-medium size-medium wp-image-7590\" alt=\"Sandra Straub Assistentin der Gesch\u00e4ftsleitung\" srcset=\"https:\/\/www.pump-products.de\/wp-content\/uploads\/2023\/11\/MG_1227.jpg 300w, https:\/\/www.pump-products.de\/wp-content\/uploads\/2023\/11\/MG_1227-18x12.jpg 18w\" sizes=\"(max-width: 300px) 100vw, 300px\" \/>\t\t\t\t\t\t\t\t\t\t\t\t\t\t\t<\/div>\n\t\t\t\t<\/div>\n\t\t\t\t\t<\/div>\n\t\t<\/div>\n\t\t\t\t<div class=\"elementor-column elementor-col-50 elementor-top-column elementor-element elementor-element-2a52b98\" data-id=\"2a52b98\" data-element_type=\"column\" data-e-type=\"column\">\n\t\t\t<div class=\"elementor-widget-wrap elementor-element-populated\">\n\t\t\t\t\t\t<div class=\"elementor-element elementor-element-6d39aa1 elementor-widget elementor-widget-heading\" data-id=\"6d39aa1\" data-element_type=\"widget\" data-e-type=\"widget\" data-widget_type=\"heading.default\">\n\t\t\t\t<div class=\"elementor-widget-container\">\n\t\t\t\t\t<h5 class=\"elementor-heading-title elementor-size-default\">Contact person<\/h5>\t\t\t\t<\/div>\n\t\t\t\t<\/div>\n\t\t\t\t<div class=\"elementor-element elementor-element-6cc0fad elementor-widget elementor-widget-text-editor\" data-id=\"6cc0fad\" data-element_type=\"widget\" data-e-type=\"widget\" data-widget_type=\"text-editor.default\">\n\t\t\t\t<div class=\"elementor-widget-container\">\n\t\t\t\t\t\t\t\t\t<p><strong>Sandra\u00a0Straub<\/strong><br \/>Executive Assistant<br \/><a href=\"tel:+49 5439 80921-0\"><strong>+49 5439 80921-0<\/strong><\/a><\/p>\t\t\t\t\t\t\t\t<\/div>\n\t\t\t\t<\/div>\n\t\t\t\t\t<\/div>\n\t\t<\/div>\n\t\t\t\t\t<\/div>\n\t\t<\/section>\n\t\t\t\t<section class=\"elementor-section elementor-top-section elementor-element elementor-element-a8a2502 elementor-section-height-min-height elementor-section-content-middle elementor-section-boxed elementor-section-height-default elementor-section-items-middle\" data-id=\"a8a2502\" data-element_type=\"section\" data-e-type=\"section\" data-settings=\"{&quot;background_background&quot;:&quot;classic&quot;,&quot;shape_divider_top&quot;:&quot;arrow&quot;}\">\n\t\t\t\t\t<div class=\"elementor-shape elementor-shape-top\" aria-hidden=\"true\" data-negative=\"false\">\n\t\t\t<svg xmlns=\"http:\/\/www.w3.org\/2000\/svg\" viewbox=\"0 0 700 10\" preserveaspectratio=\"none\">\n\t<path class=\"elementor-shape-fill\" d=\"M350,10L340,0h20L350,10z\"\/>\n<\/svg>\t\t<\/div>\n\t\t\t\t\t<div class=\"elementor-container elementor-column-gap-no\">\n\t\t\t\t\t<div class=\"elementor-column elementor-col-100 elementor-top-column elementor-element elementor-element-5f192f6\" data-id=\"5f192f6\" data-element_type=\"column\" data-e-type=\"column\">\n\t\t\t<div class=\"elementor-widget-wrap elementor-element-populated\">\n\t\t\t\t\t\t<div class=\"elementor-element elementor-element-a5778fc elementor-widget elementor-widget-text-editor\" data-id=\"a5778fc\" data-element_type=\"widget\" data-e-type=\"widget\" data-widget_type=\"text-editor.default\">\n\t\t\t\t<div class=\"elementor-widget-container\">\n\t\t\t\t\t\t\t\t\t<p><span style=\"text-decoration: underline;\"><a href=\"tel:+49 5439 80921-0\">call directly.<\/a><\/span><\/p>\t\t\t\t\t\t\t\t<\/div>\n\t\t\t\t<\/div>\n\t\t\t\t\t<\/div>\n\t\t<\/div>\n\t\t\t\t\t<\/div>\n\t\t<\/section>\n\t\t\t\t<\/div>","protected":false},"excerpt":{"rendered":"<p>Pumpenanfrage Was k\u00f6nnen wir f\u00fcr Sie tun? Wir freuen uns darauf, von Ihnen zu h\u00f6ren. Um Ihre Anfrage bestm\u00f6glich bearbeiten zu k\u00f6nnen, bitten wir Sie, uns eine E-Mail mit Ihren spezifischen Anforderungen zu senden. Wenn Sie uns bereits Informationen zu Ihrem Anwendungsfall, dem F\u00f6rdermedium und den relevanten Betriebsbedingungen mitteilen, k\u00f6nnen wir noch gezielter auf Ihre [&hellip;]<\/p>\n","protected":false},"author":1,"featured_media":0,"parent":0,"menu_order":80,"comment_status":"closed","ping_status":"closed","template":"elementor_header_footer","meta":{"footnotes":""},"class_list":["post-2234","page","type-page","status-publish","hentry"],"yoast_head":"<!-- This site is optimized with the Yoast SEO plugin v27.5 - https:\/\/yoast.com\/product\/yoast-seo-wordpress\/ -->\n<title>Produktanfrage - www.pump-products.de<\/title>\n<meta name=\"description\" content=\"Finden Sie hier die ideale L\u00f6sung f\u00fcr hygienische Pumpen-Anwendungen: Die Drehkolbenpumpe von Pump Products.\" \/>\n<meta name=\"robots\" content=\"index, follow, max-snippet:-1, max-image-preview:large, max-video-preview:-1\" \/>\n<link rel=\"canonical\" href=\"https:\/\/www.pump-products.de\/en\/produktanfrage\/\" \/>\n<meta property=\"og:locale\" content=\"en_GB\" \/>\n<meta property=\"og:type\" content=\"article\" \/>\n<meta property=\"og:title\" content=\"Produktanfrage - www.pump-products.de\" \/>\n<meta property=\"og:description\" content=\"Finden Sie hier die ideale L\u00f6sung f\u00fcr hygienische Pumpen-Anwendungen: Die Drehkolbenpumpe von Pump Products.\" \/>\n<meta property=\"og:url\" content=\"https:\/\/www.pump-products.de\/en\/produktanfrage\/\" \/>\n<meta property=\"og:site_name\" content=\"www.pump-products.de\" \/>\n<meta property=\"article:modified_time\" content=\"2025-09-18T07:40:14+00:00\" \/>\n<meta property=\"og:image\" content=\"https:\/\/www.pump-products.de\/wp-content\/uploads\/2023\/11\/MG_1227.jpg\" \/>\n<meta name=\"twitter:card\" content=\"summary_large_image\" \/>\n<meta name=\"twitter:label1\" content=\"Estimated reading time\" \/>\n\t<meta name=\"twitter:data1\" content=\"1 minute\" \/>\n<script type=\"application\/ld+json\" class=\"yoast-schema-graph\">{\"@context\":\"https:\\\/\\\/schema.org\",\"@graph\":[{\"@type\":\"WebPage\",\"@id\":\"https:\\\/\\\/www.pump-products.de\\\/produktanfrage\\\/\",\"url\":\"https:\\\/\\\/www.pump-products.de\\\/produktanfrage\\\/\",\"name\":\"Produktanfrage - www.pump-products.de\",\"isPartOf\":{\"@id\":\"https:\\\/\\\/www.pump-products.de\\\/#website\"},\"primaryImageOfPage\":{\"@id\":\"https:\\\/\\\/www.pump-products.de\\\/produktanfrage\\\/#primaryimage\"},\"image\":{\"@id\":\"https:\\\/\\\/www.pump-products.de\\\/produktanfrage\\\/#primaryimage\"},\"thumbnailUrl\":\"https:\\\/\\\/www.pump-products.de\\\/wp-content\\\/uploads\\\/2023\\\/11\\\/MG_1227.jpg\",\"datePublished\":\"2022-08-03T08:39:06+00:00\",\"dateModified\":\"2025-09-18T07:40:14+00:00\",\"description\":\"Finden Sie hier die ideale L\u00f6sung f\u00fcr hygienische Pumpen-Anwendungen: Die Drehkolbenpumpe von Pump Products.\",\"breadcrumb\":{\"@id\":\"https:\\\/\\\/www.pump-products.de\\\/produktanfrage\\\/#breadcrumb\"},\"inLanguage\":\"en-GB\",\"potentialAction\":[{\"@type\":\"ReadAction\",\"target\":[\"https:\\\/\\\/www.pump-products.de\\\/produktanfrage\\\/\"]}]},{\"@type\":\"ImageObject\",\"inLanguage\":\"en-GB\",\"@id\":\"https:\\\/\\\/www.pump-products.de\\\/produktanfrage\\\/#primaryimage\",\"url\":\"https:\\\/\\\/www.pump-products.de\\\/wp-content\\\/uploads\\\/2023\\\/11\\\/MG_1227.jpg\",\"contentUrl\":\"https:\\\/\\\/www.pump-products.de\\\/wp-content\\\/uploads\\\/2023\\\/11\\\/MG_1227.jpg\"},{\"@type\":\"BreadcrumbList\",\"@id\":\"https:\\\/\\\/www.pump-products.de\\\/produktanfrage\\\/#breadcrumb\",\"itemListElement\":[{\"@type\":\"ListItem\",\"position\":1,\"name\":\"Home\",\"item\":\"https:\\\/\\\/www.pump-products.de\\\/\"},{\"@type\":\"ListItem\",\"position\":2,\"name\":\"Produktanfrage\"}]},{\"@type\":\"WebSite\",\"@id\":\"https:\\\/\\\/www.pump-products.de\\\/#website\",\"url\":\"https:\\\/\\\/www.pump-products.de\\\/\",\"name\":\"www.pump-products.de\",\"description\":\"iPP Pump Products GmbH - Pumpenl\u00f6sungen aus Bersenbr\u00fcck f\u00fcr Lebensmittel-, Kosmetik-, Chemietechnik f\u00fcr Deutschland\",\"publisher\":{\"@id\":\"https:\\\/\\\/www.pump-products.de\\\/#organization\"},\"potentialAction\":[{\"@type\":\"SearchAction\",\"target\":{\"@type\":\"EntryPoint\",\"urlTemplate\":\"https:\\\/\\\/www.pump-products.de\\\/?s={search_term_string}\"},\"query-input\":{\"@type\":\"PropertyValueSpecification\",\"valueRequired\":true,\"valueName\":\"search_term_string\"}}],\"inLanguage\":\"en-GB\"},{\"@type\":\"Organization\",\"@id\":\"https:\\\/\\\/www.pump-products.de\\\/#organization\",\"name\":\"ipp Pump Products GmbH\",\"url\":\"https:\\\/\\\/www.pump-products.de\\\/\",\"logo\":{\"@type\":\"ImageObject\",\"inLanguage\":\"en-GB\",\"@id\":\"https:\\\/\\\/www.pump-products.de\\\/#\\\/schema\\\/logo\\\/image\\\/\",\"url\":\"https:\\\/\\\/www.pump-products.de\\\/wp-content\\\/uploads\\\/2022\\\/06\\\/PSGIPP-1.svg\",\"contentUrl\":\"https:\\\/\\\/www.pump-products.de\\\/wp-content\\\/uploads\\\/2022\\\/06\\\/PSGIPP-1.svg\",\"width\":258,\"height\":100,\"caption\":\"ipp Pump Products GmbH\"},\"image\":{\"@id\":\"https:\\\/\\\/www.pump-products.de\\\/#\\\/schema\\\/logo\\\/image\\\/\"}}]}<\/script>\n<!-- \/ Yoast SEO plugin. -->","yoast_head_json":{"title":"Produktanfrage - www.pump-products.de","description":"Finden Sie hier die ideale L\u00f6sung f\u00fcr hygienische Pumpen-Anwendungen: Die Drehkolbenpumpe von Pump Products.","robots":{"index":"index","follow":"follow","max-snippet":"max-snippet:-1","max-image-preview":"max-image-preview:large","max-video-preview":"max-video-preview:-1"},"canonical":"https:\/\/www.pump-products.de\/en\/produktanfrage\/","og_locale":"en_GB","og_type":"article","og_title":"Produktanfrage - www.pump-products.de","og_description":"Finden Sie hier die ideale L\u00f6sung f\u00fcr hygienische Pumpen-Anwendungen: Die Drehkolbenpumpe von Pump Products.","og_url":"https:\/\/www.pump-products.de\/en\/produktanfrage\/","og_site_name":"www.pump-products.de","article_modified_time":"2025-09-18T07:40:14+00:00","og_image":[{"url":"https:\/\/www.pump-products.de\/wp-content\/uploads\/2023\/11\/MG_1227.jpg","type":"","width":"","height":""}],"twitter_card":"summary_large_image","twitter_misc":{"Estimated reading time":"1 minute"},"schema":{"@context":"https:\/\/schema.org","@graph":[{"@type":"WebPage","@id":"https:\/\/www.pump-products.de\/produktanfrage\/","url":"https:\/\/www.pump-products.de\/produktanfrage\/","name":"Produktanfrage - www.pump-products.de","isPartOf":{"@id":"https:\/\/www.pump-products.de\/#website"},"primaryImageOfPage":{"@id":"https:\/\/www.pump-products.de\/produktanfrage\/#primaryimage"},"image":{"@id":"https:\/\/www.pump-products.de\/produktanfrage\/#primaryimage"},"thumbnailUrl":"https:\/\/www.pump-products.de\/wp-content\/uploads\/2023\/11\/MG_1227.jpg","datePublished":"2022-08-03T08:39:06+00:00","dateModified":"2025-09-18T07:40:14+00:00","description":"Finden Sie hier die ideale L\u00f6sung f\u00fcr hygienische Pumpen-Anwendungen: Die Drehkolbenpumpe von Pump Products.","breadcrumb":{"@id":"https:\/\/www.pump-products.de\/produktanfrage\/#breadcrumb"},"inLanguage":"en-GB","potentialAction":[{"@type":"ReadAction","target":["https:\/\/www.pump-products.de\/produktanfrage\/"]}]},{"@type":"ImageObject","inLanguage":"en-GB","@id":"https:\/\/www.pump-products.de\/produktanfrage\/#primaryimage","url":"https:\/\/www.pump-products.de\/wp-content\/uploads\/2023\/11\/MG_1227.jpg","contentUrl":"https:\/\/www.pump-products.de\/wp-content\/uploads\/2023\/11\/MG_1227.jpg"},{"@type":"BreadcrumbList","@id":"https:\/\/www.pump-products.de\/produktanfrage\/#breadcrumb","itemListElement":[{"@type":"ListItem","position":1,"name":"Home","item":"https:\/\/www.pump-products.de\/"},{"@type":"ListItem","position":2,"name":"Produktanfrage"}]},{"@type":"WebSite","@id":"https:\/\/www.pump-products.de\/#website","url":"https:\/\/www.pump-products.de\/","name":"www.pump-products.de","description":"iPP Pump Products GmbH - Pumpenl\u00f6sungen aus Bersenbr\u00fcck f\u00fcr Lebensmittel-, Kosmetik-, Chemietechnik f\u00fcr Deutschland","publisher":{"@id":"https:\/\/www.pump-products.de\/#organization"},"potentialAction":[{"@type":"SearchAction","target":{"@type":"EntryPoint","urlTemplate":"https:\/\/www.pump-products.de\/?s={search_term_string}"},"query-input":{"@type":"PropertyValueSpecification","valueRequired":true,"valueName":"search_term_string"}}],"inLanguage":"en-GB"},{"@type":"Organization","@id":"https:\/\/www.pump-products.de\/#organization","name":"ipp Pump Products GmbH","url":"https:\/\/www.pump-products.de\/","logo":{"@type":"ImageObject","inLanguage":"en-GB","@id":"https:\/\/www.pump-products.de\/#\/schema\/logo\/image\/","url":"https:\/\/www.pump-products.de\/wp-content\/uploads\/2022\/06\/PSGIPP-1.svg","contentUrl":"https:\/\/www.pump-products.de\/wp-content\/uploads\/2022\/06\/PSGIPP-1.svg","width":258,"height":100,"caption":"ipp Pump Products GmbH"},"image":{"@id":"https:\/\/www.pump-products.de\/#\/schema\/logo\/image\/"}}]}},"_links":{"self":[{"href":"https:\/\/www.pump-products.de\/en\/wp-json\/wp\/v2\/pages\/2234","targetHints":{"allow":["GET"]}}],"collection":[{"href":"https:\/\/www.pump-products.de\/en\/wp-json\/wp\/v2\/pages"}],"about":[{"href":"https:\/\/www.pump-products.de\/en\/wp-json\/wp\/v2\/types\/page"}],"author":[{"embeddable":true,"href":"https:\/\/www.pump-products.de\/en\/wp-json\/wp\/v2\/users\/1"}],"replies":[{"embeddable":true,"href":"https:\/\/www.pump-products.de\/en\/wp-json\/wp\/v2\/comments?post=2234"}],"version-history":[{"count":188,"href":"https:\/\/www.pump-products.de\/en\/wp-json\/wp\/v2\/pages\/2234\/revisions"}],"predecessor-version":[{"id":16495,"href":"https:\/\/www.pump-products.de\/en\/wp-json\/wp\/v2\/pages\/2234\/revisions\/16495"}],"wp:attachment":[{"href":"https:\/\/www.pump-products.de\/en\/wp-json\/wp\/v2\/media?parent=2234"}],"curies":[{"name":"wp","href":"https:\/\/api.w.org\/{rel}","templated":true}]}}