{"id":2159,"date":"2022-07-27T16:39:54","date_gmt":"2022-07-27T14:39:54","guid":{"rendered":"https:\/\/www.pump-products.de\/?page_id=2159"},"modified":"2025-09-18T09:44:44","modified_gmt":"2025-09-18T07:44:44","slug":"news","status":"publish","type":"page","link":"https:\/\/www.pump-products.de\/en\/unternehmen\/news\/","title":{"rendered":"News"},"content":{"rendered":"<div data-elementor-type=\"wp-page\" data-elementor-id=\"2159\" class=\"elementor elementor-2159\" data-elementor-post-type=\"page\">\n\t\t\t\t\t\t<section class=\"elementor-section elementor-top-section elementor-element elementor-element-72fc9054 elementor-section-height-min-height elementor-section-items-bottom elementor-section-boxed elementor-section-height-default\" data-id=\"72fc9054\" data-element_type=\"section\" data-e-type=\"section\" data-settings=\"{&quot;background_background&quot;:&quot;classic&quot;}\">\n\t\t\t\t\t\t\t<div class=\"elementor-background-overlay\"><\/div>\n\t\t\t\t\t\t\t<div class=\"elementor-container elementor-column-gap-default\">\n\t\t\t\t\t<div class=\"elementor-column elementor-col-100 elementor-top-column elementor-element elementor-element-490378f3\" data-id=\"490378f3\" data-element_type=\"column\" data-e-type=\"column\" data-settings=\"{&quot;background_background&quot;:&quot;classic&quot;}\">\n\t\t\t<div class=\"elementor-widget-wrap elementor-element-populated\">\n\t\t\t\t\t\t<div class=\"elementor-element elementor-element-534826e1 elementor-widget elementor-widget-heading\" data-id=\"534826e1\" data-element_type=\"widget\" data-e-type=\"widget\" data-widget_type=\"heading.default\">\n\t\t\t\t<div class=\"elementor-widget-container\">\n\t\t\t\t\t<h2 class=\"elementor-heading-title elementor-size-default\">News - ipp Pump Products<\/h2>\t\t\t\t<\/div>\n\t\t\t\t<\/div>\n\t\t\t\t\t<\/div>\n\t\t<\/div>\n\t\t\t\t\t<\/div>\n\t\t<\/section>\n\t\t\t\t<section class=\"elementor-section elementor-top-section elementor-element elementor-element-21ae515b elementor-section-boxed elementor-section-height-default elementor-section-height-default\" data-id=\"21ae515b\" data-element_type=\"section\" data-e-type=\"section\">\n\t\t\t\t\t\t<div class=\"elementor-container elementor-column-gap-default\">\n\t\t\t\t\t<div class=\"elementor-column elementor-col-100 elementor-top-column elementor-element elementor-element-66423cc8\" data-id=\"66423cc8\" data-element_type=\"column\" data-e-type=\"column\">\n\t\t\t<div class=\"elementor-widget-wrap elementor-element-populated\">\n\t\t\t\t\t\t<div class=\"elementor-element elementor-element-2b882703 elementor-widget elementor-widget-heading\" data-id=\"2b882703\" data-element_type=\"widget\" data-e-type=\"widget\" data-widget_type=\"heading.default\">\n\t\t\t\t<div class=\"elementor-widget-container\">\n\t\t\t\t\t<h1 class=\"elementor-heading-title elementor-size-default\">We are constantly developing ourselves and our products<\/h1>\t\t\t\t<\/div>\n\t\t\t\t<\/div>\n\t\t\t\t\t<\/div>\n\t\t<\/div>\n\t\t\t\t\t<\/div>\n\t\t<\/section>\n\t\t\t\t<section class=\"elementor-section elementor-top-section elementor-element elementor-element-2f8b6c6e elementor-section-boxed elementor-section-height-default elementor-section-height-default\" data-id=\"2f8b6c6e\" data-element_type=\"section\" data-e-type=\"section\">\n\t\t\t\t\t\t<div class=\"elementor-container elementor-column-gap-default\">\n\t\t\t\t\t<div class=\"elementor-column elementor-col-100 elementor-top-column elementor-element elementor-element-615fc8ac\" data-id=\"615fc8ac\" data-element_type=\"column\" data-e-type=\"column\">\n\t\t\t<div class=\"elementor-widget-wrap elementor-element-populated\">\n\t\t\t\t\t\t<div class=\"elementor-element elementor-element-3576c52c elementor-grid-3 elementor-grid-tablet-2 elementor-grid-mobile-1 elementor-posts--thumbnail-top elementor-widget elementor-widget-posts\" data-id=\"3576c52c\" data-element_type=\"widget\" data-e-type=\"widget\" data-settings=\"{&quot;pagination_type&quot;:&quot;load_more_infinite_scroll&quot;,&quot;classic_columns&quot;:&quot;3&quot;,&quot;classic_columns_tablet&quot;:&quot;2&quot;,&quot;classic_columns_mobile&quot;:&quot;1&quot;,&quot;classic_row_gap&quot;:{&quot;unit&quot;:&quot;px&quot;,&quot;size&quot;:35,&quot;sizes&quot;:[]},&quot;classic_row_gap_tablet&quot;:{&quot;unit&quot;:&quot;px&quot;,&quot;size&quot;:&quot;&quot;,&quot;sizes&quot;:[]},&quot;classic_row_gap_mobile&quot;:{&quot;unit&quot;:&quot;px&quot;,&quot;size&quot;:&quot;&quot;,&quot;sizes&quot;:[]},&quot;load_more_spinner&quot;:{&quot;value&quot;:&quot;fas fa-spinner&quot;,&quot;library&quot;:&quot;fa-solid&quot;}}\" data-widget_type=\"posts.classic\">\n\t\t\t\t<div class=\"elementor-widget-container\">\n\t\t\t\t\t\t\t<div class=\"elementor-posts-container elementor-posts elementor-posts--skin-classic elementor-grid\" role=\"list\">\n\t\t\t\t<article class=\"elementor-post elementor-grid-item post-16389 post type-post status-publish format-standard has-post-thumbnail hentry category-allgemein category-fachmesse category-startseite\" role=\"listitem\">\n\t\t\t\t<a class=\"elementor-post__thumbnail__link\" href=\"https:\/\/www.pump-products.de\/en\/prosweets-2026\/\" tabindex=\"-1\" >\n\t\t\t<div class=\"elementor-post__thumbnail\"><img fetchpriority=\"high\" decoding=\"async\" width=\"300\" height=\"300\" src=\"https:\/\/www.pump-products.de\/wp-content\/uploads\/2025\/03\/ProSweets_2026_EN.png\" class=\"attachment-medium size-medium wp-image-16373\" alt=\"\" srcset=\"https:\/\/www.pump-products.de\/wp-content\/uploads\/2025\/03\/ProSweets_2026_EN.png 471w, https:\/\/www.pump-products.de\/wp-content\/uploads\/2025\/03\/ProSweets_2026_EN-300x300.png 300w, https:\/\/www.pump-products.de\/wp-content\/uploads\/2025\/03\/ProSweets_2026_EN-150x150.png 150w, https:\/\/www.pump-products.de\/wp-content\/uploads\/2025\/03\/ProSweets_2026_EN-12x12.png 12w\" sizes=\"(max-width: 300px) 100vw, 300px\" \/><\/div>\n\t\t<\/a>\n\t\t\t\t<div class=\"elementor-post__text\">\n\t\t\t\t<h3 class=\"elementor-post__title\">\n\t\t\t<a href=\"https:\/\/www.pump-products.de\/en\/prosweets-2026\/\" >\n\t\t\t\tProSweets 2026\t\t\t<\/a>\n\t\t<\/h3>\n\t\t\t\t<div class=\"elementor-post__excerpt\">\n\t\t\t<p>the international supplier fair for the confectionery and snack industry in Cologne!<br \/>\n01.-04.02.2026<\/p>\n\t\t<\/div>\n\t\t\n\t\t<a class=\"elementor-post__read-more\" href=\"https:\/\/www.pump-products.de\/en\/prosweets-2026\/\" aria-label=\"Read more about ProSweets 2026\" tabindex=\"-1\" >\n\t\t\tRead more\t\t<\/a>\n\n\t\t\t\t<\/div>\n\t\t\t\t<\/article>\n\t\t\t\t<article class=\"elementor-post elementor-grid-item post-16643 post type-post status-publish format-standard has-post-thumbnail hentry category-allgemein category-startseite\" role=\"listitem\">\n\t\t\t\t<a class=\"elementor-post__thumbnail__link\" href=\"https:\/\/www.pump-products.de\/en\/psg-erweitert-portfolio-durch-akquisition-von-ipp-pump-products\/\" tabindex=\"-1\" >\n\t\t\t<div class=\"elementor-post__thumbnail\"><img decoding=\"async\" width=\"300\" height=\"300\" src=\"https:\/\/www.pump-products.de\/wp-content\/uploads\/2025\/10\/Bild-News-300x300.jpg\" class=\"attachment-medium size-medium wp-image-16644\" alt=\"\" srcset=\"https:\/\/www.pump-products.de\/wp-content\/uploads\/2025\/10\/Bild-News-300x300.jpg 300w, https:\/\/www.pump-products.de\/wp-content\/uploads\/2025\/10\/Bild-News-1024x1024.jpg 1024w, https:\/\/www.pump-products.de\/wp-content\/uploads\/2025\/10\/Bild-News-150x150.jpg 150w, https:\/\/www.pump-products.de\/wp-content\/uploads\/2025\/10\/Bild-News-768x768.jpg 768w, https:\/\/www.pump-products.de\/wp-content\/uploads\/2025\/10\/Bild-News-12x12.jpg 12w, https:\/\/www.pump-products.de\/wp-content\/uploads\/2025\/10\/Bild-News.jpg 1280w\" sizes=\"(max-width: 300px) 100vw, 300px\" \/><\/div>\n\t\t<\/a>\n\t\t\t\t<div class=\"elementor-post__text\">\n\t\t\t\t<h3 class=\"elementor-post__title\">\n\t\t\t<a href=\"https:\/\/www.pump-products.de\/en\/psg-erweitert-portfolio-durch-akquisition-von-ipp-pump-products\/\" >\n\t\t\t\tPSG expands portfolio with acquisition of ipp Pump Products\t\t\t<\/a>\n\t\t<\/h3>\n\t\t\t\t<div class=\"elementor-post__excerpt\">\n\t\t\t<p>We are proud to announce that PSG, a Dover company, has completed its acquisition of ipp Pump Products GmbH.<\/p>\n\t\t<\/div>\n\t\t\n\t\t<a class=\"elementor-post__read-more\" href=\"https:\/\/www.pump-products.de\/en\/psg-erweitert-portfolio-durch-akquisition-von-ipp-pump-products\/\" aria-label=\"Read more about PSG erweitert Portfolio durch Akquisition von ipp Pump Products\" tabindex=\"-1\" >\n\t\t\tRead more\t\t<\/a>\n\n\t\t\t\t<\/div>\n\t\t\t\t<\/article>\n\t\t\t\t<article class=\"elementor-post elementor-grid-item post-16370 post type-post status-publish format-standard has-post-thumbnail hentry category-allgemein category-fachmesse category-startseite\" role=\"listitem\">\n\t\t\t\t<a class=\"elementor-post__thumbnail__link\" href=\"https:\/\/www.pump-products.de\/en\/drinktec-2025\/\" tabindex=\"-1\" >\n\t\t\t<div class=\"elementor-post__thumbnail\"><img decoding=\"async\" width=\"300\" height=\"300\" src=\"https:\/\/www.pump-products.de\/wp-content\/uploads\/2025\/03\/Grafik-Website-Drinktec-Englisch.png\" class=\"attachment-medium size-medium wp-image-16371\" alt=\"\" srcset=\"https:\/\/www.pump-products.de\/wp-content\/uploads\/2025\/03\/Grafik-Website-Drinktec-Englisch.png 1080w, https:\/\/www.pump-products.de\/wp-content\/uploads\/2025\/03\/Grafik-Website-Drinktec-Englisch-300x300.png 300w, https:\/\/www.pump-products.de\/wp-content\/uploads\/2025\/03\/Grafik-Website-Drinktec-Englisch-1024x1024.png 1024w, https:\/\/www.pump-products.de\/wp-content\/uploads\/2025\/03\/Grafik-Website-Drinktec-Englisch-150x150.png 150w, https:\/\/www.pump-products.de\/wp-content\/uploads\/2025\/03\/Grafik-Website-Drinktec-Englisch-768x768.png 768w, https:\/\/www.pump-products.de\/wp-content\/uploads\/2025\/03\/Grafik-Website-Drinktec-Englisch-12x12.png 12w\" sizes=\"(max-width: 300px) 100vw, 300px\" \/><\/div>\n\t\t<\/a>\n\t\t\t\t<div class=\"elementor-post__text\">\n\t\t\t\t<h3 class=\"elementor-post__title\">\n\t\t\t<a href=\"https:\/\/www.pump-products.de\/en\/drinktec-2025\/\" >\n\t\t\t\tDrinktec 2025\t\t\t<\/a>\n\t\t<\/h3>\n\t\t\t\t<div class=\"elementor-post__excerpt\">\n\t\t\t<p>Visit us at DrinkTec 2025!<br \/>\nSeptember 15-19, 2025<br \/>\nHall B5  |  Booth: 502<\/p>\n\t\t<\/div>\n\t\t\n\t\t<a class=\"elementor-post__read-more\" href=\"https:\/\/www.pump-products.de\/en\/drinktec-2025\/\" aria-label=\"Read more about Drinktec 2025\" tabindex=\"-1\" >\n\t\t\tRead more\t\t<\/a>\n\n\t\t\t\t<\/div>\n\t\t\t\t<\/article>\n\t\t\t\t<\/div>\n\t\t\t\t\t<span class=\"e-load-more-spinner\">\n\t\t\t\t<i aria-hidden=\"true\" class=\"fas fa-spinner\"><\/i>\t\t\t<\/span>\n\t\t\n\t\t\t\t<div class=\"e-load-more-anchor\" data-page=\"1\" data-max-page=\"3\" data-next-page=\"https:\/\/www.pump-products.de\/en\/wp-json\/wp\/v2\/pages\/2159\/page\/2\/\"><\/div>\n\t\t\t\t<div class=\"e-load-more-message\"><\/div>\n\t\t\t\t\t\t<\/div>\n\t\t\t\t<\/div>\n\t\t\t\t\t<\/div>\n\t\t<\/div>\n\t\t\t\t\t<\/div>\n\t\t<\/section>\n\t\t\t\t<section class=\"elementor-section elementor-top-section elementor-element elementor-element-7453931d elementor-section-content-middle elementor-section-boxed elementor-section-height-default elementor-section-height-default\" data-id=\"7453931d\" data-element_type=\"section\" data-e-type=\"section\" data-settings=\"{&quot;background_background&quot;:&quot;classic&quot;}\">\n\t\t\t\t\t\t<div class=\"elementor-container elementor-column-gap-no\">\n\t\t\t\t\t<div class=\"elementor-column elementor-col-50 elementor-top-column elementor-element elementor-element-21c36117\" data-id=\"21c36117\" data-element_type=\"column\" data-e-type=\"column\">\n\t\t\t<div class=\"elementor-widget-wrap elementor-element-populated\">\n\t\t\t\t\t\t<div class=\"elementor-element elementor-element-693763de elementor-widget elementor-widget-image\" data-id=\"693763de\" data-element_type=\"widget\" data-e-type=\"widget\" data-widget_type=\"image.default\">\n\t\t\t\t<div class=\"elementor-widget-container\">\n\t\t\t\t\t\t\t\t\t\t\t\t\t\t\t<img loading=\"lazy\" decoding=\"async\" width=\"300\" height=\"200\" src=\"https:\/\/www.pump-products.de\/wp-content\/uploads\/2023\/11\/MG_1227.jpg\" class=\"attachment-medium size-medium wp-image-7590\" alt=\"Sandra Straub Assistentin der Gesch\u00e4ftsleitung\" srcset=\"https:\/\/www.pump-products.de\/wp-content\/uploads\/2023\/11\/MG_1227.jpg 300w, https:\/\/www.pump-products.de\/wp-content\/uploads\/2023\/11\/MG_1227-18x12.jpg 18w\" sizes=\"(max-width: 300px) 100vw, 300px\" \/>\t\t\t\t\t\t\t\t\t\t\t\t\t\t\t<\/div>\n\t\t\t\t<\/div>\n\t\t\t\t\t<\/div>\n\t\t<\/div>\n\t\t\t\t<div class=\"elementor-column elementor-col-50 elementor-top-column elementor-element elementor-element-62c2cb78\" data-id=\"62c2cb78\" data-element_type=\"column\" data-e-type=\"column\">\n\t\t\t<div class=\"elementor-widget-wrap elementor-element-populated\">\n\t\t\t\t\t\t<div class=\"elementor-element elementor-element-3d1e3905 elementor-widget elementor-widget-heading\" data-id=\"3d1e3905\" data-element_type=\"widget\" data-e-type=\"widget\" data-widget_type=\"heading.default\">\n\t\t\t\t<div class=\"elementor-widget-container\">\n\t\t\t\t\t<h5 class=\"elementor-heading-title elementor-size-default\">Contact person<\/h5>\t\t\t\t<\/div>\n\t\t\t\t<\/div>\n\t\t\t\t<div class=\"elementor-element elementor-element-10527811 elementor-widget elementor-widget-text-editor\" data-id=\"10527811\" data-element_type=\"widget\" data-e-type=\"widget\" data-widget_type=\"text-editor.default\">\n\t\t\t\t<div class=\"elementor-widget-container\">\n\t\t\t\t\t\t\t\t\t<p><strong>Sandra\u00a0Straub<\/strong><br \/>Executive Assistant<br \/><a href=\"tel:+49 5439 80921-0\"><strong>+49 5439 80921-0<\/strong><\/a><\/p>\t\t\t\t\t\t\t\t<\/div>\n\t\t\t\t<\/div>\n\t\t\t\t\t<\/div>\n\t\t<\/div>\n\t\t\t\t\t<\/div>\n\t\t<\/section>\n\t\t\t\t<section class=\"elementor-section elementor-top-section elementor-element elementor-element-43ae3dc0 elementor-section-height-min-height elementor-section-content-middle elementor-section-boxed elementor-section-height-default elementor-section-items-middle\" data-id=\"43ae3dc0\" data-element_type=\"section\" data-e-type=\"section\" data-settings=\"{&quot;background_background&quot;:&quot;classic&quot;,&quot;shape_divider_top&quot;:&quot;arrow&quot;}\">\n\t\t\t\t\t<div class=\"elementor-shape elementor-shape-top\" aria-hidden=\"true\" data-negative=\"false\">\n\t\t\t<svg xmlns=\"http:\/\/www.w3.org\/2000\/svg\" viewbox=\"0 0 700 10\" preserveaspectratio=\"none\">\n\t<path class=\"elementor-shape-fill\" d=\"M350,10L340,0h20L350,10z\"\/>\n<\/svg>\t\t<\/div>\n\t\t\t\t\t<div class=\"elementor-container elementor-column-gap-no\">\n\t\t\t\t\t<div class=\"elementor-column elementor-col-100 elementor-top-column elementor-element elementor-element-16c7f5ce\" data-id=\"16c7f5ce\" data-element_type=\"column\" data-e-type=\"column\">\n\t\t\t<div class=\"elementor-widget-wrap elementor-element-populated\">\n\t\t\t\t\t\t<div class=\"elementor-element elementor-element-716313a9 elementor-widget elementor-widget-text-editor\" data-id=\"716313a9\" data-element_type=\"widget\" data-e-type=\"widget\" data-widget_type=\"text-editor.default\">\n\t\t\t\t<div class=\"elementor-widget-container\">\n\t\t\t\t\t\t\t\t\t<p>Sandra Straub<a href=\"tel:+49 5439 80921-0\">\u00a0<span style=\"text-decoration: underline;\">call directly.<\/span><\/a><\/p>\t\t\t\t\t\t\t\t<\/div>\n\t\t\t\t<\/div>\n\t\t\t\t\t<\/div>\n\t\t<\/div>\n\t\t\t\t\t<\/div>\n\t\t<\/section>\n\t\t\t\t<\/div>","protected":false},"excerpt":{"rendered":"<p>News &#8211; ipp Pump Products Wir entwickeln uns und unsere Produkte stetig weiter Ihr Ansprechpartner Sandra\u00a0StraubAssistentin der Gesch\u00e4ftsleitung+49 5439 80921-0 Sandra Straub\u00a0direkt anrufen.<\/p>","protected":false},"author":1,"featured_media":0,"parent":35,"menu_order":15,"comment_status":"closed","ping_status":"closed","template":"elementor_header_footer","meta":{"footnotes":""},"class_list":["post-2159","page","type-page","status-publish","hentry"],"yoast_head":"<!-- This site is optimized with the Yoast SEO plugin v27.3 - https:\/\/yoast.com\/product\/yoast-seo-wordpress\/ -->\n<title>News - www.pump-products.de<\/title>\n<meta name=\"robots\" content=\"index, follow, max-snippet:-1, max-image-preview:large, max-video-preview:-1\" \/>\n<link rel=\"canonical\" href=\"https:\/\/www.pump-products.de\/en\/unternehmen\/news\/\" \/>\n<meta property=\"og:locale\" content=\"en_GB\" \/>\n<meta property=\"og:type\" content=\"article\" \/>\n<meta property=\"og:title\" content=\"News - www.pump-products.de\" \/>\n<meta property=\"og:description\" content=\"News &#8211; ipp Pump Products Wir entwickeln uns und unsere Produkte stetig weiter Ihr Ansprechpartner Sandra\u00a0StraubAssistentin der Gesch\u00e4ftsleitung+49 5439 80921-0 Sandra Straub\u00a0direkt anrufen.\" \/>\n<meta property=\"og:url\" content=\"https:\/\/www.pump-products.de\/en\/unternehmen\/news\/\" \/>\n<meta property=\"og:site_name\" content=\"www.pump-products.de\" \/>\n<meta property=\"article:modified_time\" content=\"2025-09-18T07:44:44+00:00\" \/>\n<meta property=\"og:image\" content=\"https:\/\/www.pump-products.de\/wp-content\/uploads\/2023\/11\/MG_1227.jpg\" \/>\n<meta name=\"twitter:card\" content=\"summary_large_image\" \/>\n<meta name=\"twitter:label1\" content=\"Estimated reading time\" \/>\n\t<meta name=\"twitter:data1\" content=\"2 minutes\" \/>\n<script type=\"application\/ld+json\" class=\"yoast-schema-graph\">{\"@context\":\"https:\\\/\\\/schema.org\",\"@graph\":[{\"@type\":\"WebPage\",\"@id\":\"https:\\\/\\\/www.pump-products.de\\\/unternehmen\\\/news\\\/\",\"url\":\"https:\\\/\\\/www.pump-products.de\\\/unternehmen\\\/news\\\/\",\"name\":\"News - www.pump-products.de\",\"isPartOf\":{\"@id\":\"https:\\\/\\\/www.pump-products.de\\\/#website\"},\"primaryImageOfPage\":{\"@id\":\"https:\\\/\\\/www.pump-products.de\\\/unternehmen\\\/news\\\/#primaryimage\"},\"image\":{\"@id\":\"https:\\\/\\\/www.pump-products.de\\\/unternehmen\\\/news\\\/#primaryimage\"},\"thumbnailUrl\":\"https:\\\/\\\/www.pump-products.de\\\/wp-content\\\/uploads\\\/2023\\\/11\\\/MG_1227.jpg\",\"datePublished\":\"2022-07-27T14:39:54+00:00\",\"dateModified\":\"2025-09-18T07:44:44+00:00\",\"breadcrumb\":{\"@id\":\"https:\\\/\\\/www.pump-products.de\\\/unternehmen\\\/news\\\/#breadcrumb\"},\"inLanguage\":\"en-GB\",\"potentialAction\":[{\"@type\":\"ReadAction\",\"target\":[\"https:\\\/\\\/www.pump-products.de\\\/unternehmen\\\/news\\\/\"]}]},{\"@type\":\"ImageObject\",\"inLanguage\":\"en-GB\",\"@id\":\"https:\\\/\\\/www.pump-products.de\\\/unternehmen\\\/news\\\/#primaryimage\",\"url\":\"https:\\\/\\\/www.pump-products.de\\\/wp-content\\\/uploads\\\/2023\\\/11\\\/MG_1227.jpg\",\"contentUrl\":\"https:\\\/\\\/www.pump-products.de\\\/wp-content\\\/uploads\\\/2023\\\/11\\\/MG_1227.jpg\"},{\"@type\":\"BreadcrumbList\",\"@id\":\"https:\\\/\\\/www.pump-products.de\\\/unternehmen\\\/news\\\/#breadcrumb\",\"itemListElement\":[{\"@type\":\"ListItem\",\"position\":1,\"name\":\"Home\",\"item\":\"https:\\\/\\\/www.pump-products.de\\\/\"},{\"@type\":\"ListItem\",\"position\":2,\"name\":\"Unternehmen\",\"item\":\"https:\\\/\\\/www.pump-products.de\\\/unternehmen\\\/\"},{\"@type\":\"ListItem\",\"position\":3,\"name\":\"News\"}]},{\"@type\":\"WebSite\",\"@id\":\"https:\\\/\\\/www.pump-products.de\\\/#website\",\"url\":\"https:\\\/\\\/www.pump-products.de\\\/\",\"name\":\"www.pump-products.de\",\"description\":\"iPP Pump Products GmbH - Pumpenl\u00f6sungen aus Bersenbr\u00fcck f\u00fcr Lebensmittel-, Kosmetik-, Chemietechnik f\u00fcr Deutschland\",\"publisher\":{\"@id\":\"https:\\\/\\\/www.pump-products.de\\\/#organization\"},\"potentialAction\":[{\"@type\":\"SearchAction\",\"target\":{\"@type\":\"EntryPoint\",\"urlTemplate\":\"https:\\\/\\\/www.pump-products.de\\\/?s={search_term_string}\"},\"query-input\":{\"@type\":\"PropertyValueSpecification\",\"valueRequired\":true,\"valueName\":\"search_term_string\"}}],\"inLanguage\":\"en-GB\"},{\"@type\":\"Organization\",\"@id\":\"https:\\\/\\\/www.pump-products.de\\\/#organization\",\"name\":\"ipp Pump Products GmbH\",\"url\":\"https:\\\/\\\/www.pump-products.de\\\/\",\"logo\":{\"@type\":\"ImageObject\",\"inLanguage\":\"en-GB\",\"@id\":\"https:\\\/\\\/www.pump-products.de\\\/#\\\/schema\\\/logo\\\/image\\\/\",\"url\":\"https:\\\/\\\/www.pump-products.de\\\/wp-content\\\/uploads\\\/2022\\\/06\\\/PSGIPP-1.svg\",\"contentUrl\":\"https:\\\/\\\/www.pump-products.de\\\/wp-content\\\/uploads\\\/2022\\\/06\\\/PSGIPP-1.svg\",\"width\":258,\"height\":100,\"caption\":\"ipp Pump Products GmbH\"},\"image\":{\"@id\":\"https:\\\/\\\/www.pump-products.de\\\/#\\\/schema\\\/logo\\\/image\\\/\"}}]}<\/script>\n<!-- \/ Yoast SEO plugin. -->","yoast_head_json":{"title":"News - www.pump-products.de","robots":{"index":"index","follow":"follow","max-snippet":"max-snippet:-1","max-image-preview":"max-image-preview:large","max-video-preview":"max-video-preview:-1"},"canonical":"https:\/\/www.pump-products.de\/en\/unternehmen\/news\/","og_locale":"en_GB","og_type":"article","og_title":"News - www.pump-products.de","og_description":"News &#8211; ipp Pump Products Wir entwickeln uns und unsere Produkte stetig weiter Ihr Ansprechpartner Sandra\u00a0StraubAssistentin der Gesch\u00e4ftsleitung+49 5439 80921-0 Sandra Straub\u00a0direkt anrufen.","og_url":"https:\/\/www.pump-products.de\/en\/unternehmen\/news\/","og_site_name":"www.pump-products.de","article_modified_time":"2025-09-18T07:44:44+00:00","og_image":[{"url":"https:\/\/www.pump-products.de\/wp-content\/uploads\/2023\/11\/MG_1227.jpg","type":"","width":"","height":""}],"twitter_card":"summary_large_image","twitter_misc":{"Estimated reading time":"2 minutes"},"schema":{"@context":"https:\/\/schema.org","@graph":[{"@type":"WebPage","@id":"https:\/\/www.pump-products.de\/unternehmen\/news\/","url":"https:\/\/www.pump-products.de\/unternehmen\/news\/","name":"News - www.pump-products.de","isPartOf":{"@id":"https:\/\/www.pump-products.de\/#website"},"primaryImageOfPage":{"@id":"https:\/\/www.pump-products.de\/unternehmen\/news\/#primaryimage"},"image":{"@id":"https:\/\/www.pump-products.de\/unternehmen\/news\/#primaryimage"},"thumbnailUrl":"https:\/\/www.pump-products.de\/wp-content\/uploads\/2023\/11\/MG_1227.jpg","datePublished":"2022-07-27T14:39:54+00:00","dateModified":"2025-09-18T07:44:44+00:00","breadcrumb":{"@id":"https:\/\/www.pump-products.de\/unternehmen\/news\/#breadcrumb"},"inLanguage":"en-GB","potentialAction":[{"@type":"ReadAction","target":["https:\/\/www.pump-products.de\/unternehmen\/news\/"]}]},{"@type":"ImageObject","inLanguage":"en-GB","@id":"https:\/\/www.pump-products.de\/unternehmen\/news\/#primaryimage","url":"https:\/\/www.pump-products.de\/wp-content\/uploads\/2023\/11\/MG_1227.jpg","contentUrl":"https:\/\/www.pump-products.de\/wp-content\/uploads\/2023\/11\/MG_1227.jpg"},{"@type":"BreadcrumbList","@id":"https:\/\/www.pump-products.de\/unternehmen\/news\/#breadcrumb","itemListElement":[{"@type":"ListItem","position":1,"name":"Home","item":"https:\/\/www.pump-products.de\/"},{"@type":"ListItem","position":2,"name":"Unternehmen","item":"https:\/\/www.pump-products.de\/unternehmen\/"},{"@type":"ListItem","position":3,"name":"News"}]},{"@type":"WebSite","@id":"https:\/\/www.pump-products.de\/#website","url":"https:\/\/www.pump-products.de\/","name":"www.pump-products.de","description":"iPP Pump Products GmbH - Pumpenl\u00f6sungen aus Bersenbr\u00fcck f\u00fcr Lebensmittel-, Kosmetik-, Chemietechnik f\u00fcr Deutschland","publisher":{"@id":"https:\/\/www.pump-products.de\/#organization"},"potentialAction":[{"@type":"SearchAction","target":{"@type":"EntryPoint","urlTemplate":"https:\/\/www.pump-products.de\/?s={search_term_string}"},"query-input":{"@type":"PropertyValueSpecification","valueRequired":true,"valueName":"search_term_string"}}],"inLanguage":"en-GB"},{"@type":"Organization","@id":"https:\/\/www.pump-products.de\/#organization","name":"ipp Pump Products GmbH","url":"https:\/\/www.pump-products.de\/","logo":{"@type":"ImageObject","inLanguage":"en-GB","@id":"https:\/\/www.pump-products.de\/#\/schema\/logo\/image\/","url":"https:\/\/www.pump-products.de\/wp-content\/uploads\/2022\/06\/PSGIPP-1.svg","contentUrl":"https:\/\/www.pump-products.de\/wp-content\/uploads\/2022\/06\/PSGIPP-1.svg","width":258,"height":100,"caption":"ipp Pump Products GmbH"},"image":{"@id":"https:\/\/www.pump-products.de\/#\/schema\/logo\/image\/"}}]}},"_links":{"self":[{"href":"https:\/\/www.pump-products.de\/en\/wp-json\/wp\/v2\/pages\/2159","targetHints":{"allow":["GET"]}}],"collection":[{"href":"https:\/\/www.pump-products.de\/en\/wp-json\/wp\/v2\/pages"}],"about":[{"href":"https:\/\/www.pump-products.de\/en\/wp-json\/wp\/v2\/types\/page"}],"author":[{"embeddable":true,"href":"https:\/\/www.pump-products.de\/en\/wp-json\/wp\/v2\/users\/1"}],"replies":[{"embeddable":true,"href":"https:\/\/www.pump-products.de\/en\/wp-json\/wp\/v2\/comments?post=2159"}],"version-history":[{"count":61,"href":"https:\/\/www.pump-products.de\/en\/wp-json\/wp\/v2\/pages\/2159\/revisions"}],"predecessor-version":[{"id":16499,"href":"https:\/\/www.pump-products.de\/en\/wp-json\/wp\/v2\/pages\/2159\/revisions\/16499"}],"up":[{"embeddable":true,"href":"https:\/\/www.pump-products.de\/en\/wp-json\/wp\/v2\/pages\/35"}],"wp:attachment":[{"href":"https:\/\/www.pump-products.de\/en\/wp-json\/wp\/v2\/media?parent=2159"}],"curies":[{"name":"wp","href":"https:\/\/api.w.org\/{rel}","templated":true}]}}